{"id":1378,"date":"2018-08-28T09:53:13","date_gmt":"2018-08-28T09:53:13","guid":{"rendered":"http:\/\/localhost\/wordpress\/?page_id=1378"},"modified":"2026-02-24T10:28:46","modified_gmt":"2026-02-24T15:28:46","slug":"about-us","status":"publish","type":"page","link":"https:\/\/arisf.ca\/fr\/about-us\/","title":{"rendered":"\u00c0 propos de nous"},"content":{"rendered":"<section class=\"wpb-content-wrapper\"><div class=\"vc_row wpb_row vc_row-fluid\"><div class=\"wpb_column vc_column_container vc_col-sm-12\"><div class=\"vc_column-inner\"><div class=\"wpb_wrapper\">\n\t<div class=\"wpb_raw_code wpb_content_element wpb_raw_html\" >\n\t\t<div class=\"wpb_wrapper\">\n\t\t\t<div class=\"_df_book df-lite\" id=\"df_3472\"  _slug=\"report\" data-title=\"report\" wpoptions=\"true\" thumbtype=\"\" ><\/div><script class=\"df-shortcode-script\" nowprocket type=\"application\/javascript\">window.option_df_3472 = {\"outline\":[],\"autoEnableOutline\":\"false\",\"autoEnableThumbnail\":\"false\",\"overwritePDFOutline\":\"false\",\"direction\":\"1\",\"pageSize\":\"0\",\"source\":\"https:\\\/\\\/arisf.ca\\\/wp-content\\\/uploads\\\/sites\\\/4\\\/2026\\\/01\\\/Rapport-annuel-2025-2_compressed.pdf\",\"wpOptions\":\"true\"}; if(window.DFLIP && window.DFLIP.parseBooks){window.DFLIP.parseBooks();}<\/script>\n\t\t<\/div>\n\t<\/div>\n<div class=\"vc_empty_space\"   style=\"height: 45px\"><span class=\"vc_empty_space_inner\"><\/span><\/div><div class=\"vc_row wpb_row vc_inner vc_row-fluid\"><div class=\"wpb_column vc_column_container vc_col-sm-4\"><div class=\"vc_column-inner\"><div class=\"wpb_wrapper\"><\/div><\/div><\/div><div class=\"wpb_column vc_column_container vc_col-sm-4\"><div class=\"vc_column-inner\"><div class=\"wpb_wrapper\">\n\t<div class=\"wpb_raw_code wpb_content_element wpb_raw_html\" >\n\t\t<div class=\"wpb_wrapper\">\n\t\t\t<iframe loading=\"lazy\" width=\"560\" height=\"315\" src=\"https:\/\/www.youtube.com\/embed\/rcaUDuQfcSs?si=C9yjopJinaTgdCrJ\" title=\"YouTube video player\" frameborder=\"0\" allow=\"accelerometer; autoplay; clipboard-write; encrypted-media; gyroscope; picture-in-picture; web-share\" allowfullscreen><\/iframe>\n\t\t<\/div>\n\t<\/div>\n<\/div><\/div><\/div><div class=\"wpb_column vc_column_container vc_col-sm-4\"><div class=\"vc_column-inner\"><div class=\"wpb_wrapper\"><\/div><\/div><\/div><\/div><\/div><\/div><\/div><\/div><div data-vc-full-width=\"true\" data-vc-full-width-init=\"false\" class=\"vc_row wpb_row vc_row-fluid vc_custom_1696269596210\"><div class=\"wpb_column vc_column_container vc_col-sm-12\"><div class=\"vc_column-inner\"><div class=\"wpb_wrapper\"><div class=\"vc_empty_space\"   style=\"height: 45px\"><span class=\"vc_empty_space_inner\"><\/span><\/div><div class=\"vc_row wpb_row vc_inner vc_row-fluid\"><div class=\"wpb_column vc_column_container vc_col-sm-12 vc_col-lg-offset-1 vc_col-lg-10\"><div class=\"vc_column-inner\"><div class=\"wpb_wrapper\"><div class=\"red-heading vc_custom_1768398814708 layout-default text-center\"><h2 class=\"heading\" style=\"font-size: 44px;line-height: 57px;letter-spacing:-0.06em\"><span class=\"style5\">Une expertise mondiale pour un impact local.<\/span> <\/h2><\/div><\/div><\/div><\/div><\/div><div class=\"vc_empty_space\"   style=\"height: 15px\"><span class=\"vc_empty_space_inner\"><\/span><\/div><div class=\"vc_row wpb_row vc_inner vc_row-fluid vc_custom_1696265514518\"><div class=\"wpb_column vc_column_container vc_col-sm-12\"><div class=\"vc_column-inner vc_custom_1534301802058\"><div class=\"wpb_wrapper\">\r\n\t<div class=\"wpb_text_column wpb_content_element  vc_custom_1768398868718\">\r\n\t\t<div class=\"wpb_wrapper\" style=\"font-size:16px;line-height:28px;color:#0a0a0a;letter-spacing:-0.03em\">\r\n\t\t\t<p data-start=\"115\" data-end=\"404\">Depuis 2017, l\u2019ARISF (Association des R\u00e9fugi\u00e9s et Immigr\u00e9s Sans Fronti\u00e8res) op\u00e8re dans 9 pays, transformant le parcours migratoire en succ\u00e8s entrepreneurial. Incorpor\u00e9s au Canada depuis 2023, nous avons choisi la r\u00e9gion de la capitale nationale pour implanter notre vision.<\/p>\n<p>Apr\u00e8s une phase de restructuration strat\u00e9gique, nous sommes fiers de vous accueillir dans nos nouveaux bureaux d'Overbrook-Vanier (Ottawa) et de renforcer notre pr\u00e9sence \u00e0 Gatineau.<\/p>\n<p><strong>Notre Mission:<\/strong> Briser l'isolement et propulser les talents issus de la diversit\u00e9 par l'entreprenariat, le mentorat et les c\u00e9l\u00e9brations culturelles.<\/p>\n<h2 data-start=\"131\" data-end=\"164\"><strong data-start=\"134\" data-end=\"164\">Nos Domaines d'Intervention:<\/strong><\/h2>\n<h3 data-start=\"166\" data-end=\"209\"><strong data-start=\"170\" data-end=\"207\">1. Gestion des Loisirs et de la Culture<\/strong><\/h3>\n<p data-start=\"210\" data-end=\"343\">C\u2019est le c\u0153ur de notre dynamisme. Nous utilisons les loisirs et les arts comme vecteurs de coh\u00e9sion sociale et d'\u00e9panouissement personnel.<\/p>\n<ul data-start=\"345\" data-end=\"738\">\n<li data-start=\"345\" data-end=\"470\">\n<p data-start=\"347\" data-end=\"470\"><strong data-start=\"347\" data-end=\"393\">Organisation du Festival \"Petit Open\":<\/strong> Une vitrine majeure pour les talents et la diversit\u00e9 culturelle \u00e0 Ottawa et Gatineau.<\/p>\n<\/li>\n<li data-start=\"471\" data-end=\"611\">\n<p data-start=\"473\" data-end=\"611\"><strong data-start=\"473\" data-end=\"507\">Activit\u00e9s socio-r\u00e9cr\u00e9atives:<\/strong> Sorties, \u00e9v\u00e9nements sportifs et rencontres culturelles pour favoriser le brassage communautaire.<\/p>\n<\/li>\n<li data-start=\"612\" data-end=\"738\">\n<p data-start=\"614\" data-end=\"738\"><strong data-start=\"614\" data-end=\"640\">Promotion des Arts:<\/strong> Soutien aux artistes immigrants pour la diffusion de leurs \u0153uvres et la pr\u00e9servation de leur patrimoine culturel.<\/p>\n<\/li>\n<\/ul>\n<hr data-start=\"740\" data-end=\"743\" \/>\n<h3 data-start=\"745\" data-end=\"789\"><strong data-start=\"749\" data-end=\"787\">2. Entrepreneuriat et Mentorat<\/strong><\/h3>\n<p data-start=\"790\" data-end=\"866\">Nous transformons le potentiel des nouveaux arrivants en succ\u00e8s \u00e9conomique durable.<\/p>\n<ul data-start=\"868\" data-end=\"1198\">\n<li data-start=\"868\" data-end=\"985\">\n<p data-start=\"870\" data-end=\"985\"><strong data-start=\"870\" data-end=\"899\">Formation Entrepreneuriale:<\/strong> Accompagnement dans la cr\u00e9ation et la gestion d'entreprise (plans d'affaires, marketing, fiscalit\u00e9).<\/p>\n<\/li>\n<li data-start=\"986\" data-end=\"1102\">\n<p data-start=\"988\" data-end=\"1102\"><strong data-start=\"988\" data-end=\"1011\">Programme de Mentorat:<\/strong> Jumelage entre entrepreneurs chevronn\u00e9s et porteurs de projets pour un transfert de comp\u00e9tences direct.<\/p>\n<\/li>\n<li data-start=\"1103\" data-end=\"1198\">\n<p data-start=\"1105\" data-end=\"1198\"><strong data-start=\"1105\" data-end=\"1129\">R\u00e9seautage d'affaires:<\/strong> Cr\u00e9ation d'opportunit\u00e9s de rencontres avec les partenaires \u00e9conomiques de la r\u00e9gion.<\/p>\n<\/li>\n<\/ul>\n<hr data-start=\"1200\" data-end=\"1203\" \/>\n<h3 data-start=\"1205\" data-end=\"1249\"><strong data-start=\"1209\" data-end=\"1247\">3. Accueil et Int\u00e9gration Socio-\u00e9conomique<\/strong><\/h3>\n<p data-start=\"1250\" data-end=\"1329\">Un accompagnement de proximit\u00e9 pour une installation r\u00e9ussie dans la r\u00e9gion de la capitale nationale.<\/p>\n<ul data-start=\"1331\" data-end=\"1568\">\n<li data-start=\"1331\" data-end=\"1465\">\n<p data-start=\"1333\" data-end=\"1465\"><strong data-start=\"1333\" data-end=\"1364\">Orientation et \u00c9tablissement:<\/strong> Aide personnalis\u00e9e pour naviguer dans le syst\u00e8me administratif et social en Ontario et au Qu\u00e9bec.<\/p>\n<\/li>\n<li data-start=\"1466\" data-end=\"1568\">\n<p data-start=\"1468\" data-end=\"1568\"><strong data-start=\"1468\" data-end=\"1501\">Ateliers d'\u00e9change communautaire:<\/strong> Espaces de dialogue pour partager les exp\u00e9riences et briser l'isolement.<\/p>\n<\/li>\n<\/ul>\n<hr data-start=\"1570\" data-end=\"1573\" \/>\n<h3 data-start=\"1575\" data-end=\"1610\"><strong data-start=\"1579\" data-end=\"1608\">4. Plaidoyer et Sensibilisation<\/strong><\/h3>\n<p data-start=\"1611\" data-end=\"1659\">Nous portons la voix des communaut\u00e9s issues de l'immigration.<\/p>\n<ul data-start=\"1661\" data-end=\"1834\">\n<li data-start=\"1661\" data-end=\"1759\">\n<p data-start=\"1663\" data-end=\"1759\"><strong data-start=\"1663\" data-end=\"1683\">Sensibilisation locale:<\/strong> \u00c9ducation du public sur les richesses de l'immigration.<\/p>\n<\/li>\n<li data-start=\"1760\" data-end=\"1834\">\n<p data-start=\"1762\" data-end=\"1834\"><strong data-start=\"1762\" data-end=\"1783\">Inclusion sociale:<\/strong> Promotion de l'acc\u00e8s \u00e9quitable aux ressources pour tous.<\/p>\n<\/li>\n<\/ul>\n\r\n\t\t<\/div>\r\n\t<\/div>\r\n<\/div><\/div><\/div><\/div><\/div><\/div><\/div><\/div><div class=\"vc_row-full-width vc_clearfix\"><\/div><div class=\"vc_row wpb_row vc_row-fluid\"><div class=\"wpb_column vc_column_container vc_col-sm-12\"><div class=\"vc_column-inner\"><div class=\"wpb_wrapper\"><div class=\"vc_empty_space\"   style=\"height: 32px\"><span class=\"vc_empty_space_inner\"><\/span><\/div><\/div><\/div><\/div><\/div><div class=\"vc_row wpb_row vc_row-fluid\"><div class=\"wpb_column vc_column_container vc_col-sm-12\"><div class=\"vc_column-inner\"><div class=\"wpb_wrapper\">\r\n\t<div class=\"wpb_text_column wpb_content_element\">\r\n\t\t<div class=\"wpb_wrapper\">\r\n\t\t\t<h1 style=\"text-align: center\"><strong><span style=\"color: #000000\">Partenaires<\/span><\/strong><\/h1>\n\r\n\t\t<\/div>\r\n\t<\/div>\r\n<\/div><\/div><\/div><\/div><div class=\"vc_row wpb_row vc_row-fluid\"><div class=\"wpb_column vc_column_container vc_col-sm-12\"><div class=\"vc_column-inner\"><div class=\"wpb_wrapper\"><div class=\"vc_empty_space\"   style=\"height: 32px\"><span class=\"vc_empty_space_inner\"><\/span><\/div><\/div><\/div><\/div><\/div><div class=\"vc_row wpb_row vc_row-fluid vc_row-o-content-middle vc_row-flex\"><div class=\"wpb_column vc_column_container vc_col-sm-3\"><div class=\"vc_column-inner\"><div class=\"wpb_wrapper\">\n\t<div  class=\"wpb_single_image wpb_content_element vc_align_center\">\n\t\t\n\t\t<figure class=\"wpb_wrapper vc_figure\">\n\t\t\t<div class=\"vc_single_image-wrapper   vc_box_border_grey\"><img loading=\"lazy\" decoding=\"async\" class=\"vc_single_image-img\" src=\"https:\/\/arisf.ca\/wp-content\/uploads\/sites\/4\/2024\/12\/WhatsApp-Image-2024-11-19-at-12.15.03-1-Photoroom-250x250.png\" width=\"250\" height=\"250\" alt=\"WhatsApp Image 2024-11-19 at 12.15.03 (1)-Photoroom\" title=\"WhatsApp Image 2024-11-19 at 12.15.03 (1)-Photoroom\" \/><\/div>\n\t\t<\/figure>\n\t<\/div>\n<\/div><\/div><\/div><div class=\"wpb_column vc_column_container vc_col-sm-3\"><div class=\"vc_column-inner\"><div class=\"wpb_wrapper\">\n\t<div  class=\"wpb_single_image wpb_content_element vc_align_center\">\n\t\t\n\t\t<figure class=\"wpb_wrapper vc_figure\">\n\t\t\t<div class=\"vc_single_image-wrapper   vc_box_border_grey\"><img loading=\"lazy\" decoding=\"async\" width=\"555\" height=\"125\" src=\"https:\/\/arisf.ca\/wp-content\/uploads\/sites\/4\/2024\/12\/NEWCODEXRecurso-1-8-555x125.png\" class=\"vc_single_image-img attachment-medium\" alt=\"\" title=\"NEWCODEXRecurso 1-8\" srcset=\"https:\/\/arisf.ca\/wp-content\/uploads\/sites\/4\/2024\/12\/NEWCODEXRecurso-1-8-555x125.png 555w, https:\/\/arisf.ca\/wp-content\/uploads\/sites\/4\/2024\/12\/NEWCODEXRecurso-1-8-1170x264.png 1170w, https:\/\/arisf.ca\/wp-content\/uploads\/sites\/4\/2024\/12\/NEWCODEXRecurso-1-8-370x84.png 370w, https:\/\/arisf.ca\/wp-content\/uploads\/sites\/4\/2024\/12\/NEWCODEXRecurso-1-8-768x173.png 768w, https:\/\/arisf.ca\/wp-content\/uploads\/sites\/4\/2024\/12\/NEWCODEXRecurso-1-8-1536x347.png 1536w, https:\/\/arisf.ca\/wp-content\/uploads\/sites\/4\/2024\/12\/NEWCODEXRecurso-1-8-18x4.png 18w, https:\/\/arisf.ca\/wp-content\/uploads\/sites\/4\/2024\/12\/NEWCODEXRecurso-1-8.png 1722w\" sizes=\"(max-width: 555px) 100vw, 555px\" \/><\/div>\n\t\t<\/figure>\n\t<\/div>\n<\/div><\/div><\/div><div class=\"wpb_column vc_column_container vc_col-sm-3\"><div class=\"vc_column-inner\"><div class=\"wpb_wrapper\">\n\t<div  class=\"wpb_single_image wpb_content_element vc_align_center\">\n\t\t\n\t\t<figure class=\"wpb_wrapper vc_figure\">\n\t\t\t<div class=\"vc_single_image-wrapper   vc_box_border_grey\"><img loading=\"lazy\" decoding=\"async\" width=\"555\" height=\"217\" src=\"https:\/\/arisf.ca\/wp-content\/uploads\/sites\/4\/2026\/02\/WhatsApp-Image-2026-02-23-at-08.03.16-Photoroom-555x217.png\" class=\"vc_single_image-img attachment-medium\" alt=\"\" title=\"WhatsApp Image 2026-02-23 at 08.03.16-Photoroom\" srcset=\"https:\/\/arisf.ca\/wp-content\/uploads\/sites\/4\/2026\/02\/WhatsApp-Image-2026-02-23-at-08.03.16-Photoroom-555x217.png 555w, https:\/\/arisf.ca\/wp-content\/uploads\/sites\/4\/2026\/02\/WhatsApp-Image-2026-02-23-at-08.03.16-Photoroom-1170x457.png 1170w, https:\/\/arisf.ca\/wp-content\/uploads\/sites\/4\/2026\/02\/WhatsApp-Image-2026-02-23-at-08.03.16-Photoroom-370x145.png 370w, https:\/\/arisf.ca\/wp-content\/uploads\/sites\/4\/2026\/02\/WhatsApp-Image-2026-02-23-at-08.03.16-Photoroom-768x300.png 768w, https:\/\/arisf.ca\/wp-content\/uploads\/sites\/4\/2026\/02\/WhatsApp-Image-2026-02-23-at-08.03.16-Photoroom-18x7.png 18w, https:\/\/arisf.ca\/wp-content\/uploads\/sites\/4\/2026\/02\/WhatsApp-Image-2026-02-23-at-08.03.16-Photoroom.png 1280w\" sizes=\"(max-width: 555px) 100vw, 555px\" \/><\/div>\n\t\t<\/figure>\n\t<\/div>\n<\/div><\/div><\/div><div class=\"wpb_column vc_column_container vc_col-sm-3\"><div class=\"vc_column-inner\"><div class=\"wpb_wrapper\">\n\t<div  class=\"wpb_single_image wpb_content_element vc_align_center\">\n\t\t\n\t\t<figure class=\"wpb_wrapper vc_figure\">\n\t\t\t<div class=\"vc_single_image-wrapper   vc_box_border_grey\"><img loading=\"lazy\" decoding=\"async\" width=\"217\" height=\"230\" src=\"https:\/\/arisf.ca\/wp-content\/uploads\/sites\/4\/2026\/02\/WhatsApp-Image-2026-02-23-at-08.07.16-Photoroom.png\" class=\"vc_single_image-img attachment-medium\" alt=\"\" title=\"WhatsApp Image 2026-02-23 at 08.07.16-Photoroom\" srcset=\"https:\/\/arisf.ca\/wp-content\/uploads\/sites\/4\/2026\/02\/WhatsApp-Image-2026-02-23-at-08.07.16-Photoroom.png 217w, https:\/\/arisf.ca\/wp-content\/uploads\/sites\/4\/2026\/02\/WhatsApp-Image-2026-02-23-at-08.07.16-Photoroom-11x12.png 11w\" sizes=\"(max-width: 217px) 100vw, 217px\" \/><\/div>\n\t\t<\/figure>\n\t<\/div>\n<\/div><\/div><\/div><\/div><div class=\"vc_row wpb_row vc_row-fluid\"><div class=\"wpb_column vc_column_container vc_col-sm-12\"><div class=\"vc_column-inner\"><div class=\"wpb_wrapper\"><div class=\"vc_empty_space\"   style=\"height: 32px\"><span class=\"vc_empty_space_inner\"><\/span><\/div><\/div><\/div><\/div><\/div><div class=\"vc_row wpb_row vc_row-fluid vc_row-o-content-middle vc_row-flex\"><div class=\"wpb_column vc_column_container vc_col-sm-3\"><div class=\"vc_column-inner\"><div class=\"wpb_wrapper\">\n\t<div  class=\"wpb_single_image wpb_content_element vc_align_center\">\n\t\t\n\t\t<figure class=\"wpb_wrapper vc_figure\">\n\t\t\t<div class=\"vc_single_image-wrapper   vc_box_border_grey\"><img loading=\"lazy\" decoding=\"async\" width=\"664\" height=\"300\" src=\"https:\/\/arisf.ca\/wp-content\/uploads\/sites\/4\/2026\/02\/WhatsApp-Image-2026-02-23-at-08.07.15-Photoroom.png\" class=\"vc_single_image-img attachment-full\" alt=\"\" title=\"WhatsApp Image 2026-02-23 at 08.07.15-Photoroom\" srcset=\"https:\/\/arisf.ca\/wp-content\/uploads\/sites\/4\/2026\/02\/WhatsApp-Image-2026-02-23-at-08.07.15-Photoroom.png 664w, https:\/\/arisf.ca\/wp-content\/uploads\/sites\/4\/2026\/02\/WhatsApp-Image-2026-02-23-at-08.07.15-Photoroom-555x251.png 555w, https:\/\/arisf.ca\/wp-content\/uploads\/sites\/4\/2026\/02\/WhatsApp-Image-2026-02-23-at-08.07.15-Photoroom-370x167.png 370w, https:\/\/arisf.ca\/wp-content\/uploads\/sites\/4\/2026\/02\/WhatsApp-Image-2026-02-23-at-08.07.15-Photoroom-18x8.png 18w\" sizes=\"(max-width: 664px) 100vw, 664px\" \/><\/div>\n\t\t<\/figure>\n\t<\/div>\n<\/div><\/div><\/div><div class=\"wpb_column vc_column_container vc_col-sm-3\"><div class=\"vc_column-inner\"><div class=\"wpb_wrapper\">\n\t<div  class=\"wpb_single_image wpb_content_element vc_align_center\">\n\t\t\n\t\t<figure class=\"wpb_wrapper vc_figure\">\n\t\t\t<div class=\"vc_single_image-wrapper   vc_box_border_grey\"><img loading=\"lazy\" decoding=\"async\" width=\"456\" height=\"175\" src=\"https:\/\/arisf.ca\/wp-content\/uploads\/sites\/4\/2026\/02\/WhatsApp-Image-2026-02-23-at-08.03.17-Photoroom.png\" class=\"vc_single_image-img attachment-medium\" alt=\"\" title=\"WhatsApp Image 2026-02-23 at 08.03.17-Photoroom\" srcset=\"https:\/\/arisf.ca\/wp-content\/uploads\/sites\/4\/2026\/02\/WhatsApp-Image-2026-02-23-at-08.03.17-Photoroom.png 456w, https:\/\/arisf.ca\/wp-content\/uploads\/sites\/4\/2026\/02\/WhatsApp-Image-2026-02-23-at-08.03.17-Photoroom-370x142.png 370w, https:\/\/arisf.ca\/wp-content\/uploads\/sites\/4\/2026\/02\/WhatsApp-Image-2026-02-23-at-08.03.17-Photoroom-18x7.png 18w\" sizes=\"(max-width: 456px) 100vw, 456px\" \/><\/div>\n\t\t<\/figure>\n\t<\/div>\n<\/div><\/div><\/div><div class=\"wpb_column vc_column_container vc_col-sm-3\"><div class=\"vc_column-inner\"><div class=\"wpb_wrapper\"><\/div><\/div><\/div><div class=\"wpb_column vc_column_container vc_col-sm-3\"><div class=\"vc_column-inner\"><div class=\"wpb_wrapper\"><\/div><\/div><\/div><\/div>\n<\/section>","protected":false},"excerpt":{"rendered":"Global expertise for local impact. Since 2017, ARISF (Association of Refugees and Immigrants Without Borders) has operated in 9 countries, transforming the migration journey into entrepreneurial success. Incorporated in Canada","protected":false},"author":1,"featured_media":0,"parent":0,"menu_order":0,"comment_status":"closed","ping_status":"closed","template":"","meta":{"footnotes":""},"class_list":["post-1378","page","type-page","status-publish","hentry"],"_links":{"self":[{"href":"https:\/\/arisf.ca\/fr\/wp-json\/wp\/v2\/pages\/1378"}],"collection":[{"href":"https:\/\/arisf.ca\/fr\/wp-json\/wp\/v2\/pages"}],"about":[{"href":"https:\/\/arisf.ca\/fr\/wp-json\/wp\/v2\/types\/page"}],"author":[{"embeddable":true,"href":"https:\/\/arisf.ca\/fr\/wp-json\/wp\/v2\/users\/1"}],"replies":[{"embeddable":true,"href":"https:\/\/arisf.ca\/fr\/wp-json\/wp\/v2\/comments?post=1378"}],"version-history":[{"count":17,"href":"https:\/\/arisf.ca\/fr\/wp-json\/wp\/v2\/pages\/1378\/revisions"}],"predecessor-version":[{"id":3546,"href":"https:\/\/arisf.ca\/fr\/wp-json\/wp\/v2\/pages\/1378\/revisions\/3546"}],"wp:attachment":[{"href":"https:\/\/arisf.ca\/fr\/wp-json\/wp\/v2\/media?parent=1378"}],"curies":[{"name":"wp","href":"https:\/\/api.w.org\/{rel}","templated":true}]}}