{"id":1638,"date":"2018-04-14T02:20:45","date_gmt":"2018-04-14T02:20:45","guid":{"rendered":"https:\/\/arisf.ca\/gallery\/"},"modified":"2025-07-07T13:35:13","modified_gmt":"2025-07-07T18:35:13","slug":"gallery","status":"publish","type":"page","link":"https:\/\/arisf.ca\/fr\/gallery\/","title":{"rendered":"Galerie"},"content":{"rendered":"<section class=\"wpb-content-wrapper\"><div class=\"vc_row wpb_row vc_row-fluid\"><div class=\"wpb_column vc_column_container vc_col-sm-12\"><div class=\"vc_column-inner\"><div class=\"wpb_wrapper\"><h1 style=\"font-size: 42px;text-align: center\" class=\"vc_custom_heading\" >Galerie<\/h1><\/div><\/div><\/div><\/div><div class=\"vc_row wpb_row vc_row-fluid\"><div class=\"wpb_column vc_column_container vc_col-sm-12\"><div class=\"vc_column-inner\"><div class=\"wpb_wrapper\">\n<div class=\"vc_grid-container-wrapper vc_clearfix vc_grid-animation-zoomIn\">\n\t<div class=\"vc_grid-container vc_clearfix wpb_content_element vc_masonry_media_grid masonryMedia_SlideTop zk-loading-delay-600\" data-initial-loading-animation=\"zoomIn\" data-vc-grid-settings=\"{&quot;page_id&quot;:1638,&quot;style&quot;:&quot;all-masonry&quot;,&quot;action&quot;:&quot;vc_get_vc_grid_data&quot;,&quot;shortcode_id&quot;:&quot;1751912786970-7ad816ecf7c789822410b1bd0bb9f4ef-4&quot;,&quot;tag&quot;:&quot;vc_masonry_media_grid&quot;}\" data-vc-request=\"https:\/\/arisf.ca\/wp-admin\/admin-ajax.php\" data-vc-post-id=\"1638\" data-vc-public-nonce=\"f51d8cd5a7\">\n\t\t\n\t<\/div>\n<\/div><div class=\"vc_empty_space\"   style=\"height: 32px\"><span class=\"vc_empty_space_inner\"><\/span><\/div><\/div><\/div><\/div><\/div><div class=\"vc_row wpb_row vc_row-fluid\"><div class=\"wpb_column vc_column_container vc_col-sm-2\"><div class=\"vc_column-inner\"><div class=\"wpb_wrapper\"><\/div><\/div><\/div><div class=\"wpb_column vc_column_container vc_col-sm-8\"><div class=\"vc_column-inner\"><div class=\"wpb_wrapper\"><div class=\"vc_empty_space\"   style=\"height: 32px\"><span class=\"vc_empty_space_inner\"><\/span><\/div><h2 style=\"font-size: 28px;text-align: center\" class=\"vc_custom_heading\" >Int\u00e9ress\u00e9 par un don ? Contactez-nous<\/h2><h4 style=\"font-size: 16px;text-align: justify\" class=\"vc_custom_heading\" >Si vous souhaitez soutenir notre cause, n'h\u00e9sitez pas \u00e0 nous contacter. Votre g\u00e9n\u00e9rosit\u00e9 fait une diff\u00e9rence.<\/h4>\n<div class=\"wpcf7 no-js\" id=\"wpcf7-f1480-o1\" lang=\"en-US\" dir=\"ltr\">\n<div class=\"screen-reader-response\"><p role=\"status\" aria-live=\"polite\" aria-atomic=\"true\"><\/p> <ul><\/ul><\/div>\n<form action=\"\/fr\/wp-json\/wp\/v2\/pages\/1638#wpcf7-f1480-o1\" method=\"post\" class=\"wpcf7-form init\" aria-label=\"Contact form\" novalidate=\"novalidate\" data-status=\"init\" data-trp-original-action=\"\/fr\/wp-json\/wp\/v2\/pages\/1638#wpcf7-f1480-o1\">\n<div style=\"display: none;\">\n<input type=\"hidden\" name=\"_wpcf7\" value=\"1480\" \/>\n<input type=\"hidden\" name=\"_wpcf7_version\" value=\"5.8\" \/>\n<input type=\"hidden\" name=\"_wpcf7_locale\" value=\"en_US\" \/>\n<input type=\"hidden\" name=\"_wpcf7_unit_tag\" value=\"wpcf7-f1480-o1\" \/>\n<input type=\"hidden\" name=\"_wpcf7_container_post\" value=\"0\" \/>\n<input type=\"hidden\" name=\"_wpcf7_posted_data_hash\" value=\"\" \/>\n<\/div>\n<p><label> Votre nom<br \/>\n<span class=\"wpcf7-form-control-wrap\" data-name=\"your-name\"><input size=\"40\" class=\"wpcf7-form-control wpcf7-text wpcf7-validates-as-required\" aria-required=\"true\" aria-invalid=\"false\" value=\"\" type=\"text\" name=\"your-name\" \/><\/span> <\/label>\n<\/p>\n<p><label> Votre adresse e-mail<br \/>\n<span class=\"wpcf7-form-control-wrap\" data-name=\"your-email\"><input size=\"40\" class=\"wpcf7-form-control wpcf7-email wpcf7-validates-as-required wpcf7-text wpcf7-validates-as-email\" aria-required=\"true\" aria-invalid=\"false\" value=\"\" type=\"email\" name=\"your-email\" \/><\/span> <\/label>\n<\/p>\n<p><label> Sujet<br \/>\n<span class=\"wpcf7-form-control-wrap\" data-name=\"your-subject\"><input size=\"40\" class=\"wpcf7-form-control wpcf7-text wpcf7-validates-as-required\" aria-required=\"true\" aria-invalid=\"false\" value=\"\" type=\"text\" name=\"your-subject\" \/><\/span> <\/label>\n<\/p>\n<p><label> Votre message (optionnel)<br \/>\n<span class=\"wpcf7-form-control-wrap\" data-name=\"your-message\"><textarea cols=\"40\" rows=\"10\" class=\"wpcf7-form-control wpcf7-textarea\" aria-invalid=\"false\" name=\"your-message\"><\/textarea><\/span> <\/label>\n<\/p>\n<p><input class=\"wpcf7-form-control wpcf7-submit has-spinner\" type=\"submit\" value=\"Envoyer\" \/>\n<\/p><input type='hidden' class='wpcf7-pum' value='{\"closepopup\":false,\"closedelay\":0,\"openpopup\":false,\"openpopup_id\":0}' \/><div class=\"wpcf7-response-output\" aria-hidden=\"true\"><\/div>\n<input type=\"hidden\" name=\"trp-form-language\" value=\"fr\"\/><\/form>\n<\/div>\n\r\n<div class=\"contact-box-info style-2\">\r\n    <div class=\"box-inner clearfix\" style=\"background-color:#303030;\">\r\n        <span class=\"silent-heading\">Prenez contact<\/span><ul class=\"contact-info\"><li><i class=\"flaticon-email\"><\/i>info@arisf.ca<\/li><li><i class=\"flaticon-signs\"><\/i>Rue des Peupliers Vall\u00e9e-Jonction (Qu\u00e9bec) Canada<\/li><li><i class=\"flaticon-signs\"><\/i>Code postal: G0S3J0,Qc<\/li><\/ul><div class=\"red-social circle small clearfix\"><a href=\"https:\/\/www.facebook.com\" target=\"_blank\" ><i class=\"fa fa-facebook\"><\/i><\/a><a href=\"https:\/\/twitter.com\" target=\"_blank\" ><i class=\"fa fa-twitter\"><\/i><\/a><a href=\"https:\/\/google.com\" target=\"_blank\" ><i class=\"fa fa-google-plus\"><\/i><\/a><\/div>    <\/div>\r\n<\/div><\/div><\/div><\/div><div class=\"wpb_column vc_column_container vc_col-sm-2\"><div class=\"vc_column-inner\"><div class=\"wpb_wrapper\"><\/div><\/div><\/div><\/div><div class=\"vc_row wpb_row vc_row-fluid\"><div class=\"wpb_column vc_column_container vc_col-sm-12\"><div class=\"vc_column-inner\"><div class=\"wpb_wrapper\"><div class=\"vc_empty_space\"   style=\"height: 32px\"><span class=\"vc_empty_space_inner\"><\/span><\/div><\/div><\/div><\/div><\/div><div class=\"vc_row wpb_row vc_row-fluid\"><div class=\"wpb_column vc_column_container vc_col-sm-12\"><div class=\"vc_column-inner\"><div class=\"wpb_wrapper\"><div class=\"vc_empty_space\"   style=\"height: 32px\"><span class=\"vc_empty_space_inner\"><\/span><\/div>\r\n\t<div class=\"wpb_text_column wpb_content_element\">\r\n\t\t<div class=\"wpb_wrapper\">\r\n\t\t\t<h1 style=\"text-align: center\"><strong><span style=\"color: #000000\">Partenaires<\/span><\/strong><\/h1>\n\r\n\t\t<\/div>\r\n\t<\/div>\r\n<\/div><\/div><\/div><\/div><div class=\"vc_row wpb_row vc_row-fluid\"><div class=\"wpb_column vc_column_container vc_col-sm-12\"><div class=\"vc_column-inner\"><div class=\"wpb_wrapper\"><div class=\"vc_empty_space\"   style=\"height: 32px\"><span class=\"vc_empty_space_inner\"><\/span><\/div><\/div><\/div><\/div><\/div><div class=\"vc_row wpb_row vc_row-fluid vc_row-o-content-middle vc_row-flex\"><div class=\"wpb_column vc_column_container vc_col-sm-4\"><div class=\"vc_column-inner\"><div class=\"wpb_wrapper\">\n\t<div  class=\"wpb_single_image wpb_content_element vc_align_center\">\n\t\t\n\t\t<figure class=\"wpb_wrapper vc_figure\">\n\t\t\t<div class=\"vc_single_image-wrapper   vc_box_border_grey\"><img loading=\"lazy\" decoding=\"async\" width=\"1280\" height=\"640\" src=\"https:\/\/arisf.ca\/wp-content\/uploads\/sites\/4\/2025\/03\/WhatsApp-Image-2025-03-25-at-08.59.20-1-Photoroom.png\" class=\"vc_single_image-img attachment-full\" alt=\"\" title=\"WhatsApp Image 2025-03-25 at 08.59.20 (1)-Photoroom\" srcset=\"https:\/\/arisf.ca\/wp-content\/uploads\/sites\/4\/2025\/03\/WhatsApp-Image-2025-03-25-at-08.59.20-1-Photoroom.png 1280w, https:\/\/arisf.ca\/wp-content\/uploads\/sites\/4\/2025\/03\/WhatsApp-Image-2025-03-25-at-08.59.20-1-Photoroom-555x278.png 555w, https:\/\/arisf.ca\/wp-content\/uploads\/sites\/4\/2025\/03\/WhatsApp-Image-2025-03-25-at-08.59.20-1-Photoroom-1050x525.png 1050w, https:\/\/arisf.ca\/wp-content\/uploads\/sites\/4\/2025\/03\/WhatsApp-Image-2025-03-25-at-08.59.20-1-Photoroom-370x185.png 370w, https:\/\/arisf.ca\/wp-content\/uploads\/sites\/4\/2025\/03\/WhatsApp-Image-2025-03-25-at-08.59.20-1-Photoroom-768x384.png 768w, https:\/\/arisf.ca\/wp-content\/uploads\/sites\/4\/2025\/03\/WhatsApp-Image-2025-03-25-at-08.59.20-1-Photoroom-18x9.png 18w\" sizes=\"(max-width: 1280px) 100vw, 1280px\" \/><\/div>\n\t\t<\/figure>\n\t<\/div>\n<\/div><\/div><\/div><div class=\"wpb_column vc_column_container vc_col-sm-4\"><div class=\"vc_column-inner\"><div class=\"wpb_wrapper\">\n\t<div  class=\"wpb_single_image wpb_content_element vc_align_center\">\n\t\t\n\t\t<figure class=\"wpb_wrapper vc_figure\">\n\t\t\t<div class=\"vc_single_image-wrapper   vc_box_border_grey\"><img loading=\"lazy\" decoding=\"async\" width=\"1080\" height=\"1080\" src=\"https:\/\/arisf.ca\/wp-content\/uploads\/sites\/4\/2025\/03\/WhatsApp-Image-2025-03-25-at-08.59.23-4-Photoroom.png\" class=\"vc_single_image-img attachment-full\" alt=\"\" title=\"WhatsApp Image 2025-03-25 at 08.59.23 (4)-Photoroom\" srcset=\"https:\/\/arisf.ca\/wp-content\/uploads\/sites\/4\/2025\/03\/WhatsApp-Image-2025-03-25-at-08.59.23-4-Photoroom.png 1080w, https:\/\/arisf.ca\/wp-content\/uploads\/sites\/4\/2025\/03\/WhatsApp-Image-2025-03-25-at-08.59.23-4-Photoroom-345x345.png 345w, https:\/\/arisf.ca\/wp-content\/uploads\/sites\/4\/2025\/03\/WhatsApp-Image-2025-03-25-at-08.59.23-4-Photoroom-525x525.png 525w, https:\/\/arisf.ca\/wp-content\/uploads\/sites\/4\/2025\/03\/WhatsApp-Image-2025-03-25-at-08.59.23-4-Photoroom-370x370.png 370w, https:\/\/arisf.ca\/wp-content\/uploads\/sites\/4\/2025\/03\/WhatsApp-Image-2025-03-25-at-08.59.23-4-Photoroom-768x768.png 768w, https:\/\/arisf.ca\/wp-content\/uploads\/sites\/4\/2025\/03\/WhatsApp-Image-2025-03-25-at-08.59.23-4-Photoroom-12x12.png 12w, https:\/\/arisf.ca\/wp-content\/uploads\/sites\/4\/2025\/03\/WhatsApp-Image-2025-03-25-at-08.59.23-4-Photoroom-250x250.png 250w\" sizes=\"(max-width: 1080px) 100vw, 1080px\" \/><\/div>\n\t\t<\/figure>\n\t<\/div>\n<\/div><\/div><\/div><div class=\"wpb_column vc_column_container vc_col-sm-4\"><div class=\"vc_column-inner\"><div class=\"wpb_wrapper\">\n\t<div  class=\"wpb_single_image wpb_content_element vc_align_center\">\n\t\t\n\t\t<figure class=\"wpb_wrapper vc_figure\">\n\t\t\t<div class=\"vc_single_image-wrapper   vc_box_border_grey\"><img loading=\"lazy\" decoding=\"async\" width=\"345\" height=\"345\" src=\"https:\/\/arisf.ca\/wp-content\/uploads\/sites\/4\/2025\/03\/WhatsApp-Image-2025-03-25-at-08.59.23-3-1-345x345.jpeg\" class=\"vc_single_image-img attachment-medium\" alt=\"\" title=\"WhatsApp Image 2025-03-25 at 08.59.23 (3)\" srcset=\"https:\/\/arisf.ca\/wp-content\/uploads\/sites\/4\/2025\/03\/WhatsApp-Image-2025-03-25-at-08.59.23-3-1-345x345.jpeg 345w, https:\/\/arisf.ca\/wp-content\/uploads\/sites\/4\/2025\/03\/WhatsApp-Image-2025-03-25-at-08.59.23-3-1-525x525.jpeg 525w, https:\/\/arisf.ca\/wp-content\/uploads\/sites\/4\/2025\/03\/WhatsApp-Image-2025-03-25-at-08.59.23-3-1-370x370.jpeg 370w, https:\/\/arisf.ca\/wp-content\/uploads\/sites\/4\/2025\/03\/WhatsApp-Image-2025-03-25-at-08.59.23-3-1-768x768.jpeg 768w, https:\/\/arisf.ca\/wp-content\/uploads\/sites\/4\/2025\/03\/WhatsApp-Image-2025-03-25-at-08.59.23-3-1-12x12.jpeg 12w, https:\/\/arisf.ca\/wp-content\/uploads\/sites\/4\/2025\/03\/WhatsApp-Image-2025-03-25-at-08.59.23-3-1-250x250.jpeg 250w, https:\/\/arisf.ca\/wp-content\/uploads\/sites\/4\/2025\/03\/WhatsApp-Image-2025-03-25-at-08.59.23-3-1.jpeg 1500w\" sizes=\"(max-width: 345px) 100vw, 345px\" \/><\/div>\n\t\t<\/figure>\n\t<\/div>\n<\/div><\/div><\/div><\/div><div class=\"vc_row wpb_row vc_row-fluid vc_row-o-content-middle vc_row-flex\"><div class=\"wpb_column vc_column_container vc_col-sm-4\"><div class=\"vc_column-inner\"><div class=\"wpb_wrapper\">\n\t<div  class=\"wpb_single_image wpb_content_element vc_align_center\">\n\t\t\n\t\t<figure class=\"wpb_wrapper vc_figure\">\n\t\t\t<div class=\"vc_single_image-wrapper   vc_box_border_grey\"><img loading=\"lazy\" decoding=\"async\" class=\"vc_single_image-img\" src=\"https:\/\/arisf.ca\/wp-content\/uploads\/sites\/4\/2024\/12\/WhatsApp-Image-2024-11-19-at-12.15.03-1-Photoroom-250x250.png\" width=\"250\" height=\"250\" alt=\"WhatsApp Image 2024-11-19 at 12.15.03 (1)-Photoroom\" title=\"WhatsApp Image 2024-11-19 at 12.15.03 (1)-Photoroom\" \/><\/div>\n\t\t<\/figure>\n\t<\/div>\n<\/div><\/div><\/div><div class=\"wpb_column vc_column_container vc_col-sm-4\"><div class=\"vc_column-inner\"><div class=\"wpb_wrapper\">\n\t<div  class=\"wpb_single_image wpb_content_element vc_align_center\">\n\t\t\n\t\t<figure class=\"wpb_wrapper vc_figure\">\n\t\t\t<div class=\"vc_single_image-wrapper   vc_box_border_grey\"><img loading=\"lazy\" decoding=\"async\" width=\"504\" height=\"345\" src=\"https:\/\/arisf.ca\/wp-content\/uploads\/sites\/4\/2024\/12\/8c779e_d44025729f83498495eb270041eedd2amv2-Photoroom-504x345.png\" class=\"vc_single_image-img attachment-medium\" alt=\"\" title=\"8c779e_d44025729f83498495eb270041eedd2a~mv2-Photoroom\" srcset=\"https:\/\/arisf.ca\/wp-content\/uploads\/sites\/4\/2024\/12\/8c779e_d44025729f83498495eb270041eedd2amv2-Photoroom-504x345.png 504w, https:\/\/arisf.ca\/wp-content\/uploads\/sites\/4\/2024\/12\/8c779e_d44025729f83498495eb270041eedd2amv2-Photoroom-768x525.png 768w, https:\/\/arisf.ca\/wp-content\/uploads\/sites\/4\/2024\/12\/8c779e_d44025729f83498495eb270041eedd2amv2-Photoroom-370x253.png 370w, https:\/\/arisf.ca\/wp-content\/uploads\/sites\/4\/2024\/12\/8c779e_d44025729f83498495eb270041eedd2amv2-Photoroom-18x12.png 18w, https:\/\/arisf.ca\/wp-content\/uploads\/sites\/4\/2024\/12\/8c779e_d44025729f83498495eb270041eedd2amv2-Photoroom.png 1000w\" sizes=\"(max-width: 504px) 100vw, 504px\" \/><\/div>\n\t\t<\/figure>\n\t<\/div>\n<\/div><\/div><\/div><div class=\"wpb_column vc_column_container vc_col-sm-4\"><div class=\"vc_column-inner\"><div class=\"wpb_wrapper\">\n\t<div  class=\"wpb_single_image wpb_content_element vc_align_center\">\n\t\t\n\t\t<figure class=\"wpb_wrapper vc_figure\">\n\t\t\t<div class=\"vc_single_image-wrapper   vc_box_border_grey\"><img loading=\"lazy\" decoding=\"async\" width=\"224\" height=\"224\" src=\"https:\/\/arisf.ca\/wp-content\/uploads\/sites\/4\/2025\/03\/WhatsApp-Image-2025-03-25-at-08.59.20-2.png\" class=\"vc_single_image-img attachment-medium\" alt=\"\" title=\"WhatsApp Image 2025-03-25 at 08.59.20 (2)\" srcset=\"https:\/\/arisf.ca\/wp-content\/uploads\/sites\/4\/2025\/03\/WhatsApp-Image-2025-03-25-at-08.59.20-2.png 224w, https:\/\/arisf.ca\/wp-content\/uploads\/sites\/4\/2025\/03\/WhatsApp-Image-2025-03-25-at-08.59.20-2-12x12.png 12w\" sizes=\"(max-width: 224px) 100vw, 224px\" \/><\/div>\n\t\t<\/figure>\n\t<\/div>\n<\/div><\/div><\/div><\/div><div class=\"vc_row wpb_row vc_row-fluid\"><div class=\"wpb_column vc_column_container vc_col-sm-4\"><div class=\"vc_column-inner\"><div class=\"wpb_wrapper\"><\/div><\/div><\/div><div class=\"wpb_column vc_column_container vc_col-sm-4\"><div class=\"vc_column-inner\"><div class=\"wpb_wrapper\"><\/div><\/div><\/div><div class=\"wpb_column vc_column_container vc_col-sm-4\"><div class=\"vc_column-inner\"><div class=\"wpb_wrapper\"><\/div><\/div><\/div><\/div><div class=\"vc_row wpb_row vc_row-fluid\"><div class=\"wpb_column vc_column_container vc_col-sm-12\"><div class=\"vc_column-inner\"><div class=\"wpb_wrapper\"><div class=\"vc_empty_space\"   style=\"height: 32px\"><span class=\"vc_empty_space_inner\"><\/span><\/div><\/div><\/div><\/div><\/div><div class=\"vc_row wpb_row vc_row-fluid\"><div class=\"wpb_column vc_column_container vc_col-sm-4\"><div class=\"vc_column-inner\"><div class=\"wpb_wrapper\">\n\t<div  class=\"wpb_single_image wpb_content_element vc_align_center\">\n\t\t\n\t\t<figure class=\"wpb_wrapper vc_figure\">\n\t\t\t<div class=\"vc_single_image-wrapper   vc_box_border_grey\"><img loading=\"lazy\" decoding=\"async\" class=\"vc_single_image-img\" src=\"https:\/\/arisf.ca\/wp-content\/uploads\/sites\/4\/2024\/12\/WhatsApp-Image-2024-11-19-at-12.15.04-Photoroom-250x250.png\" width=\"250\" height=\"250\" alt=\"WhatsApp Image 2024-11-19 at 12.15.04-Photoroom\" title=\"WhatsApp Image 2024-11-19 at 12.15.04-Photoroom\" \/><\/div>\n\t\t<\/figure>\n\t<\/div>\n<\/div><\/div><\/div><div class=\"wpb_column vc_column_container vc_col-sm-4\"><div class=\"vc_column-inner\"><div class=\"wpb_wrapper\">\n\t<div  class=\"wpb_single_image wpb_content_element vc_align_center\">\n\t\t\n\t\t<figure class=\"wpb_wrapper vc_figure\">\n\t\t\t<div class=\"vc_single_image-wrapper   vc_box_border_grey\"><img loading=\"lazy\" decoding=\"async\" class=\"vc_single_image-img\" src=\"https:\/\/arisf.ca\/wp-content\/uploads\/sites\/4\/2024\/12\/casasomos.png\" width=\"250\" height=\"250\" alt=\"casasomos\" title=\"casasomos\" \/><\/div>\n\t\t<\/figure>\n\t<\/div>\n<\/div><\/div><\/div><div class=\"wpb_column vc_column_container vc_col-sm-4\"><div class=\"vc_column-inner\"><div class=\"wpb_wrapper\">\n\t<div  class=\"wpb_single_image wpb_content_element vc_align_center\">\n\t\t\n\t\t<figure class=\"wpb_wrapper vc_figure\">\n\t\t\t<div class=\"vc_single_image-wrapper   vc_box_border_grey\"><img loading=\"lazy\" decoding=\"async\" width=\"555\" height=\"125\" src=\"https:\/\/arisf.ca\/wp-content\/uploads\/sites\/4\/2024\/12\/NEWCODEXRecurso-1-8-555x125.png\" class=\"vc_single_image-img attachment-medium\" alt=\"\" title=\"NEWCODEXRecurso 1-8\" srcset=\"https:\/\/arisf.ca\/wp-content\/uploads\/sites\/4\/2024\/12\/NEWCODEXRecurso-1-8-555x125.png 555w, https:\/\/arisf.ca\/wp-content\/uploads\/sites\/4\/2024\/12\/NEWCODEXRecurso-1-8-1170x264.png 1170w, https:\/\/arisf.ca\/wp-content\/uploads\/sites\/4\/2024\/12\/NEWCODEXRecurso-1-8-370x84.png 370w, https:\/\/arisf.ca\/wp-content\/uploads\/sites\/4\/2024\/12\/NEWCODEXRecurso-1-8-768x173.png 768w, https:\/\/arisf.ca\/wp-content\/uploads\/sites\/4\/2024\/12\/NEWCODEXRecurso-1-8-1536x347.png 1536w, https:\/\/arisf.ca\/wp-content\/uploads\/sites\/4\/2024\/12\/NEWCODEXRecurso-1-8-18x4.png 18w, https:\/\/arisf.ca\/wp-content\/uploads\/sites\/4\/2024\/12\/NEWCODEXRecurso-1-8.png 1722w\" sizes=\"(max-width: 555px) 100vw, 555px\" \/><\/div>\n\t\t<\/figure>\n\t<\/div>\n<\/div><\/div><\/div><\/div><div class=\"vc_row wpb_row vc_row-fluid\"><div class=\"wpb_column vc_column_container vc_col-sm-12\"><div class=\"vc_column-inner\"><div class=\"wpb_wrapper\"><div class=\"vc_empty_space\"   style=\"height: 32px\"><span class=\"vc_empty_space_inner\"><\/span><\/div><\/div><\/div><\/div><\/div><div class=\"vc_row wpb_row vc_row-fluid\"><div class=\"wpb_column vc_column_container vc_col-sm-4\"><div class=\"vc_column-inner\"><div class=\"wpb_wrapper\">\n\t<div  class=\"wpb_single_image wpb_content_element vc_align_center\">\n\t\t\n\t\t<figure class=\"wpb_wrapper vc_figure\">\n\t\t\t<div class=\"vc_single_image-wrapper   vc_box_border_grey\"><img loading=\"lazy\" decoding=\"async\" class=\"vc_single_image-img\" src=\"https:\/\/arisf.ca\/wp-content\/uploads\/sites\/4\/2024\/12\/cruzroja-Photoroom.png\" width=\"250\" height=\"250\" alt=\"cruzroja-Photoroom\" title=\"cruzroja-Photoroom\" \/><\/div>\n\t\t<\/figure>\n\t<\/div>\n<\/div><\/div><\/div><div class=\"wpb_column vc_column_container vc_col-sm-4\"><div class=\"vc_column-inner\"><div class=\"wpb_wrapper\">\n\t<div  class=\"wpb_single_image wpb_content_element vc_align_center\">\n\t\t\n\t\t<figure class=\"wpb_wrapper vc_figure\">\n\t\t\t<div class=\"vc_single_image-wrapper   vc_box_border_grey\"><img loading=\"lazy\" decoding=\"async\" class=\"vc_single_image-img\" src=\"https:\/\/arisf.ca\/wp-content\/uploads\/sites\/4\/2024\/12\/logo-heaven-q3x02gb1v32h526wctisd6pmox6fbel0nwwn71k2n0.png\" width=\"150\" height=\"150\" alt=\"logo-heaven--q3x02gb1v32h526wctisd6pmox6fbel0nwwn71k2n0\" title=\"logo-heaven--q3x02gb1v32h526wctisd6pmox6fbel0nwwn71k2n0\" \/><\/div>\n\t\t<\/figure>\n\t<\/div>\n<\/div><\/div><\/div><div class=\"wpb_column vc_column_container vc_col-sm-4\"><div class=\"vc_column-inner\"><div class=\"wpb_wrapper\">\n\t<div  class=\"wpb_single_image wpb_content_element vc_align_center\">\n\t\t\n\t\t<figure class=\"wpb_wrapper vc_figure\">\n\t\t\t<div class=\"vc_single_image-wrapper   vc_box_border_grey\"><img loading=\"lazy\" decoding=\"async\" width=\"356\" height=\"141\" src=\"https:\/\/arisf.ca\/wp-content\/uploads\/sites\/4\/2024\/12\/images.png\" class=\"vc_single_image-img attachment-medium\" alt=\"\" title=\"images\" srcset=\"https:\/\/arisf.ca\/wp-content\/uploads\/sites\/4\/2024\/12\/images.png 356w, https:\/\/arisf.ca\/wp-content\/uploads\/sites\/4\/2024\/12\/images-18x7.png 18w\" sizes=\"(max-width: 356px) 100vw, 356px\" \/><\/div>\n\t\t<\/figure>\n\t<\/div>\n<\/div><\/div><\/div><\/div><div class=\"vc_row wpb_row vc_row-fluid\"><div class=\"wpb_column vc_column_container vc_col-sm-4\"><div class=\"vc_column-inner\"><div class=\"wpb_wrapper\">\n\t<div  class=\"wpb_single_image wpb_content_element vc_align_center\">\n\t\t\n\t\t<figure class=\"wpb_wrapper vc_figure\">\n\t\t\t<div class=\"vc_single_image-wrapper   vc_box_border_grey\"><img loading=\"lazy\" decoding=\"async\" width=\"300\" height=\"122\" src=\"https:\/\/arisf.ca\/wp-content\/uploads\/sites\/4\/2024\/12\/34-a-Photoroom.png\" class=\"vc_single_image-img attachment-full\" alt=\"\" title=\"34-a-Photoroom\" srcset=\"https:\/\/arisf.ca\/wp-content\/uploads\/sites\/4\/2024\/12\/34-a-Photoroom.png 300w, https:\/\/arisf.ca\/wp-content\/uploads\/sites\/4\/2024\/12\/34-a-Photoroom-18x7.png 18w\" sizes=\"(max-width: 300px) 100vw, 300px\" \/><\/div>\n\t\t<\/figure>\n\t<\/div>\n<\/div><\/div><\/div><div class=\"wpb_column vc_column_container vc_col-sm-4\"><div class=\"vc_column-inner\"><div class=\"wpb_wrapper\">\n\t<div  class=\"wpb_single_image wpb_content_element vc_align_center\">\n\t\t\n\t\t<figure class=\"wpb_wrapper vc_figure\">\n\t\t\t<div class=\"vc_single_image-wrapper   vc_box_border_grey\"><img loading=\"lazy\" decoding=\"async\" width=\"365\" height=\"138\" src=\"https:\/\/arisf.ca\/wp-content\/uploads\/sites\/4\/2024\/12\/images-2-Photoroom.png\" class=\"vc_single_image-img attachment-full\" alt=\"\" title=\"images (2)-Photoroom\" srcset=\"https:\/\/arisf.ca\/wp-content\/uploads\/sites\/4\/2024\/12\/images-2-Photoroom.png 365w, https:\/\/arisf.ca\/wp-content\/uploads\/sites\/4\/2024\/12\/images-2-Photoroom-18x7.png 18w\" sizes=\"(max-width: 365px) 100vw, 365px\" \/><\/div>\n\t\t<\/figure>\n\t<\/div>\n<\/div><\/div><\/div><div class=\"wpb_column vc_column_container vc_col-sm-4\"><div class=\"vc_column-inner\"><div class=\"wpb_wrapper\"><\/div><\/div><\/div><\/div><div class=\"vc_row wpb_row vc_row-fluid\"><div class=\"wpb_column vc_column_container vc_col-sm-12\"><div class=\"vc_column-inner\"><div class=\"wpb_wrapper\"><div class=\"vc_empty_space\"   style=\"height: 32px\"><span class=\"vc_empty_space_inner\"><\/span><\/div><\/div><\/div><\/div><\/div>\n<\/section>","protected":false},"excerpt":{"rendered":"Gallery Interested in donating? Contact usIf you wish to support our cause, please feel free to get in touch with us. Your generosity makes a difference. Your name Your email","protected":false},"author":1,"featured_media":0,"parent":0,"menu_order":0,"comment_status":"closed","ping_status":"closed","template":"","meta":{"footnotes":""},"class_list":["post-1638","page","type-page","status-publish","hentry"],"_links":{"self":[{"href":"https:\/\/arisf.ca\/fr\/wp-json\/wp\/v2\/pages\/1638"}],"collection":[{"href":"https:\/\/arisf.ca\/fr\/wp-json\/wp\/v2\/pages"}],"about":[{"href":"https:\/\/arisf.ca\/fr\/wp-json\/wp\/v2\/types\/page"}],"author":[{"embeddable":true,"href":"https:\/\/arisf.ca\/fr\/wp-json\/wp\/v2\/users\/1"}],"replies":[{"embeddable":true,"href":"https:\/\/arisf.ca\/fr\/wp-json\/wp\/v2\/comments?post=1638"}],"version-history":[{"count":14,"href":"https:\/\/arisf.ca\/fr\/wp-json\/wp\/v2\/pages\/1638\/revisions"}],"predecessor-version":[{"id":3313,"href":"https:\/\/arisf.ca\/fr\/wp-json\/wp\/v2\/pages\/1638\/revisions\/3313"}],"wp:attachment":[{"href":"https:\/\/arisf.ca\/fr\/wp-json\/wp\/v2\/media?parent=1638"}],"curies":[{"name":"wp","href":"https:\/\/api.w.org\/{rel}","templated":true}]}}