{"id":1774,"date":"2023-10-05T14:17:59","date_gmt":"2023-10-05T14:17:59","guid":{"rendered":"https:\/\/arisf.ca\/members\/"},"modified":"2024-04-24T09:08:49","modified_gmt":"2024-04-24T14:08:49","slug":"members","status":"publish","type":"page","link":"https:\/\/arisf.ca\/fr\/members\/","title":{"rendered":"Members"},"content":{"rendered":"<section class=\"wpb-content-wrapper\"><div class=\"vc_row wpb_row vc_row-fluid\"><div class=\"wpb_column vc_column_container vc_col-sm-12\"><div class=\"vc_column-inner\"><div class=\"wpb_wrapper\"><h1 style=\"font-size: 50px;text-align: center\" class=\"vc_custom_heading\" >Membre<\/h1><\/div><\/div><\/div><\/div><div class=\"vc_row wpb_row vc_row-fluid\"><div class=\"wpb_column vc_column_container vc_col-sm-12\"><div class=\"vc_column-inner\"><div class=\"wpb_wrapper\">\r\n\t<div class=\"wpb_text_column wpb_content_element\">\r\n\t\t<div class=\"wpb_wrapper\">\r\n\t\t\t<h6 style=\"text-align: justify\"><span style=\"color: #000000\">Membres du conseil d\u2019administration l\u2019association des r\u00e9fugi\u00e9s et immigr\u00e9s sans fronti\u00e8res<\/span><br \/>\n<span style=\"color: #000000\">(ARISF)<\/span><br \/>\n<span style=\"color: #000000\">Ouest-de-l\u2019\u00cele de Montr\u00e9al<\/span><br \/>\n<span style=\"color: #000000\">Conseil d&#8217;administration<\/span><br \/>\n<span style=\"color: #000000\">Description du poste<\/span><br \/>\n<span style=\"color: #000000\">L\u2019organisme association des r\u00e9fugi\u00e9s et immigr\u00e9s sans fronti\u00e8res lance un appel de<\/span><br \/>\n<span style=\"color: #000000\">candidatures afin de pourvoir des si\u00e8ges au sein de son conseil d\u2019administration.<\/span><br \/>\n<span style=\"color: #000000\">Parmi les postes \u00e0 pourvoir, l\u2019organisme est notamment \u00e0 la recherche d\u2019une personne<\/span><br \/>\n<span style=\"color: #000000\">provenant du milieu des affaires. Vous avez jusqu\u2019au 1 octobre 2024 pour soumettre votre<\/span><br \/>\n<span style=\"color: #000000\">candidature.<\/span><br \/>\n<span style=\"color: #000000\">N\u00f4tre organisme est administr\u00e9 par un conseil d\u2019administration compos\u00e9 de 11 membres.<\/span><br \/>\n<span style=\"color: #000000\">Pr\u00e9sentation de l&#8217;organisation :<\/span><br \/>\n<span style=\"color: #000000\">L\u2019association des r\u00e9fugi\u00e9s et immigr\u00e9s sans fronti\u00e8res est une organisation bilingue \u00e0 but<\/span><br \/>\n<span style=\"color: #000000\">non lucratif de l\u2019Ouest-de-l\u2019\u00cele de Montr\u00e9al. La mission est d\u2019aider les personnes et les<\/span><br \/>\n<span style=\"color: #000000\">familles nouvellement arriv\u00e9es principalement les demandeurs d\u2019asile \u00e0 s\u2019int\u00e9grer dans la<\/span><br \/>\n<span style=\"color: #000000\">communaut\u00e9 compos\u00e9e avec les . Les services incluent l\u2019aide juridique , des programmes<\/span><br \/>\n<span style=\"color: #000000\">socio-\u00e9ducatifs, des formations, des groupes de soutien, de la recherche d\u2019emploi,logement<\/span><br \/>\n<span style=\"color: #000000\">, des activit\u00e9s de pleine responsabilit\u00e9 , des conf\u00e9rences, et plus encore.<\/span><br \/>\n<span style=\"color: #000000\">Dur\u00e9e du mandat : 2 ans<\/span><br \/>\n<span style=\"color: #000000\">Nombre de s\u00e9ances du conseil d\u2019administration par ann\u00e9e : 8<\/span><\/h6>\n<h6 style=\"text-align: justify\"><span style=\"color: #000000\">Selon le cas, les administratrices et administrateurs peuvent aussi participer aux comit\u00e9s du<\/span><br \/>\n<span style=\"color: #000000\">conseil d\u2019administration :<\/span><br \/>\n<span style=\"color: #000000\">\u25cf Relocalisation;<\/span><br \/>\n<span style=\"color: #000000\">\u25cf Finances;<\/span><br \/>\n<span style=\"color: #000000\">\u25cf Ressources humaines.<\/span><br \/>\n<span style=\"color: #000000\">Comp\u00e9tences et expertises recherch\u00e9es collectivement :<\/span><br \/>\n<span style=\"color: #000000\">\u25cf Comptabilit\u00e9 et finances<\/span><br \/>\n<span style=\"color: #000000\">\u25cf Gestion des ressources humaines<\/span><br \/>\n<span style=\"color: #000000\">\u25cf Affaires juridiques<\/span><br \/>\n<span style=\"color: #000000\">Soumission des candidatures :<\/span><br \/>\n<span style=\"color: #000000\">Date limite :1 Octobre 2024<\/span><br \/>\n<span style=\"color: #000000\">Documents \u00e0 soumettre : Lettre d\u2019int\u00e9r\u00eat et curriculum vitae<\/span><br \/>\n<span style=\"color: #000000\">Veuillez nous faire parvenir votre candidature par courriel : Scmtl.org@arisf.ca<\/span><br \/>\n<span style=\"color: #000000\">Prenez note que seules les personnes s\u00e9lectionn\u00e9es seront contact\u00e9es.<\/span><\/h6>\n\r\n\t\t<\/div>\r\n\t<\/div>\r\n<\/div><\/div><\/div><\/div>\n<\/section>","protected":false},"excerpt":{"rendered":"Membre Membres du conseil d\u2019administration l\u2019association des r\u00e9fugi\u00e9s et immigr\u00e9s sans fronti\u00e8res (ARISF) Ouest-de-l\u2019\u00cele de Montr\u00e9al Conseil d'administration Description du poste L\u2019organisme association des r\u00e9fugi\u00e9s et immigr\u00e9s sans fronti\u00e8res lance","protected":false},"author":1,"featured_media":0,"parent":0,"menu_order":0,"comment_status":"closed","ping_status":"closed","template":"","meta":{"footnotes":""},"class_list":["post-1774","page","type-page","status-publish","hentry"],"_links":{"self":[{"href":"https:\/\/arisf.ca\/fr\/wp-json\/wp\/v2\/pages\/1774"}],"collection":[{"href":"https:\/\/arisf.ca\/fr\/wp-json\/wp\/v2\/pages"}],"about":[{"href":"https:\/\/arisf.ca\/fr\/wp-json\/wp\/v2\/types\/page"}],"author":[{"embeddable":true,"href":"https:\/\/arisf.ca\/fr\/wp-json\/wp\/v2\/users\/1"}],"replies":[{"embeddable":true,"href":"https:\/\/arisf.ca\/fr\/wp-json\/wp\/v2\/comments?post=1774"}],"version-history":[{"count":1,"href":"https:\/\/arisf.ca\/fr\/wp-json\/wp\/v2\/pages\/1774\/revisions"}],"predecessor-version":[{"id":2329,"href":"https:\/\/arisf.ca\/fr\/wp-json\/wp\/v2\/pages\/1774\/revisions\/2329"}],"wp:attachment":[{"href":"https:\/\/arisf.ca\/fr\/wp-json\/wp\/v2\/media?parent=1774"}],"curies":[{"name":"wp","href":"https:\/\/api.w.org\/{rel}","templated":true}]}}