{"id":1936,"date":"2023-12-11T16:34:18","date_gmt":"2023-12-11T16:34:18","guid":{"rendered":"https:\/\/arisf.ca\/?page_id=1936"},"modified":"2023-12-12T13:44:33","modified_gmt":"2023-12-12T13:44:33","slug":"programme-de-rencontre-2024","status":"publish","type":"page","link":"https:\/\/arisf.ca\/fr\/programme-de-rencontre-2024\/","title":{"rendered":"Programme de rencontre 2024"},"content":{"rendered":"<section class=\"wpb-content-wrapper\"><div data-vc-full-width=\"true\" data-vc-full-width-init=\"false\" class=\"vc_row wpb_row vc_row-fluid vc_custom_1696266937061\"><div class=\"wpb_column vc_column_container vc_col-sm-12\"><div class=\"vc_column-inner\"><div class=\"wpb_wrapper\"><div class=\"vc_empty_space\"   style=\"height: 45px\"><span class=\"vc_empty_space_inner\"><\/span><\/div><div class=\"vc_row wpb_row vc_inner vc_row-fluid\"><div class=\"wpb_column vc_column_container vc_col-sm-12 vc_col-lg-offset-1 vc_col-lg-10\"><div class=\"vc_column-inner\"><div class=\"wpb_wrapper\"><div class=\"red-heading vc_custom_1702388661359 layout-default text-center\"><h2 class=\"heading\" style=\"font-size: 44px;color: #dd3333;line-height: 57px;letter-spacing:-0.06em\"><span class=\"style5\"> Programme de rencontre 2024<\/span> <\/h2><\/div><\/div><\/div><\/div><\/div><div class=\"vc_empty_space\"   style=\"height: 15px\"><span class=\"vc_empty_space_inner\"><\/span><\/div><div class=\"vc_row wpb_row vc_inner vc_row-fluid vc_custom_1696265514518\"><div class=\"wpb_column vc_column_container vc_col-sm-12\"><div class=\"vc_column-inner vc_custom_1702304109426\"><div class=\"wpb_wrapper\">\r\n\t<div class=\"wpb_text_column wpb_content_element  vc_custom_1702388670905\">\r\n\t\t<div class=\"wpb_wrapper\" style=\"font-size:16px;line-height:28px;color:#0a0a0a;letter-spacing:-0.03em\">\r\n\t\t\t<p>Le programme de rencontre d&#8217;amiti\u00e9s, amoureux, fraternelles des nouveaux arrivants, organis\u00e9 par l&#8217;association des r\u00e9fugi\u00e9s et immigr\u00e9s sans fronti\u00e8res, promet d&#8217;\u00eatre un \u00e9v\u00e9nement inoubliable. Pr\u00e9vu sur trois journ\u00e9es, du 12 au 14 f\u00e9vrier 2024, cet \u00e9v\u00e9nement vise \u00e0 rassembler les nouveaux arrivants et \u00e0 renforcer les liens d&#8217;amiti\u00e9, d&#8217;amour et de fraternit\u00e9 entre eux. Au cours de ces trois jours, les participants pourront profiter de diverses activit\u00e9s, telles que des ateliers de cuisine, des s\u00e9ances de danse et de musique, ainsi que des jeux et des discussions sur les traditions et cultures de chacun. Ce sera \u00e9galement l&#8217;occasion pour les nouveaux arrivants de se faire de nouveaux amis et de se sentir int\u00e9gr\u00e9s dans leur nouvelle communaut\u00e9. Ce programme de gala t\u00e9moigne de l&#8217;engagement de l&#8217;association envers l&#8217;accueil et l&#8217;int\u00e9gration des personnes r\u00e9fugi\u00e9es et immigr\u00e9es, en leur offrant un espace chaleureux pour se rencontrer et partager des moments pr\u00e9cieux ensemble.<\/p>\n<p><span style=\"color: #ff0000\"><strong>Date:<\/strong> 12,13,14 F\u00e9vrier 2024<\/span><br \/>\n<span style=\"color: #ff0000\"><strong>Tarifs: 25$<\/strong><\/span><\/p>\n\r\n\t\t<\/div>\r\n\t<\/div>\r\n<\/div><\/div><\/div><\/div><div class=\"red-heading vc_custom_1702304141210 layout-default text-center\"><h2 class=\"heading\" style=\"font-size: 44px;line-height: 57px;letter-spacing:-0.06em\"><span class=\"style1\">Inscrivez-vous ici<\/span> <\/h2><\/div>\n\t<div class=\"wpb_raw_code wpb_content_element wpb_raw_html\" >\n\t\t<div class=\"wpb_wrapper\">\n\t\t\t<div class=\"forminator-ui forminator-custom-form forminator-custom-form-1937 forminator-design--flat  forminator_ajax\" data-forminator-render=\"0\" data-form=\"forminator-module-1937\" data-uid=\"69d549c04527b\"><br\/><\/div><form\n\t\t\t\tid=\"forminator-module-1937\"\n\t\t\t\tclass=\"forminator-ui forminator-custom-form forminator-custom-form-1937 forminator-design--flat  forminator_ajax\"\n\t\t\t\tmethod=\"post\"\n\t\t\t\tdata-forminator-render=\"0\"\n\t\t\t\tdata-form-id=\"1937\"\n\t\t\t\t\n\t\t\t\tdata-design=\"flat\"\n\t\t\t\t\n\t\t\t\t\n\t\t\t\t\n\t\t\t\tdata-grid=\"open\"\n\t\t\t\t\n\t\t\t\t\n\t\t\t\tstyle=\"display: none;\"\n\t\t\t\t\n\t\t\t\tdata-uid=\"69d549c04527b\" action=\"\"\n\t\t\t><div role=\"alert\" aria-live=\"polite\" class=\"forminator-response-message forminator-error\" aria-hidden=\"true\"><\/div><div class=\"forminator-row\"><div id=\"name-1\" class=\"forminator-field-name forminator-col forminator-col-12\"><div class=\"forminator-row forminator-no-margin\" data-multiple=\"true\"><div class=\"forminator-col forminator-col-md-6\"><div class=\"forminator-field\"><label for=\"forminator-field-first-name-1_69d549c04527b\" class=\"forminator-label\" id=\"forminator-field-first-name-1_69d549c04527b-label\">Pr\u00e9nom <span class=\"forminator-required\">*<\/span><\/label><input type=\"text\" name=\"name-1-first-name\" placeholder=\"E.g. John\" id=\"forminator-field-first-name-1_69d549c04527b\" class=\"forminator-input\" aria-required=\"true\" data-multi=\"1\" value=\"\" \/><\/div><\/div><div class=\"forminator-col forminator-col-md-6\"><div class=\"forminator-field\"><label for=\"forminator-field-last-name-1_69d549c04527b\" class=\"forminator-label\" id=\"forminator-field-last-name-1_69d549c04527b-label\">Nom <span class=\"forminator-required\">*<\/span><\/label><input type=\"text\" name=\"name-1-last-name\" placeholder=\"E.g. Doe\" id=\"forminator-field-last-name-1_69d549c04527b\" class=\"forminator-input\" aria-required=\"true\" data-multi=\"1\" value=\"\" \/><\/div><\/div><\/div><\/div><\/div><div class=\"forminator-row\"><div id=\"email-1\" class=\"forminator-field-email forminator-col forminator-col-12\"><div class=\"forminator-field\"><label for=\"forminator-field-email-1_69d549c04527b\" class=\"forminator-label\" id=\"forminator-field-email-1_69d549c04527b-label\">Adresse e-mail <span class=\"forminator-required\">*<\/span><\/label><input type=\"email\" name=\"email-1\" value=\"\" placeholder=\"E.g. john@doe.com\" id=\"forminator-field-email-1_69d549c04527b\" class=\"forminator-input forminator-email--field\" data-required=\"true\" aria-required=\"true\" \/><\/div><\/div><\/div><div class=\"forminator-row\"><div id=\"phone-1\" class=\"forminator-field-phone forminator-col forminator-col-6\"><div class=\"forminator-field\"><label for=\"forminator-field-phone-1_69d549c04527b\" class=\"forminator-label\" id=\"forminator-field-phone-1_69d549c04527b-label\">Num\u00e9ro de t\u00e9l\u00e9phone <span class=\"forminator-required\">*<\/span><\/label><input type=\"text\" name=\"phone-1\" value=\"\" placeholder=\"E.g. +1 3004005000\" id=\"forminator-field-phone-1_69d549c04527b\" class=\"forminator-input forminator-field--phone\" data-required=\"1\" aria-required=\"true\" autocomplete=\"off\" data-validation=\"1\" \/><\/div><\/div><div id=\"textarea-2\" class=\"forminator-field-textarea forminator-col forminator-col-6\"><div class=\"forminator-field\"><label for=\"forminator-field-textarea-2_69d549c04527b\" id=\"forminator-field-textarea-2_69d549c04527b-label\" class=\"forminator-label\">Member code<\/label><textarea name=\"textarea-2\" placeholder=\"\" id=\"forminator-field-textarea-2_69d549c04527b\" class=\"forminator-textarea\" rows=\"6\" style=\"min-height:140px;\" aria-describedby=\"forminator-field-textarea-2_69d549c04527b-description\" ><\/textarea><span id=\"forminator-field-textarea-2_69d549c04527b-description\" class=\"forminator-description\">Enter your member code to access amazing benefits. Note: If you don&#039;t have a member code, leave the space empty.<\/span><\/div><\/div><\/div><div class=\"forminator-row\"><div id=\"textarea-1\" class=\"forminator-field-textarea forminator-col forminator-col-12\"><div class=\"forminator-field\"><label for=\"forminator-field-textarea-1_69d549c04527b\" id=\"forminator-field-textarea-1_69d549c04527b-label\" class=\"forminator-label\">Notes suppl\u00e9mentaires<\/label><textarea name=\"textarea-1\" placeholder=\"\" id=\"forminator-field-textarea-1_69d549c04527b\" class=\"forminator-textarea\" rows=\"6\" style=\"min-height:140px;\" maxlength=\"180\" ><\/textarea><span id=\"forminator-field-textarea-1_69d549c04527b-description\" class=\"forminator-description\"><span data-limit=\"180\" data-type=\"characters\">0 \/ 180<\/span><\/span><\/div><\/div><\/div><input type=\"hidden\" name=\"referer_url\" value=\"\" \/><div class=\"forminator-row forminator-row-last\"><div class=\"forminator-col\"><div class=\"forminator-field\"><button class=\"forminator-button forminator-button-submit\">Envoyer la demande<\/button><\/div><\/div><\/div><input type=\"hidden\" id=\"forminator_nonce\" name=\"forminator_nonce\" value=\"dc7dc11072\" \/><input type=\"hidden\" name=\"_wp_http_referer\" value=\"\/fr\/wp-json\/wp\/v2\/pages\/1936\" \/><input type=\"hidden\" name=\"form_id\" value=\"1937\"><input type=\"hidden\" name=\"page_id\" value=\"1936\"><input type=\"hidden\" name=\"form_type\" value=\"default\"><input type=\"hidden\" name=\"current_url\" value=\"https:\/\/arisf.ca\/fr\/programme-de-rencontre-2024\/\"><input type=\"hidden\" name=\"render_id\" value=\"0\"><input type=\"hidden\" name=\"action\" value=\"forminator_submit_form_custom-forms\"><input type=\"hidden\" name=\"trp-form-language\" value=\"fr\"\/><\/form>\n\t\t<\/div>\n\t<\/div>\n<div class=\"vc_empty_space\"   style=\"height: 45px\"><span class=\"vc_empty_space_inner\"><\/span><\/div><\/div><\/div><\/div><\/div><div class=\"vc_row-full-width vc_clearfix\"><\/div>\n<\/section>","protected":false},"excerpt":{"rendered":"Programme de rencontre 2024 Le programme de rencontre d'amiti\u00e9s, amoureux, fraternelles des nouveaux arrivants, organis\u00e9 par l'association des r\u00e9fugi\u00e9s et immigr\u00e9s sans fronti\u00e8res, promet d'\u00eatre un \u00e9v\u00e9nement inoubliable. Pr\u00e9vu sur","protected":false},"author":1,"featured_media":0,"parent":0,"menu_order":0,"comment_status":"closed","ping_status":"closed","template":"","meta":{"footnotes":""},"class_list":["post-1936","page","type-page","status-publish","hentry"],"_links":{"self":[{"href":"https:\/\/arisf.ca\/fr\/wp-json\/wp\/v2\/pages\/1936"}],"collection":[{"href":"https:\/\/arisf.ca\/fr\/wp-json\/wp\/v2\/pages"}],"about":[{"href":"https:\/\/arisf.ca\/fr\/wp-json\/wp\/v2\/types\/page"}],"author":[{"embeddable":true,"href":"https:\/\/arisf.ca\/fr\/wp-json\/wp\/v2\/users\/1"}],"replies":[{"embeddable":true,"href":"https:\/\/arisf.ca\/fr\/wp-json\/wp\/v2\/comments?post=1936"}],"version-history":[{"count":3,"href":"https:\/\/arisf.ca\/fr\/wp-json\/wp\/v2\/pages\/1936\/revisions"}],"predecessor-version":[{"id":1987,"href":"https:\/\/arisf.ca\/fr\/wp-json\/wp\/v2\/pages\/1936\/revisions\/1987"}],"wp:attachment":[{"href":"https:\/\/arisf.ca\/fr\/wp-json\/wp\/v2\/media?parent=1936"}],"curies":[{"name":"wp","href":"https:\/\/api.w.org\/{rel}","templated":true}]}}