{"id":1942,"date":"2023-12-11T16:38:57","date_gmt":"2023-12-11T16:38:57","guid":{"rendered":"https:\/\/arisf.ca\/?page_id=1942"},"modified":"2025-03-25T12:41:39","modified_gmt":"2025-03-25T17:41:39","slug":"journee-mondiale-des-refugies","status":"publish","type":"page","link":"https:\/\/arisf.ca\/fr\/journee-mondiale-des-refugies\/","title":{"rendered":"Journ\u00e9e mondiale des r\u00e9fugi\u00e9s"},"content":{"rendered":"<section class=\"wpb-content-wrapper\"><div data-vc-full-width=\"true\" data-vc-full-width-init=\"false\" class=\"vc_row wpb_row vc_row-fluid vc_custom_1696266937061\"><div class=\"wpb_column vc_column_container vc_col-sm-12\"><div class=\"vc_column-inner\"><div class=\"wpb_wrapper\"><div class=\"vc_empty_space\"   style=\"height: 45px\"><span class=\"vc_empty_space_inner\"><\/span><\/div><div class=\"vc_row wpb_row vc_inner vc_row-fluid\"><div class=\"wpb_column vc_column_container vc_col-sm-12 vc_col-lg-offset-1 vc_col-lg-10\"><div class=\"vc_column-inner\"><div class=\"wpb_wrapper\"><div class=\"red-heading vc_custom_1702387689008 layout-default text-center\"><h2 class=\"heading\" style=\"font-size: 44px;color: #dd9933;line-height: 57px;letter-spacing:-0.06em\"><span class=\"style5\">Journ\u00e9e mondiale des r\u00e9fugi\u00e9s<\/span> <\/h2><\/div><\/div><\/div><\/div><\/div><div class=\"vc_empty_space\"   style=\"height: 15px\"><span class=\"vc_empty_space_inner\"><\/span><\/div><div class=\"red-heading vc_custom_1702304141210 layout-default text-center\"><h2 class=\"heading\" style=\"font-size: 44px;line-height: 57px;letter-spacing:-0.06em\"><span class=\"style1\">Inscrivez-vous ici<\/span> <\/h2><\/div>\n\t<div class=\"wpb_raw_code wpb_content_element wpb_raw_html\" >\n\t\t<div class=\"wpb_wrapper\">\n\t\t\t<div class=\"forminator-ui forminator-custom-form forminator-custom-form-1943 forminator-design--flat  forminator_ajax\" data-forminator-render=\"0\" data-form=\"forminator-module-1943\" data-uid=\"69f5cf7ae8416\"><br\/><\/div><form\n\t\t\t\tid=\"forminator-module-1943\"\n\t\t\t\tclass=\"forminator-ui forminator-custom-form forminator-custom-form-1943 forminator-design--flat  forminator_ajax\"\n\t\t\t\tmethod=\"post\"\n\t\t\t\tdata-forminator-render=\"0\"\n\t\t\t\tdata-form-id=\"1943\"\n\t\t\t\t\n\t\t\t\tdata-design=\"flat\"\n\t\t\t\t\n\t\t\t\t\n\t\t\t\t\n\t\t\t\tdata-grid=\"open\"\n\t\t\t\t\n\t\t\t\t\n\t\t\t\tstyle=\"display: none;\"\n\t\t\t\t\n\t\t\t\tdata-uid=\"69f5cf7ae8416\" action=\"\"\n\t\t\t><div role=\"alert\" aria-live=\"polite\" class=\"forminator-response-message forminator-error\" aria-hidden=\"true\"><\/div><div class=\"forminator-row\"><div id=\"name-1\" class=\"forminator-field-name forminator-col forminator-col-12\"><div class=\"forminator-row forminator-no-margin\" data-multiple=\"true\"><div class=\"forminator-col forminator-col-md-6\"><div class=\"forminator-field\"><label for=\"forminator-field-first-name-1_69f5cf7ae8416\" class=\"forminator-label\" id=\"forminator-field-first-name-1_69f5cf7ae8416-label\">Pr\u00e9nom <span class=\"forminator-required\">*<\/span><\/label><input type=\"text\" name=\"name-1-first-name\" placeholder=\"E.g. John\" id=\"forminator-field-first-name-1_69f5cf7ae8416\" class=\"forminator-input\" aria-required=\"true\" data-multi=\"1\" value=\"\" \/><\/div><\/div><div class=\"forminator-col forminator-col-md-6\"><div class=\"forminator-field\"><label for=\"forminator-field-last-name-1_69f5cf7ae8416\" class=\"forminator-label\" id=\"forminator-field-last-name-1_69f5cf7ae8416-label\">Nom <span class=\"forminator-required\">*<\/span><\/label><input type=\"text\" name=\"name-1-last-name\" placeholder=\"E.g. Doe\" id=\"forminator-field-last-name-1_69f5cf7ae8416\" class=\"forminator-input\" aria-required=\"true\" data-multi=\"1\" value=\"\" \/><\/div><\/div><\/div><\/div><\/div><div class=\"forminator-row\"><div id=\"email-1\" class=\"forminator-field-email forminator-col forminator-col-12\"><div class=\"forminator-field\"><label for=\"forminator-field-email-1_69f5cf7ae8416\" class=\"forminator-label\" id=\"forminator-field-email-1_69f5cf7ae8416-label\">Adresse e-mail <span class=\"forminator-required\">*<\/span><\/label><input type=\"email\" name=\"email-1\" value=\"\" placeholder=\"E.g. john@doe.com\" id=\"forminator-field-email-1_69f5cf7ae8416\" class=\"forminator-input forminator-email--field\" data-required=\"true\" aria-required=\"true\" \/><\/div><\/div><\/div><div class=\"forminator-row\"><div id=\"phone-1\" class=\"forminator-field-phone forminator-col forminator-col-12\"><div class=\"forminator-field\"><label for=\"forminator-field-phone-1_69f5cf7ae8416\" class=\"forminator-label\" id=\"forminator-field-phone-1_69f5cf7ae8416-label\">Num\u00e9ro de t\u00e9l\u00e9phone <span class=\"forminator-required\">*<\/span><\/label><input type=\"text\" name=\"phone-1\" value=\"\" placeholder=\"E.g. +1 3004005000\" id=\"forminator-field-phone-1_69f5cf7ae8416\" class=\"forminator-input forminator-field--phone\" data-required=\"1\" aria-required=\"true\" autocomplete=\"off\" data-validation=\"1\" \/><\/div><\/div><\/div><div class=\"forminator-row\"><div id=\"textarea-1\" class=\"forminator-field-textarea forminator-col forminator-col-12\"><div class=\"forminator-field\"><label for=\"forminator-field-textarea-1_69f5cf7ae8416\" id=\"forminator-field-textarea-1_69f5cf7ae8416-label\" class=\"forminator-label\">Notes suppl\u00e9mentaires<\/label><textarea name=\"textarea-1\" placeholder=\"\" id=\"forminator-field-textarea-1_69f5cf7ae8416\" class=\"forminator-textarea\" rows=\"6\" style=\"min-height:140px;\" maxlength=\"180\" ><\/textarea><span id=\"forminator-field-textarea-1_69f5cf7ae8416-description\" class=\"forminator-description\"><span data-limit=\"180\" data-type=\"characters\">0 \/ 180<\/span><\/span><\/div><\/div><\/div><input type=\"hidden\" name=\"referer_url\" value=\"\" \/><div class=\"forminator-row forminator-row-last\"><div class=\"forminator-col\"><div class=\"forminator-field\"><button class=\"forminator-button forminator-button-submit\">Envoyer la demande<\/button><\/div><\/div><\/div><input type=\"hidden\" id=\"forminator_nonce\" name=\"forminator_nonce\" value=\"2f60d2619b\" \/><input type=\"hidden\" name=\"_wp_http_referer\" value=\"\/fr\/wp-json\/wp\/v2\/pages\/1942\" \/><input type=\"hidden\" name=\"form_id\" value=\"1943\"><input type=\"hidden\" name=\"page_id\" value=\"1942\"><input type=\"hidden\" name=\"form_type\" value=\"default\"><input type=\"hidden\" name=\"current_url\" value=\"https:\/\/arisf.ca\/fr\/journee-mondiale-des-refugies\/\"><input type=\"hidden\" name=\"render_id\" value=\"0\"><input type=\"hidden\" name=\"action\" value=\"forminator_submit_form_custom-forms\"><input type=\"hidden\" name=\"trp-form-language\" value=\"fr\"\/><\/form>\n\t\t<\/div>\n\t<\/div>\n<div class=\"vc_empty_space\"   style=\"height: 45px\"><span class=\"vc_empty_space_inner\"><\/span><\/div><\/div><\/div><\/div><\/div><div class=\"vc_row-full-width vc_clearfix\"><\/div>\n<\/section>","protected":false},"excerpt":{"rendered":"Journ\u00e9e mondiale des r\u00e9fugi\u00e9s Inscrivez-vous ici Pr\u00e9nom *Nom *Adresse e-mail *Num\u00e9ro de t\u00e9l\u00e9phone *Notes suppl\u00e9mentaires0 \/ 180Envoyer la demande","protected":false},"author":1,"featured_media":0,"parent":0,"menu_order":0,"comment_status":"closed","ping_status":"closed","template":"","meta":{"footnotes":""},"class_list":["post-1942","page","type-page","status-publish","hentry"],"_links":{"self":[{"href":"https:\/\/arisf.ca\/fr\/wp-json\/wp\/v2\/pages\/1942"}],"collection":[{"href":"https:\/\/arisf.ca\/fr\/wp-json\/wp\/v2\/pages"}],"about":[{"href":"https:\/\/arisf.ca\/fr\/wp-json\/wp\/v2\/types\/page"}],"author":[{"embeddable":true,"href":"https:\/\/arisf.ca\/fr\/wp-json\/wp\/v2\/users\/1"}],"replies":[{"embeddable":true,"href":"https:\/\/arisf.ca\/fr\/wp-json\/wp\/v2\/comments?post=1942"}],"version-history":[{"count":5,"href":"https:\/\/arisf.ca\/fr\/wp-json\/wp\/v2\/pages\/1942\/revisions"}],"predecessor-version":[{"id":2968,"href":"https:\/\/arisf.ca\/fr\/wp-json\/wp\/v2\/pages\/1942\/revisions\/2968"}],"wp:attachment":[{"href":"https:\/\/arisf.ca\/fr\/wp-json\/wp\/v2\/media?parent=1942"}],"curies":[{"name":"wp","href":"https:\/\/api.w.org\/{rel}","templated":true}]}}