{"id":2075,"date":"2024-02-23T15:51:51","date_gmt":"2024-02-23T20:51:51","guid":{"rendered":"https:\/\/arisf.ca\/?page_id=2075"},"modified":"2026-01-14T12:28:41","modified_gmt":"2026-01-14T17:28:41","slug":"donations-arisf","status":"publish","type":"page","link":"https:\/\/arisf.ca\/fr\/donations-arisf\/","title":{"rendered":"Donations"},"content":{"rendered":"<section class=\"wpb-content-wrapper\"><div data-vc-full-width=\"true\" data-vc-full-width-init=\"false\" class=\"vc_row wpb_row vc_row-fluid vc_custom_1696269596210\"><div class=\"wpb_column vc_column_container vc_col-sm-12\"><div class=\"vc_column-inner\"><div class=\"wpb_wrapper\"><div class=\"vc_row wpb_row vc_inner vc_row-fluid\"><div class=\"wpb_column vc_column_container vc_col-sm-12 vc_col-lg-offset-1 vc_col-lg-10\"><div class=\"vc_column-inner\"><div class=\"wpb_wrapper\"><div class=\"red-heading vc_custom_1768362871799 layout-default text-center\"><h2 class=\"heading\" style=\"font-size: 44px;line-height: 57px;letter-spacing:-0.06em\"><span class=\"style5\">Faire un Don<\/span> <\/h2><\/div><\/div><\/div><\/div><\/div>\r\n\t<div class=\"wpb_text_column wpb_content_element\">\r\n\t\t<div class=\"wpb_wrapper\">\r\n\t\t\t<h4 style=\"text-align: center\">Chaque geste compte pour b\u00e2tir des ponts.<\/h4>\n<h4 style=\"text-align: left\">Votre g\u00e9n\u00e9rosit\u00e9 est le moteur de notre ind\u00e9pendance et de notre cr\u00e9ativit\u00e9. En donnant \u00e0 l'ARISF, vous soutenez directement:<\/h4>\n\r\n\t\t<\/div>\r\n\t<\/div>\r\n\r\n\t<div class=\"wpb_text_column wpb_content_element\">\r\n\t\t<div class=\"wpb_wrapper\">\r\n\t\t\t<ul>\n<li data-start=\"2227\" data-end=\"2265\">\n<h4 style=\"text-align: left\">Le financement des ateliers gratuits pour les r\u00e9fugi\u00e9s.<\/h4>\n<\/li>\n<li style=\"text-align: left\" data-start=\"2268\" data-end=\"2314\">\n<h4>L'organisation du festival culturel Petit Open.<\/h4>\n<\/li>\n<li style=\"text-align: left\" data-start=\"2268\" data-end=\"2314\">\n<h4>L'achat de mat\u00e9riel pour les entrepreneurs en d\u00e9marrage.<\/h4>\n<\/li>\n<li style=\"list-style-type: none\"><\/li>\n<\/ul>\n\r\n\t\t<\/div>\r\n\t<\/div>\r\n<\/div><\/div><\/div><\/div><div class=\"vc_row-full-width vc_clearfix\"><\/div><div class=\"vc_row wpb_row vc_row-fluid\"><div class=\"wpb_column vc_column_container vc_col-sm-3\"><div class=\"vc_column-inner\"><div class=\"wpb_wrapper\"><\/div><\/div><\/div><div class=\"wpb_column vc_column_container vc_col-sm-6\"><div class=\"vc_column-inner\"><div class=\"wpb_wrapper\"><div class=\"vc_empty_space\"   style=\"height: 32px\"><span class=\"vc_empty_space_inner\"><\/span><\/div><div class=\"vc_btn3-container vc_btn3-center\" ><a class=\"vc_general vc_btn3 vc_btn3-size-md vc_btn3-shape-rounded vc_btn3-style-modern vc_btn3-icon-left vc_btn3-color-danger\" href=\"https:\/\/donate.stripe.com\/fZe9BtfvH7SjaIM3cg\" title=\"\"><i class=\"vc_btn3-icon fas fa-angle-right\"><\/i> Faire un Don<\/a><\/div><\/div><\/div><\/div><div class=\"wpb_column vc_column_container vc_col-sm-3\"><div class=\"vc_column-inner\"><div class=\"wpb_wrapper\"><\/div><\/div><\/div><\/div><div class=\"vc_row wpb_row vc_row-fluid\"><div class=\"wpb_column vc_column_container vc_col-sm-12\"><div class=\"vc_column-inner\"><div class=\"wpb_wrapper\"><div class=\"vc_empty_space\"   style=\"height: 32px\"><span class=\"vc_empty_space_inner\"><\/span><\/div>\r\n\t<div class=\"wpb_text_column wpb_content_element\">\r\n\t\t<div class=\"wpb_wrapper\">\r\n\t\t\t<h4 style=\"text-align: center\">Your donation directly supports the integration of newcomers, refugees, and immigrants through entrepreneurial mentorship.<br \/>\n* 25$ \u2014 Mat\u00e9riel de formation \/ Training materials<br \/>\n* 50$ \u2014 Session de mentorat \/ Mentorship session<br \/>\n* 100$ \u2014 Soutien Festival Petit Open \/ Festival Support<br \/>\n*\u00a0 Autre montant \/ Other amount<\/h4>\n\r\n\t\t<\/div>\r\n\t<\/div>\r\n<\/div><\/div><\/div><\/div><div class=\"vc_row wpb_row vc_row-fluid\"><div class=\"wpb_column vc_column_container vc_col-sm-12\"><div class=\"vc_column-inner\"><div class=\"wpb_wrapper\"><div class=\"vc_empty_space\"   style=\"height: 32px\"><span class=\"vc_empty_space_inner\"><\/span><\/div><\/div><\/div><\/div><\/div><div class=\"vc_row wpb_row vc_row-fluid\"><div class=\"wpb_column vc_column_container vc_col-sm-12\"><div class=\"vc_column-inner\"><div class=\"wpb_wrapper\"><div class=\"vc_empty_space\"   style=\"height: 32px\"><span class=\"vc_empty_space_inner\"><\/span><\/div><\/div><\/div><\/div><\/div>\n<\/section>","protected":false},"excerpt":{"rendered":"Make a Donation Every gesture counts to build bridges. Your generosity fuels our independence and creativity. By donating to ARISF, you directly support: Funding free workshops for refugees. Organizing the","protected":false},"author":1,"featured_media":0,"parent":0,"menu_order":0,"comment_status":"closed","ping_status":"closed","template":"","meta":{"footnotes":""},"class_list":["post-2075","page","type-page","status-publish","hentry"],"_links":{"self":[{"href":"https:\/\/arisf.ca\/fr\/wp-json\/wp\/v2\/pages\/2075"}],"collection":[{"href":"https:\/\/arisf.ca\/fr\/wp-json\/wp\/v2\/pages"}],"about":[{"href":"https:\/\/arisf.ca\/fr\/wp-json\/wp\/v2\/types\/page"}],"author":[{"embeddable":true,"href":"https:\/\/arisf.ca\/fr\/wp-json\/wp\/v2\/users\/1"}],"replies":[{"embeddable":true,"href":"https:\/\/arisf.ca\/fr\/wp-json\/wp\/v2\/comments?post=2075"}],"version-history":[{"count":18,"href":"https:\/\/arisf.ca\/fr\/wp-json\/wp\/v2\/pages\/2075\/revisions"}],"predecessor-version":[{"id":3460,"href":"https:\/\/arisf.ca\/fr\/wp-json\/wp\/v2\/pages\/2075\/revisions\/3460"}],"wp:attachment":[{"href":"https:\/\/arisf.ca\/fr\/wp-json\/wp\/v2\/media?parent=2075"}],"curies":[{"name":"wp","href":"https:\/\/api.w.org\/{rel}","templated":true}]}}