{"id":2091,"date":"2024-02-02T08:12:07","date_gmt":"2024-02-02T13:12:07","guid":{"rendered":"https:\/\/arisf.ca\/?page_id=2091"},"modified":"2024-03-01T08:17:29","modified_gmt":"2024-03-01T13:17:29","slug":"rejoignez-notre-cause-soutenez-arisf-dans-son-travail-pour-les-refugies-et-les-immigrants","status":"publish","type":"page","link":"https:\/\/arisf.ca\/fr\/rejoignez-notre-cause-soutenez-arisf-dans-son-travail-pour-les-refugies-et-les-immigrants\/","title":{"rendered":"Rejoignez notre cause : Soutenez ARISF dans son travail pour les r\u00e9fugi\u00e9s et les immigrants"},"content":{"rendered":"<section class=\"wpb-content-wrapper\"><div data-vc-full-width=\"true\" data-vc-full-width-init=\"false\" class=\"vc_row wpb_row vc_row-fluid vc_custom_1696266937061\"><div class=\"wpb_column vc_column_container vc_col-sm-12\"><div class=\"vc_column-inner\"><div class=\"wpb_wrapper\"><div class=\"vc_empty_space\"   style=\"height: 45px\"><span class=\"vc_empty_space_inner\"><\/span><\/div><div class=\"vc_row wpb_row vc_inner vc_row-fluid\"><div class=\"wpb_column vc_column_container vc_col-sm-12 vc_col-lg-offset-1 vc_col-lg-10\"><div class=\"vc_column-inner\"><div class=\"wpb_wrapper\"><div class=\"red-heading vc_custom_1709298623276 layout-default text-center\"><h2 class=\"heading\" style=\"font-size: 44px;color: #dd3333;line-height: 57px;letter-spacing:-0.06em\"><span class=\"style5\">Rejoignez notre cause : Soutenez ARISF dans son travail pour les r\u00e9fugi\u00e9s et les immigrants<\/span> <\/h2><\/div><\/div><\/div><\/div><\/div><div class=\"vc_empty_space\"   style=\"height: 15px\"><span class=\"vc_empty_space_inner\"><\/span><\/div><div class=\"vc_row wpb_row vc_inner vc_row-fluid vc_custom_1696265514518\"><div class=\"wpb_column vc_column_container vc_col-sm-12\"><div class=\"vc_column-inner vc_custom_1702304109426\"><div class=\"wpb_wrapper\">\r\n\t<div class=\"wpb_text_column wpb_content_element  vc_custom_1709298658415\">\r\n\t\t<div class=\"wpb_wrapper\" style=\"font-size:16px;line-height:28px;color:#0a0a0a;letter-spacing:-0.03em\">\r\n\t\t\t<p>Bonjour \u00e0 tous, l&#8217;association des r\u00e9fugi\u00e9s et immigr\u00e9s sans fronti\u00e8res a besoin de votre aide pour pouvoir poursuivre ses actions en faveur de notre communaut\u00e9. Nous sommes \u00e0 la recherche de nouveaux membres d\u00e9vou\u00e9s qui partagent notre passion pour les services communautaires et qui souhaitent contribuer \u00e0 am\u00e9liorer le bien-\u00eatre des personnes r\u00e9fugi\u00e9es et immigr\u00e9es. Si vous \u00eates une personne engag\u00e9e et d\u00e9sireuse d&#8217;aider les autres, nous serions ravis de vous compter parmi nous en tant que membre ou membre du conseil d&#8217;administration. N&#8217;h\u00e9sitez pas \u00e0 vous inscrire d\u00e8s maintenant pour rejoindre notre cause et faire une diff\u00e9rence dans la vie de nos concitoyens. Ensemble, nous pouvons cr\u00e9er un avenir meilleur pour tous.<br \/>\n<span style=\"color: #ff0000\">Courriel:<\/span> info@arisf.ca<br \/>\n<span style=\"color: #ff0000\">Tel:<\/span> 514-209-2014<br \/>\n4724 boulevard saint Charles<\/p>\n<p>Merci pour votre soutien !<\/p>\n\r\n\t\t<\/div>\r\n\t<\/div>\r\n<\/div><\/div><\/div><\/div>\n\t<div  class=\"wpb_single_image wpb_content_element vc_align_center\">\n\t\t\n\t\t<figure class=\"wpb_wrapper vc_figure\">\n\t\t\t<div class=\"vc_single_image-wrapper   vc_box_border_grey\"><img loading=\"lazy\" decoding=\"async\" width=\"412\" height=\"345\" src=\"https:\/\/arisf.ca\/wp-content\/uploads\/sites\/4\/2024\/03\/425014887_246736108475315_2924150540879106820_n-412x345.jpg\" class=\"vc_single_image-img attachment-medium\" alt=\"\" title=\"425014887_246736108475315_2924150540879106820_n\" srcset=\"https:\/\/arisf.ca\/wp-content\/uploads\/sites\/4\/2024\/03\/425014887_246736108475315_2924150540879106820_n-412x345.jpg 412w, https:\/\/arisf.ca\/wp-content\/uploads\/sites\/4\/2024\/03\/425014887_246736108475315_2924150540879106820_n-626x525.jpg 626w, https:\/\/arisf.ca\/wp-content\/uploads\/sites\/4\/2024\/03\/425014887_246736108475315_2924150540879106820_n-370x310.jpg 370w, https:\/\/arisf.ca\/wp-content\/uploads\/sites\/4\/2024\/03\/425014887_246736108475315_2924150540879106820_n-768x644.jpg 768w, https:\/\/arisf.ca\/wp-content\/uploads\/sites\/4\/2024\/03\/425014887_246736108475315_2924150540879106820_n-14x12.jpg 14w, https:\/\/arisf.ca\/wp-content\/uploads\/sites\/4\/2024\/03\/425014887_246736108475315_2924150540879106820_n.jpg 940w\" sizes=\"(max-width: 412px) 100vw, 412px\" \/><\/div>\n\t\t<\/figure>\n\t<\/div>\n<\/div><\/div><\/div><\/div><div class=\"vc_row-full-width vc_clearfix\"><\/div>\n<\/section>","protected":false},"excerpt":{"rendered":"Rejoignez notre cause : Soutenez ARISF dans son travail pour les r\u00e9fugi\u00e9s et les immigrants Bonjour \u00e0 tous, l'association des r\u00e9fugi\u00e9s et immigr\u00e9s sans fronti\u00e8res a besoin de votre aide","protected":false},"author":1,"featured_media":0,"parent":0,"menu_order":0,"comment_status":"closed","ping_status":"closed","template":"","meta":{"footnotes":""},"class_list":["post-2091","page","type-page","status-publish","hentry"],"_links":{"self":[{"href":"https:\/\/arisf.ca\/fr\/wp-json\/wp\/v2\/pages\/2091"}],"collection":[{"href":"https:\/\/arisf.ca\/fr\/wp-json\/wp\/v2\/pages"}],"about":[{"href":"https:\/\/arisf.ca\/fr\/wp-json\/wp\/v2\/types\/page"}],"author":[{"embeddable":true,"href":"https:\/\/arisf.ca\/fr\/wp-json\/wp\/v2\/users\/1"}],"replies":[{"embeddable":true,"href":"https:\/\/arisf.ca\/fr\/wp-json\/wp\/v2\/comments?post=2091"}],"version-history":[{"count":2,"href":"https:\/\/arisf.ca\/fr\/wp-json\/wp\/v2\/pages\/2091\/revisions"}],"predecessor-version":[{"id":2094,"href":"https:\/\/arisf.ca\/fr\/wp-json\/wp\/v2\/pages\/2091\/revisions\/2094"}],"wp:attachment":[{"href":"https:\/\/arisf.ca\/fr\/wp-json\/wp\/v2\/media?parent=2091"}],"curies":[{"name":"wp","href":"https:\/\/api.w.org\/{rel}","templated":true}]}}