{"id":2095,"date":"2024-03-01T08:20:16","date_gmt":"2024-03-01T13:20:16","guid":{"rendered":"https:\/\/arisf.ca\/?page_id=2095"},"modified":"2024-03-01T08:20:38","modified_gmt":"2024-03-01T13:20:38","slug":"boutique-de-seconde-main-arisf-vetements-uniques-a-prix-abordables","status":"publish","type":"page","link":"https:\/\/arisf.ca\/fr\/boutique-de-seconde-main-arisf-vetements-uniques-a-prix-abordables\/","title":{"rendered":"Boutique de Seconde Main ARISF : V\u00eatements Uniques \u00e0 Prix Abordables"},"content":{"rendered":"<section class=\"wpb-content-wrapper\"><div data-vc-full-width=\"true\" data-vc-full-width-init=\"false\" class=\"vc_row wpb_row vc_row-fluid vc_custom_1696266937061\"><div class=\"wpb_column vc_column_container vc_col-sm-12\"><div class=\"vc_column-inner\"><div class=\"wpb_wrapper\"><div class=\"vc_empty_space\"   style=\"height: 45px\"><span class=\"vc_empty_space_inner\"><\/span><\/div><div class=\"vc_row wpb_row vc_inner vc_row-fluid\"><div class=\"wpb_column vc_column_container vc_col-sm-12 vc_col-lg-offset-1 vc_col-lg-10\"><div class=\"vc_column-inner\"><div class=\"wpb_wrapper\"><div class=\"red-heading vc_custom_1709299105253 layout-default text-center\"><h2 class=\"heading\" style=\"font-size: 44px;color: #dd3333;line-height: 57px;letter-spacing:-0.06em\"><span class=\"style5\">Boutique de Seconde Main ARISF : V\u00eatements Uniques \u00e0 Prix Abordables<\/span> <\/h2><\/div><\/div><\/div><\/div><\/div><div class=\"vc_empty_space\"   style=\"height: 15px\"><span class=\"vc_empty_space_inner\"><\/span><\/div><div class=\"vc_row wpb_row vc_inner vc_row-fluid vc_custom_1696265514518\"><div class=\"wpb_column vc_column_container vc_col-sm-12\"><div class=\"vc_column-inner vc_custom_1702304109426\"><div class=\"wpb_wrapper\">\r\n\t<div class=\"wpb_text_column wpb_content_element  vc_custom_1709299171356\">\r\n\t\t<div class=\"wpb_wrapper\" style=\"font-size:16px;line-height:28px;color:#0a0a0a;letter-spacing:-0.03em\">\r\n\t\t\t<p>Notre friperie est un lieu convivial et chaleureux o\u00f9 vous pourrez trouver des v\u00eatements uniques \u00e0 des prix abordables. Nous sommes ouverts de 9h \u00e0 18h, du lundi au vendredi, pour vous accueillir et vous aider \u00e0 trouver la perle rare. Cette semaine, nous avons une s\u00e9lection sp\u00e9ciale de v\u00eatements et accessoires pour tous les go\u00fbts et toutes les tailles. En achetant chez nous, vous soutenez notre association et nos missions caritatives. Alors n&#8217;h\u00e9sitez plus, venez nous rendre visite et faites une bonne action en vous offrant de belles pi\u00e8ces de seconde main !<\/p>\n\r\n\t\t<\/div>\r\n\t<\/div>\r\n<\/div><\/div><\/div><\/div>\n\t<div  class=\"wpb_single_image wpb_content_element vc_align_center\">\n\t\t\n\t\t<figure class=\"wpb_wrapper vc_figure\">\n\t\t\t<div class=\"vc_single_image-wrapper   vc_box_border_grey\"><img loading=\"lazy\" decoding=\"async\" width=\"194\" height=\"345\" src=\"https:\/\/arisf.ca\/wp-content\/uploads\/sites\/4\/2024\/03\/426178848_248856268263299_5964840575306653488_n-194x345.jpg\" class=\"vc_single_image-img attachment-medium\" alt=\"\" title=\"426178848_248856268263299_5964840575306653488_n\" srcset=\"https:\/\/arisf.ca\/wp-content\/uploads\/sites\/4\/2024\/03\/426178848_248856268263299_5964840575306653488_n-194x345.jpg 194w, https:\/\/arisf.ca\/wp-content\/uploads\/sites\/4\/2024\/03\/426178848_248856268263299_5964840575306653488_n-295x525.jpg 295w, https:\/\/arisf.ca\/wp-content\/uploads\/sites\/4\/2024\/03\/426178848_248856268263299_5964840575306653488_n-208x370.jpg 208w, https:\/\/arisf.ca\/wp-content\/uploads\/sites\/4\/2024\/03\/426178848_248856268263299_5964840575306653488_n-768x1365.jpg 768w, https:\/\/arisf.ca\/wp-content\/uploads\/sites\/4\/2024\/03\/426178848_248856268263299_5964840575306653488_n-7x12.jpg 7w, https:\/\/arisf.ca\/wp-content\/uploads\/sites\/4\/2024\/03\/426178848_248856268263299_5964840575306653488_n.jpg 810w\" sizes=\"(max-width: 194px) 100vw, 194px\" \/><\/div>\n\t\t<\/figure>\n\t<\/div>\n<\/div><\/div><\/div><\/div><div class=\"vc_row-full-width vc_clearfix\"><\/div>\n<\/section>","protected":false},"excerpt":{"rendered":"Boutique de Seconde Main ARISF : V\u00eatements Uniques \u00e0 Prix Abordables Notre friperie est un lieu convivial et chaleureux o\u00f9 vous pourrez trouver des v\u00eatements uniques \u00e0 des prix abordables.","protected":false},"author":1,"featured_media":0,"parent":0,"menu_order":0,"comment_status":"closed","ping_status":"closed","template":"","meta":{"footnotes":""},"class_list":["post-2095","page","type-page","status-publish","hentry"],"_links":{"self":[{"href":"https:\/\/arisf.ca\/fr\/wp-json\/wp\/v2\/pages\/2095"}],"collection":[{"href":"https:\/\/arisf.ca\/fr\/wp-json\/wp\/v2\/pages"}],"about":[{"href":"https:\/\/arisf.ca\/fr\/wp-json\/wp\/v2\/types\/page"}],"author":[{"embeddable":true,"href":"https:\/\/arisf.ca\/fr\/wp-json\/wp\/v2\/users\/1"}],"replies":[{"embeddable":true,"href":"https:\/\/arisf.ca\/fr\/wp-json\/wp\/v2\/comments?post=2095"}],"version-history":[{"count":2,"href":"https:\/\/arisf.ca\/fr\/wp-json\/wp\/v2\/pages\/2095\/revisions"}],"predecessor-version":[{"id":2098,"href":"https:\/\/arisf.ca\/fr\/wp-json\/wp\/v2\/pages\/2095\/revisions\/2098"}],"wp:attachment":[{"href":"https:\/\/arisf.ca\/fr\/wp-json\/wp\/v2\/media?parent=2095"}],"curies":[{"name":"wp","href":"https:\/\/api.w.org\/{rel}","templated":true}]}}