{"id":2103,"date":"2024-03-01T08:31:20","date_gmt":"2024-03-01T13:31:20","guid":{"rendered":"https:\/\/arisf.ca\/?page_id=2103"},"modified":"2024-03-01T08:31:25","modified_gmt":"2024-03-01T13:31:25","slug":"celebrons-la-diversite-mois-de-lhistoire-noire-avec-arisf","status":"publish","type":"page","link":"https:\/\/arisf.ca\/fr\/celebrons-la-diversite-mois-de-lhistoire-noire-avec-arisf\/","title":{"rendered":"C\u00e9l\u00e9brons la Diversit\u00e9 : Mois de l&#8217;Histoire Noire avec ARISF"},"content":{"rendered":"<section class=\"wpb-content-wrapper\"><div data-vc-full-width=\"true\" data-vc-full-width-init=\"false\" class=\"vc_row wpb_row vc_row-fluid vc_custom_1696266937061\"><div class=\"wpb_column vc_column_container vc_col-sm-12\"><div class=\"vc_column-inner\"><div class=\"wpb_wrapper\"><div class=\"vc_empty_space\"   style=\"height: 45px\"><span class=\"vc_empty_space_inner\"><\/span><\/div><div class=\"vc_row wpb_row vc_inner vc_row-fluid\"><div class=\"wpb_column vc_column_container vc_col-sm-12 vc_col-lg-offset-1 vc_col-lg-10\"><div class=\"vc_column-inner\"><div class=\"wpb_wrapper\"><div class=\"red-heading vc_custom_1709299832016 layout-default text-center\"><h2 class=\"heading\" style=\"font-size: 44px;color: #dd3333;line-height: 57px;letter-spacing:-0.06em\"><span class=\"style5\">C\u00e9l\u00e9brons la Diversit\u00e9 : Mois de l&#039;Histoire Noire avec ARISF<\/span> <\/h2><\/div><\/div><\/div><\/div><\/div><div class=\"vc_empty_space\"   style=\"height: 15px\"><span class=\"vc_empty_space_inner\"><\/span><\/div><div class=\"vc_row wpb_row vc_inner vc_row-fluid vc_custom_1696265514518\"><div class=\"wpb_column vc_column_container vc_col-sm-12\"><div class=\"vc_column-inner vc_custom_1702304109426\"><div class=\"wpb_wrapper\">\r\n\t<div class=\"wpb_text_column wpb_content_element  vc_custom_1709299855850\">\r\n\t\t<div class=\"wpb_wrapper\" style=\"font-size:16px;line-height:28px;color:#0a0a0a;letter-spacing:-0.03em\">\r\n\t\t\t<p>L&#8217;association des r\u00e9fugi\u00e9s et immigr\u00e9s sans fronti\u00e8res est fi\u00e8re de c\u00e9l\u00e9brer le mois de l&#8217;histoire des noirs en mettant en lumi\u00e8re les nouveaux arrivants noirs qui ont rejoint notre communaut\u00e9. Nous sommes conscients des d\u00e9fis auxquels vous faites face en tant que nouveaux arrivants dans un pays \u00e9tranger, et nous sommes l\u00e0 pour vous soutenir et vous accompagner dans votre int\u00e9gration. En tant qu&#8217;association, nous sommes d\u00e9di\u00e9s \u00e0 promouvoir l&#8217;\u00e9galit\u00e9 des chances et \u00e0 lutter contre toute forme de discrimination. Nous souhaitons cr\u00e9er un environnement accueillant et inclusif pour vous, afin que vous puissiez vous sentir chez vous et participer pleinement \u00e0 notre soci\u00e9t\u00e9. Nous esp\u00e9rons que ce mois de l&#8217;histoire des noirs sera l&#8217;occasion de c\u00e9l\u00e9brer votre culture, votre h\u00e9ritage et vos contributions pr\u00e9cieuses \u00e0 notre communaut\u00e9. N&#8217;h\u00e9sitez pas \u00e0 vous joindre \u00e0 nous pour participer \u00e0 nos \u00e9v\u00e9nements et activit\u00e9s sp\u00e9cialement organis\u00e9s pour vous, et ensemble, c\u00e9l\u00e9brons la richesse et la diversit\u00e9 de la communaut\u00e9 noire.<\/p>\n\r\n\t\t<\/div>\r\n\t<\/div>\r\n<\/div><\/div><\/div><\/div>\n\t<div  class=\"wpb_single_image wpb_content_element vc_align_center\">\n\t\t\n\t\t<figure class=\"wpb_wrapper vc_figure\">\n\t\t\t<div class=\"vc_single_image-wrapper   vc_box_border_grey\"><img loading=\"lazy\" decoding=\"async\" width=\"412\" height=\"345\" src=\"https:\/\/arisf.ca\/wp-content\/uploads\/sites\/4\/2024\/03\/426163220_250067904808802_5504314065197049470_n-412x345.jpg\" class=\"vc_single_image-img attachment-medium\" alt=\"\" title=\"426163220_250067904808802_5504314065197049470_n\" srcset=\"https:\/\/arisf.ca\/wp-content\/uploads\/sites\/4\/2024\/03\/426163220_250067904808802_5504314065197049470_n-412x345.jpg 412w, https:\/\/arisf.ca\/wp-content\/uploads\/sites\/4\/2024\/03\/426163220_250067904808802_5504314065197049470_n-626x525.jpg 626w, https:\/\/arisf.ca\/wp-content\/uploads\/sites\/4\/2024\/03\/426163220_250067904808802_5504314065197049470_n-370x310.jpg 370w, https:\/\/arisf.ca\/wp-content\/uploads\/sites\/4\/2024\/03\/426163220_250067904808802_5504314065197049470_n-768x644.jpg 768w, https:\/\/arisf.ca\/wp-content\/uploads\/sites\/4\/2024\/03\/426163220_250067904808802_5504314065197049470_n-14x12.jpg 14w, https:\/\/arisf.ca\/wp-content\/uploads\/sites\/4\/2024\/03\/426163220_250067904808802_5504314065197049470_n.jpg 940w\" sizes=\"(max-width: 412px) 100vw, 412px\" \/><\/div>\n\t\t<\/figure>\n\t<\/div>\n<\/div><\/div><\/div><\/div><div class=\"vc_row-full-width vc_clearfix\"><\/div>\n<\/section>","protected":false},"excerpt":{"rendered":"C\u00e9l\u00e9brons la Diversit\u00e9 : Mois de l&#039;Histoire Noire avec ARISF L'association des r\u00e9fugi\u00e9s et immigr\u00e9s sans fronti\u00e8res est fi\u00e8re de c\u00e9l\u00e9brer le mois de l'histoire des noirs en mettant en","protected":false},"author":1,"featured_media":0,"parent":0,"menu_order":0,"comment_status":"closed","ping_status":"closed","template":"","meta":{"footnotes":""},"class_list":["post-2103","page","type-page","status-publish","hentry"],"_links":{"self":[{"href":"https:\/\/arisf.ca\/fr\/wp-json\/wp\/v2\/pages\/2103"}],"collection":[{"href":"https:\/\/arisf.ca\/fr\/wp-json\/wp\/v2\/pages"}],"about":[{"href":"https:\/\/arisf.ca\/fr\/wp-json\/wp\/v2\/types\/page"}],"author":[{"embeddable":true,"href":"https:\/\/arisf.ca\/fr\/wp-json\/wp\/v2\/users\/1"}],"replies":[{"embeddable":true,"href":"https:\/\/arisf.ca\/fr\/wp-json\/wp\/v2\/comments?post=2103"}],"version-history":[{"count":2,"href":"https:\/\/arisf.ca\/fr\/wp-json\/wp\/v2\/pages\/2103\/revisions"}],"predecessor-version":[{"id":2106,"href":"https:\/\/arisf.ca\/fr\/wp-json\/wp\/v2\/pages\/2103\/revisions\/2106"}],"wp:attachment":[{"href":"https:\/\/arisf.ca\/fr\/wp-json\/wp\/v2\/media?parent=2103"}],"curies":[{"name":"wp","href":"https:\/\/api.w.org\/{rel}","templated":true}]}}