{"id":2107,"date":"2024-03-01T08:37:10","date_gmt":"2024-03-01T13:37:10","guid":{"rendered":"https:\/\/arisf.ca\/?page_id=2107"},"modified":"2024-03-01T08:37:24","modified_gmt":"2024-03-01T13:37:24","slug":"atelier-de-rencontre-interculturelle-arisf-un-espace-pour-la-diversite-et-le-dialogue","status":"publish","type":"page","link":"https:\/\/arisf.ca\/fr\/atelier-de-rencontre-interculturelle-arisf-un-espace-pour-la-diversite-et-le-dialogue\/","title":{"rendered":"Atelier de Rencontre Interculturelle ARISF : Un Espace pour la Diversit\u00e9 et le Dialogue"},"content":{"rendered":"<section class=\"wpb-content-wrapper\"><div data-vc-full-width=\"true\" data-vc-full-width-init=\"false\" class=\"vc_row wpb_row vc_row-fluid vc_custom_1696266937061\"><div class=\"wpb_column vc_column_container vc_col-sm-12\"><div class=\"vc_column-inner\"><div class=\"wpb_wrapper\"><div class=\"vc_empty_space\"   style=\"height: 45px\"><span class=\"vc_empty_space_inner\"><\/span><\/div><div class=\"vc_row wpb_row vc_inner vc_row-fluid\"><div class=\"wpb_column vc_column_container vc_col-sm-12 vc_col-lg-offset-1 vc_col-lg-10\"><div class=\"vc_column-inner\"><div class=\"wpb_wrapper\"><div class=\"red-heading vc_custom_1709300171914 layout-default text-center\"><h2 class=\"heading\" style=\"font-size: 44px;color: #dd3333;line-height: 57px;letter-spacing:-0.06em\"><span class=\"style5\">Atelier de Rencontre Interculturelle ARISF : Un Espace pour la Diversit\u00e9 et le Dialogue<\/span> <\/h2><\/div><\/div><\/div><\/div><\/div><div class=\"vc_empty_space\"   style=\"height: 15px\"><span class=\"vc_empty_space_inner\"><\/span><\/div><div class=\"vc_row wpb_row vc_inner vc_row-fluid vc_custom_1696265514518\"><div class=\"wpb_column vc_column_container vc_col-sm-12\"><div class=\"vc_column-inner vc_custom_1702304109426\"><div class=\"wpb_wrapper\">\r\n\t<div class=\"wpb_text_column wpb_content_element  vc_custom_1709300185595\">\r\n\t\t<div class=\"wpb_wrapper\" style=\"font-size:16px;line-height:28px;color:#0a0a0a;letter-spacing:-0.03em\">\r\n\t\t\t<div class=\"xdj266r x11i5rnm xat24cr x1mh8g0r x1vvkbs x126k92a\">\n<div dir=\"auto\">L&#8217;association des r\u00e9fugi\u00e9s et immigr\u00e9s sans fronti\u00e8res est fi\u00e8re de vous pr\u00e9senter son nouveau programme : l&#8217;atelier de rencontre interculturel. Disponible une fois par mois, cet atelier vise \u00e0 rassembler des personnes de diff\u00e9rentes cultures et origines pour favoriser les \u00e9changes et le dialogue. Notre objectif est de cr\u00e9er un espace de dialogue et de compr\u00e9hension mutuelle entre les r\u00e9fugi\u00e9s, les immigr\u00e9s et la population locale. Les inscriptions pour cet atelier se font facilement sur notre site web, et sont ouvertes \u00e0 tous. Nous croyons que la diversit\u00e9 est une richesse et nous sommes convaincus que ces rencontres permettront de briser les barri\u00e8res et de favoriser l&#8217;int\u00e9gration de tous. Nous vous attendons nombreux pour partager ensemble des moments de d\u00e9couverte et de partage. Rejoignez-nous pour une exp\u00e9rience interculturelle unique et enrichissante.<\/div>\n<\/div>\n<div class=\"x11i5rnm xat24cr x1mh8g0r x1vvkbs xtlvy1s x126k92a\">\n<div dir=\"auto\">The Association of Refugees and Immigrants Without Borders is proud to present its new program: the Intercultural Meeting Workshop. Available once a month, this workshop aims to bring together people from different cultures and backgrounds to promote exchanges and dialogue. Our goal is to create a space for dialogue and mutual understanding among refugees, immigrants, and the local population. Registration for this workshop is easily done on our website and is open to everyone. We believe that diversity is a wealth and we are convinced that these meetings will break down barriers and promote the integration of all. We look forward to welcoming many of you to share moments of discovery and sharing together. Join us for a unique and enriching intercultural experience.<\/div>\n<\/div>\n\r\n\t\t<\/div>\r\n\t<\/div>\r\n<\/div><\/div><\/div><\/div>\n\t<div  class=\"wpb_single_image wpb_content_element vc_align_center\">\n\t\t\n\t\t<figure class=\"wpb_wrapper vc_figure\">\n\t\t\t<div class=\"vc_single_image-wrapper   vc_box_border_grey\"><img loading=\"lazy\" decoding=\"async\" width=\"194\" height=\"345\" src=\"https:\/\/arisf.ca\/wp-content\/uploads\/sites\/4\/2024\/03\/426144887_250447314770861_9192555614619517644_n-194x345.jpg\" class=\"vc_single_image-img attachment-medium\" alt=\"\" title=\"426144887_250447314770861_9192555614619517644_n\" srcset=\"https:\/\/arisf.ca\/wp-content\/uploads\/sites\/4\/2024\/03\/426144887_250447314770861_9192555614619517644_n-194x345.jpg 194w, https:\/\/arisf.ca\/wp-content\/uploads\/sites\/4\/2024\/03\/426144887_250447314770861_9192555614619517644_n-295x525.jpg 295w, https:\/\/arisf.ca\/wp-content\/uploads\/sites\/4\/2024\/03\/426144887_250447314770861_9192555614619517644_n-208x370.jpg 208w, https:\/\/arisf.ca\/wp-content\/uploads\/sites\/4\/2024\/03\/426144887_250447314770861_9192555614619517644_n-768x1365.jpg 768w, https:\/\/arisf.ca\/wp-content\/uploads\/sites\/4\/2024\/03\/426144887_250447314770861_9192555614619517644_n-7x12.jpg 7w, https:\/\/arisf.ca\/wp-content\/uploads\/sites\/4\/2024\/03\/426144887_250447314770861_9192555614619517644_n.jpg 810w\" sizes=\"(max-width: 194px) 100vw, 194px\" \/><\/div>\n\t\t<\/figure>\n\t<\/div>\n<\/div><\/div><\/div><\/div><div class=\"vc_row-full-width vc_clearfix\"><\/div>\n<\/section>","protected":false},"excerpt":{"rendered":"Atelier de Rencontre Interculturelle ARISF : Un Espace pour la Diversit\u00e9 et le Dialogue L'association des r\u00e9fugi\u00e9s et immigr\u00e9s sans fronti\u00e8res est fi\u00e8re de vous pr\u00e9senter son nouveau programme :","protected":false},"author":1,"featured_media":0,"parent":0,"menu_order":0,"comment_status":"closed","ping_status":"closed","template":"","meta":{"footnotes":""},"class_list":["post-2107","page","type-page","status-publish","hentry"],"_links":{"self":[{"href":"https:\/\/arisf.ca\/fr\/wp-json\/wp\/v2\/pages\/2107"}],"collection":[{"href":"https:\/\/arisf.ca\/fr\/wp-json\/wp\/v2\/pages"}],"about":[{"href":"https:\/\/arisf.ca\/fr\/wp-json\/wp\/v2\/types\/page"}],"author":[{"embeddable":true,"href":"https:\/\/arisf.ca\/fr\/wp-json\/wp\/v2\/users\/1"}],"replies":[{"embeddable":true,"href":"https:\/\/arisf.ca\/fr\/wp-json\/wp\/v2\/comments?post=2107"}],"version-history":[{"count":2,"href":"https:\/\/arisf.ca\/fr\/wp-json\/wp\/v2\/pages\/2107\/revisions"}],"predecessor-version":[{"id":2110,"href":"https:\/\/arisf.ca\/fr\/wp-json\/wp\/v2\/pages\/2107\/revisions\/2110"}],"wp:attachment":[{"href":"https:\/\/arisf.ca\/fr\/wp-json\/wp\/v2\/media?parent=2107"}],"curies":[{"name":"wp","href":"https:\/\/api.w.org\/{rel}","templated":true}]}}