{"id":2111,"date":"2024-03-01T08:40:53","date_gmt":"2024-03-01T13:40:53","guid":{"rendered":"https:\/\/arisf.ca\/?page_id=2111"},"modified":"2024-03-01T08:41:00","modified_gmt":"2024-03-01T13:41:00","slug":"la-solidarite-en-action-la-friperie-darisf-soutient-les-nouveaux-refugies-du-west-island","status":"publish","type":"page","link":"https:\/\/arisf.ca\/fr\/la-solidarite-en-action-la-friperie-darisf-soutient-les-nouveaux-refugies-du-west-island\/","title":{"rendered":"La Solidarit\u00e9 en Action : La Friperie d&#8217;ARISF Soutient les Nouveaux R\u00e9fugi\u00e9s du West Island"},"content":{"rendered":"<section class=\"wpb-content-wrapper\"><div data-vc-full-width=\"true\" data-vc-full-width-init=\"false\" class=\"vc_row wpb_row vc_row-fluid vc_custom_1696266937061\"><div class=\"wpb_column vc_column_container vc_col-sm-12\"><div class=\"vc_column-inner\"><div class=\"wpb_wrapper\"><div class=\"vc_empty_space\"   style=\"height: 45px\"><span class=\"vc_empty_space_inner\"><\/span><\/div><div class=\"vc_row wpb_row vc_inner vc_row-fluid\"><div class=\"wpb_column vc_column_container vc_col-sm-12 vc_col-lg-offset-1 vc_col-lg-10\"><div class=\"vc_column-inner\"><div class=\"wpb_wrapper\"><div class=\"red-heading vc_custom_1709300389599 layout-default text-center\"><h2 class=\"heading\" style=\"font-size: 44px;color: #dd3333;line-height: 57px;letter-spacing:-0.06em\"><span class=\"style5\">La Solidarit\u00e9 en Action : La Friperie d&#039;ARISF Soutient les Nouveaux R\u00e9fugi\u00e9s du West Island<\/span> <\/h2><\/div><\/div><\/div><\/div><\/div><div class=\"vc_empty_space\"   style=\"height: 15px\"><span class=\"vc_empty_space_inner\"><\/span><\/div><div class=\"vc_row wpb_row vc_inner vc_row-fluid vc_custom_1696265514518\"><div class=\"wpb_column vc_column_container vc_col-sm-12\"><div class=\"vc_column-inner vc_custom_1702304109426\"><div class=\"wpb_wrapper\">\r\n\t<div class=\"wpb_text_column wpb_content_element  vc_custom_1709300402681\">\r\n\t\t<div class=\"wpb_wrapper\" style=\"font-size:16px;line-height:28px;color:#0a0a0a;letter-spacing:-0.03em\">\r\n\t\t\t<div class=\"xdj266r x11i5rnm xat24cr x1mh8g0r x1vvkbs x126k92a\">\n<div dir=\"auto\">\n<div class=\"xdj266r x11i5rnm xat24cr x1mh8g0r x1vvkbs x126k92a\">\n<div dir=\"auto\">La friperie de Arisf, situ\u00e9e au 4924 boulevard Saint-Charles \u00e0 Pierrefonds, est un v\u00e9ritable symbole de g\u00e9n\u00e9rosit\u00e9 et de solidarit\u00e9 envers les nouveaux r\u00e9fugi\u00e9s de West Island. En effet, cet \u00e9tablissement offre gratuitement des v\u00eatements pour femmes et enfants \u00e0 tous ceux qui ont r\u00e9cemment fui leur pays en qu\u00eate d&#8217;un avenir meilleur. Gr\u00e2ce \u00e0 cette initiative, ces personnes d\u00e9munies peuvent trouver des tenues adapt\u00e9es \u00e0 leur nouvelle vie et se sentir un peu plus \u00e0 l&#8217;aise dans leur nouvelle communaut\u00e9. La friperie de Arisf est \u00e9galement un lieu de rencontre et d&#8217;\u00e9change o\u00f9 les r\u00e9fugi\u00e9s peuvent trouver du soutien et de l&#8217;aide pour s&#8217;int\u00e9grer dans leur nouveau pays. Le num\u00e9ro de t\u00e9l\u00e9phone, 514-696-2473, est un pr\u00e9cieux moyen de communication pour ces personnes qui cherchent \u00e0 se reconstruire. Gr\u00e2ce \u00e0 la friperie de Arisf, les nouveaux r\u00e9fugi\u00e9s de West Island peuvent b\u00e9n\u00e9ficier d&#8217;un coup de pouce pour un nouveau d\u00e9part dans leur vie.<\/div>\n<\/div>\n<div class=\"x11i5rnm xat24cr x1mh8g0r x1vvkbs xtlvy1s x126k92a\">\n<div dir=\"auto\">Arisf&#8217;s thrift shop, located at 4924 Saint-Charles Boulevard in Pierrefonds, is a true symbol of generosity and solidarity towards new refugees in the West Island. This establishment offers free clothing for women and children to those who have recently fled their country in search of a better future. Thanks to this initiative, these disadvantaged individuals can find appropriate outfits for their new life and feel a little more comfortable in their new community. Arisf&#8217;s thrift shop is also a meeting place where refugees can find support and assistance in integrating into their new country. The phone number, 514-696-2473, is a valuable means of communication for those seeking to rebuild their lives. Thanks to Arisf&#8217;s thrift shop, new refugees in the West Island can receive a helping hand for a fresh start in their lives.<\/div>\n<\/div>\n<\/div>\n<\/div>\n\r\n\t\t<\/div>\r\n\t<\/div>\r\n<\/div><\/div><\/div><\/div>\n\t<div  class=\"wpb_single_image wpb_content_element vc_align_center\">\n\t\t\n\t\t<figure class=\"wpb_wrapper vc_figure\">\n\t\t\t<div class=\"vc_single_image-wrapper   vc_box_border_grey\"><img loading=\"lazy\" decoding=\"async\" width=\"345\" height=\"345\" src=\"https:\/\/arisf.ca\/wp-content\/uploads\/sites\/4\/2024\/03\/426346262_253929884422604_8945762916696238706_n-345x345.jpg\" class=\"vc_single_image-img attachment-medium\" alt=\"\" title=\"426346262_253929884422604_8945762916696238706_n\" srcset=\"https:\/\/arisf.ca\/wp-content\/uploads\/sites\/4\/2024\/03\/426346262_253929884422604_8945762916696238706_n-345x345.jpg 345w, https:\/\/arisf.ca\/wp-content\/uploads\/sites\/4\/2024\/03\/426346262_253929884422604_8945762916696238706_n-525x525.jpg 525w, https:\/\/arisf.ca\/wp-content\/uploads\/sites\/4\/2024\/03\/426346262_253929884422604_8945762916696238706_n-370x370.jpg 370w, https:\/\/arisf.ca\/wp-content\/uploads\/sites\/4\/2024\/03\/426346262_253929884422604_8945762916696238706_n-768x768.jpg 768w, https:\/\/arisf.ca\/wp-content\/uploads\/sites\/4\/2024\/03\/426346262_253929884422604_8945762916696238706_n-12x12.jpg 12w, https:\/\/arisf.ca\/wp-content\/uploads\/sites\/4\/2024\/03\/426346262_253929884422604_8945762916696238706_n.jpg 1440w\" sizes=\"(max-width: 345px) 100vw, 345px\" \/><\/div>\n\t\t<\/figure>\n\t<\/div>\n<\/div><\/div><\/div><\/div><div class=\"vc_row-full-width vc_clearfix\"><\/div>\n<\/section>","protected":false},"excerpt":{"rendered":"La Solidarit\u00e9 en Action : La Friperie d&#039;ARISF Soutient les Nouveaux R\u00e9fugi\u00e9s du West Island La friperie de Arisf, situ\u00e9e au 4924 boulevard Saint-Charles \u00e0 Pierrefonds, est un v\u00e9ritable symbole","protected":false},"author":1,"featured_media":0,"parent":0,"menu_order":0,"comment_status":"closed","ping_status":"closed","template":"","meta":{"footnotes":""},"class_list":["post-2111","page","type-page","status-publish","hentry"],"_links":{"self":[{"href":"https:\/\/arisf.ca\/fr\/wp-json\/wp\/v2\/pages\/2111"}],"collection":[{"href":"https:\/\/arisf.ca\/fr\/wp-json\/wp\/v2\/pages"}],"about":[{"href":"https:\/\/arisf.ca\/fr\/wp-json\/wp\/v2\/types\/page"}],"author":[{"embeddable":true,"href":"https:\/\/arisf.ca\/fr\/wp-json\/wp\/v2\/users\/1"}],"replies":[{"embeddable":true,"href":"https:\/\/arisf.ca\/fr\/wp-json\/wp\/v2\/comments?post=2111"}],"version-history":[{"count":2,"href":"https:\/\/arisf.ca\/fr\/wp-json\/wp\/v2\/pages\/2111\/revisions"}],"predecessor-version":[{"id":2114,"href":"https:\/\/arisf.ca\/fr\/wp-json\/wp\/v2\/pages\/2111\/revisions\/2114"}],"wp:attachment":[{"href":"https:\/\/arisf.ca\/fr\/wp-json\/wp\/v2\/media?parent=2111"}],"curies":[{"name":"wp","href":"https:\/\/api.w.org\/{rel}","templated":true}]}}