{"id":2115,"date":"2024-03-01T08:45:08","date_gmt":"2024-03-01T13:45:08","guid":{"rendered":"https:\/\/arisf.ca\/?page_id=2115"},"modified":"2024-03-01T08:45:08","modified_gmt":"2024-03-01T13:45:08","slug":"devenez-volontaire-programme-de-volontariat-jeunesse-darisf-dans-la-region-de-west-island","status":"publish","type":"page","link":"https:\/\/arisf.ca\/fr\/devenez-volontaire-programme-de-volontariat-jeunesse-darisf-dans-la-region-de-west-island\/","title":{"rendered":"Devenez Volontaire : Programme de Volontariat Jeunesse d&#8217;ARISF dans la R\u00e9gion de West Island"},"content":{"rendered":"<section class=\"wpb-content-wrapper\"><div data-vc-full-width=\"true\" data-vc-full-width-init=\"false\" class=\"vc_row wpb_row vc_row-fluid vc_custom_1696266937061\"><div class=\"wpb_column vc_column_container vc_col-sm-12\"><div class=\"vc_column-inner\"><div class=\"wpb_wrapper\"><div class=\"vc_empty_space\"   style=\"height: 45px\"><span class=\"vc_empty_space_inner\"><\/span><\/div><div class=\"vc_row wpb_row vc_inner vc_row-fluid\"><div class=\"wpb_column vc_column_container vc_col-sm-12 vc_col-lg-offset-1 vc_col-lg-10\"><div class=\"vc_column-inner\"><div class=\"wpb_wrapper\"><div class=\"red-heading vc_custom_1709300703656 layout-default text-center\"><h2 class=\"heading\" style=\"font-size: 44px;color: #dd3333;line-height: 57px;letter-spacing:-0.06em\"><span class=\"style5\">Devenez Volontaire : Programme de Volontariat Jeunesse d&#039;ARISF dans la R\u00e9gion de West Island<\/span> <\/h2><\/div><\/div><\/div><\/div><\/div><div class=\"vc_empty_space\"   style=\"height: 15px\"><span class=\"vc_empty_space_inner\"><\/span><\/div><div class=\"vc_row wpb_row vc_inner vc_row-fluid vc_custom_1696265514518\"><div class=\"wpb_column vc_column_container vc_col-sm-12\"><div class=\"vc_column-inner vc_custom_1702304109426\"><div class=\"wpb_wrapper\">\r\n\t<div class=\"wpb_text_column wpb_content_element  vc_custom_1709300649777\">\r\n\t\t<div class=\"wpb_wrapper\" style=\"font-size:16px;line-height:28px;color:#0a0a0a;letter-spacing:-0.03em\">\r\n\t\t\t<div class=\"xdj266r x11i5rnm xat24cr x1mh8g0r x1vvkbs x126k92a\">\n<div dir=\"auto\">pour devenir b\u00e9n\u00e9vole<\/div>\n<\/div>\n<div class=\"x11i5rnm xat24cr x1mh8g0r x1vvkbs xtlvy1s x126k92a\">\n<div dir=\"auto\">Notre association des r\u00e9fugi\u00e9s et immigr\u00e9s sans fronti\u00e8res est heureuse d&#8217;annoncer le lancement de son nouveau programme de b\u00e9n\u00e9voles jeunesse dans la r\u00e9gion de West Island. Ce programme s&#8217;adresse aux jeunes \u00e2g\u00e9s de 14 \u00e0 25 ans ainsi qu&#8217;aux seniors \u00e2g\u00e9s de 40 \u00e0 65 ans. Nous croyons en la force de la jeunesse et en l&#8217;exp\u00e9rience des a\u00een\u00e9s pour cr\u00e9er un impact positif dans notre communaut\u00e9. En tant que b\u00e9n\u00e9vole, vous aurez l&#8217;opportunit\u00e9 de vous impliquer dans des projets et des activit\u00e9s visant \u00e0 aider les r\u00e9fugi\u00e9s et les immigrants dans leur int\u00e9gration dans la soci\u00e9t\u00e9 canadienne. Si vous \u00eates int\u00e9ress\u00e9 \u00e0 faire partie de cette belle initiative et \u00e0 apporter votre contribution, n&#8217;h\u00e9sitez pas \u00e0 nous contacter pour devenir b\u00e9n\u00e9vole. Ensemble, nous pouvons faire une diff\u00e9rence dans la vie des personnes en situation de vuln\u00e9rabilit\u00e9. Rejoignez-nous d\u00e8s maintenant !<\/div>\n<\/div>\n\r\n\t\t<\/div>\r\n\t<\/div>\r\n<\/div><\/div><\/div><\/div>\n\t<div  class=\"wpb_single_image wpb_content_element vc_align_center\">\n\t\t\n\t\t<figure class=\"wpb_wrapper vc_figure\">\n\t\t\t<div class=\"vc_single_image-wrapper   vc_box_border_grey\"><img loading=\"lazy\" decoding=\"async\" width=\"266\" height=\"345\" src=\"https:\/\/arisf.ca\/wp-content\/uploads\/sites\/4\/2024\/03\/428638343_258116864003906_6719998197815063757_n-266x345.jpg\" class=\"vc_single_image-img attachment-medium\" alt=\"\" title=\"428638343_258116864003906_6719998197815063757_n\" srcset=\"https:\/\/arisf.ca\/wp-content\/uploads\/sites\/4\/2024\/03\/428638343_258116864003906_6719998197815063757_n-266x345.jpg 266w, https:\/\/arisf.ca\/wp-content\/uploads\/sites\/4\/2024\/03\/428638343_258116864003906_6719998197815063757_n-405x525.jpg 405w, https:\/\/arisf.ca\/wp-content\/uploads\/sites\/4\/2024\/03\/428638343_258116864003906_6719998197815063757_n-286x370.jpg 286w, https:\/\/arisf.ca\/wp-content\/uploads\/sites\/4\/2024\/03\/428638343_258116864003906_6719998197815063757_n-768x995.jpg 768w, https:\/\/arisf.ca\/wp-content\/uploads\/sites\/4\/2024\/03\/428638343_258116864003906_6719998197815063757_n-9x12.jpg 9w, https:\/\/arisf.ca\/wp-content\/uploads\/sites\/4\/2024\/03\/428638343_258116864003906_6719998197815063757_n.jpg 1112w\" sizes=\"(max-width: 266px) 100vw, 266px\" \/><\/div>\n\t\t<\/figure>\n\t<\/div>\n<\/div><\/div><\/div><\/div><div class=\"vc_row-full-width vc_clearfix\"><\/div>\n<\/section>","protected":false},"excerpt":{"rendered":"Devenez Volontaire : Programme de Volontariat Jeunesse d&#039;ARISF dans la R\u00e9gion de West Island pour devenir b\u00e9n\u00e9vole Notre association des r\u00e9fugi\u00e9s et immigr\u00e9s sans fronti\u00e8res est heureuse d'annoncer le lancement","protected":false},"author":1,"featured_media":0,"parent":0,"menu_order":0,"comment_status":"closed","ping_status":"closed","template":"","meta":{"footnotes":""},"class_list":["post-2115","page","type-page","status-publish","hentry"],"_links":{"self":[{"href":"https:\/\/arisf.ca\/fr\/wp-json\/wp\/v2\/pages\/2115"}],"collection":[{"href":"https:\/\/arisf.ca\/fr\/wp-json\/wp\/v2\/pages"}],"about":[{"href":"https:\/\/arisf.ca\/fr\/wp-json\/wp\/v2\/types\/page"}],"author":[{"embeddable":true,"href":"https:\/\/arisf.ca\/fr\/wp-json\/wp\/v2\/users\/1"}],"replies":[{"embeddable":true,"href":"https:\/\/arisf.ca\/fr\/wp-json\/wp\/v2\/comments?post=2115"}],"version-history":[{"count":3,"href":"https:\/\/arisf.ca\/fr\/wp-json\/wp\/v2\/pages\/2115\/revisions"}],"predecessor-version":[{"id":2119,"href":"https:\/\/arisf.ca\/fr\/wp-json\/wp\/v2\/pages\/2115\/revisions\/2119"}],"wp:attachment":[{"href":"https:\/\/arisf.ca\/fr\/wp-json\/wp\/v2\/media?parent=2115"}],"curies":[{"name":"wp","href":"https:\/\/api.w.org\/{rel}","templated":true}]}}