{"id":2120,"date":"2024-03-01T08:48:28","date_gmt":"2024-03-01T13:48:28","guid":{"rendered":"https:\/\/arisf.ca\/?page_id=2120"},"modified":"2024-03-01T08:48:40","modified_gmt":"2024-03-01T13:48:40","slug":"rejoins-nous-en-tant-que-gerant-de-la-friperie-arisf-soutiens-les-refugies-et-les-immigrants","status":"publish","type":"page","link":"https:\/\/arisf.ca\/fr\/rejoins-nous-en-tant-que-gerant-de-la-friperie-arisf-soutiens-les-refugies-et-les-immigrants\/","title":{"rendered":"Rejoins-nous en tant que G\u00e9rant de la Friperie ARISF : Soutiens les R\u00e9fugi\u00e9s et les Immigrants"},"content":{"rendered":"<section class=\"wpb-content-wrapper\"><div data-vc-full-width=\"true\" data-vc-full-width-init=\"false\" class=\"vc_row wpb_row vc_row-fluid vc_custom_1696266937061\"><div class=\"wpb_column vc_column_container vc_col-sm-12\"><div class=\"vc_column-inner\"><div class=\"wpb_wrapper\"><div class=\"vc_empty_space\"   style=\"height: 45px\"><span class=\"vc_empty_space_inner\"><\/span><\/div><div class=\"vc_row wpb_row vc_inner vc_row-fluid\"><div class=\"wpb_column vc_column_container vc_col-sm-12 vc_col-lg-offset-1 vc_col-lg-10\"><div class=\"vc_column-inner\"><div class=\"wpb_wrapper\"><div class=\"red-heading vc_custom_1709300875024 layout-default text-center\"><h2 class=\"heading\" style=\"font-size: 44px;color: #dd3333;line-height: 57px;letter-spacing:-0.06em\"><span class=\"style5\">Rejoins-nous en tant que G\u00e9rant de la Friperie ARISF : Soutiens les R\u00e9fugi\u00e9s et les Immigrants<\/span> <\/h2><\/div><\/div><\/div><\/div><\/div><div class=\"vc_empty_space\"   style=\"height: 15px\"><span class=\"vc_empty_space_inner\"><\/span><\/div><div class=\"vc_row wpb_row vc_inner vc_row-fluid vc_custom_1696265514518\"><div class=\"wpb_column vc_column_container vc_col-sm-12\"><div class=\"vc_column-inner vc_custom_1702304109426\"><div class=\"wpb_wrapper\">\r\n\t<div class=\"wpb_text_column wpb_content_element  vc_custom_1709300864622\">\r\n\t\t<div class=\"wpb_wrapper\" style=\"font-size:16px;line-height:28px;color:#0a0a0a;letter-spacing:-0.03em\">\r\n\t\t\t<p>Si tu cherches \u00e0 t&#8217;investir dans une cause humanitaire et \u00e0 utiliser tes comp\u00e9tences en gestion, alors deviens g\u00e9rante de notre friperie pour l&#8217;association des r\u00e9fugi\u00e9s et immigr\u00e9s \u00e0 besoins de toi. En tant que g\u00e9rante, tu seras responsable de l&#8217;organisation et de la gestion de notre friperie, qui a pour but de collecter des v\u00eatements et des accessoires de seconde main pour les distribuer aux personnes dans le besoin. Tu auras un r\u00f4le cl\u00e9 dans le bon fonctionnement de cette friperie et tu pourras ainsi apporter une aide concr\u00e8te aux r\u00e9fugi\u00e9s et aux immigr\u00e9s qui ont besoin de v\u00eatements pour s&#8217;habiller d\u00e9cemment. Ton r\u00f4le consistera \u00e9galement \u00e0 g\u00e9rer une \u00e9quipe de b\u00e9n\u00e9voles et \u00e0 coordonner les diff\u00e9rentes t\u00e2ches pour que la friperie fonctionne efficacement. En nous rejoignant, tu pourras non seulement mettre \u00e0 profit tes comp\u00e9tences en gestion, mais aussi apporter une contribution significative \u00e0 la communaut\u00e9 en aidant les personnes les plus vuln\u00e9rables. Rejoins-nous et ensemble, faisons une diff\u00e9rence dans la vie des autres !<\/p>\n\r\n\t\t<\/div>\r\n\t<\/div>\r\n<\/div><\/div><\/div><\/div>\n\t<div  class=\"wpb_single_image wpb_content_element vc_align_center\">\n\t\t\n\t\t<figure class=\"wpb_wrapper vc_figure\">\n\t\t\t<div class=\"vc_single_image-wrapper   vc_box_border_grey\"><img loading=\"lazy\" decoding=\"async\" width=\"345\" height=\"345\" src=\"https:\/\/arisf.ca\/wp-content\/uploads\/sites\/4\/2024\/03\/428639577_258431277305798_7836155853084876389_n-345x345.jpg\" class=\"vc_single_image-img attachment-medium\" alt=\"\" title=\"428639577_258431277305798_7836155853084876389_n\" srcset=\"https:\/\/arisf.ca\/wp-content\/uploads\/sites\/4\/2024\/03\/428639577_258431277305798_7836155853084876389_n-345x345.jpg 345w, https:\/\/arisf.ca\/wp-content\/uploads\/sites\/4\/2024\/03\/428639577_258431277305798_7836155853084876389_n-525x525.jpg 525w, https:\/\/arisf.ca\/wp-content\/uploads\/sites\/4\/2024\/03\/428639577_258431277305798_7836155853084876389_n-370x370.jpg 370w, https:\/\/arisf.ca\/wp-content\/uploads\/sites\/4\/2024\/03\/428639577_258431277305798_7836155853084876389_n-768x768.jpg 768w, https:\/\/arisf.ca\/wp-content\/uploads\/sites\/4\/2024\/03\/428639577_258431277305798_7836155853084876389_n-12x12.jpg 12w, https:\/\/arisf.ca\/wp-content\/uploads\/sites\/4\/2024\/03\/428639577_258431277305798_7836155853084876389_n.jpg 1080w\" sizes=\"(max-width: 345px) 100vw, 345px\" \/><\/div>\n\t\t<\/figure>\n\t<\/div>\n<\/div><\/div><\/div><\/div><div class=\"vc_row-full-width vc_clearfix\"><\/div>\n<\/section>","protected":false},"excerpt":{"rendered":"Rejoins-nous en tant que G\u00e9rant de la Friperie ARISF : Soutiens les R\u00e9fugi\u00e9s et les Immigrants Si tu cherches \u00e0 t'investir dans une cause humanitaire et \u00e0 utiliser tes comp\u00e9tences","protected":false},"author":1,"featured_media":0,"parent":0,"menu_order":0,"comment_status":"closed","ping_status":"closed","template":"","meta":{"footnotes":""},"class_list":["post-2120","page","type-page","status-publish","hentry"],"_links":{"self":[{"href":"https:\/\/arisf.ca\/fr\/wp-json\/wp\/v2\/pages\/2120"}],"collection":[{"href":"https:\/\/arisf.ca\/fr\/wp-json\/wp\/v2\/pages"}],"about":[{"href":"https:\/\/arisf.ca\/fr\/wp-json\/wp\/v2\/types\/page"}],"author":[{"embeddable":true,"href":"https:\/\/arisf.ca\/fr\/wp-json\/wp\/v2\/users\/1"}],"replies":[{"embeddable":true,"href":"https:\/\/arisf.ca\/fr\/wp-json\/wp\/v2\/comments?post=2120"}],"version-history":[{"count":2,"href":"https:\/\/arisf.ca\/fr\/wp-json\/wp\/v2\/pages\/2120\/revisions"}],"predecessor-version":[{"id":2123,"href":"https:\/\/arisf.ca\/fr\/wp-json\/wp\/v2\/pages\/2120\/revisions\/2123"}],"wp:attachment":[{"href":"https:\/\/arisf.ca\/fr\/wp-json\/wp\/v2\/media?parent=2120"}],"curies":[{"name":"wp","href":"https:\/\/api.w.org\/{rel}","templated":true}]}}