{"id":2124,"date":"2024-03-01T08:52:03","date_gmt":"2024-03-01T13:52:03","guid":{"rendered":"https:\/\/arisf.ca\/?page_id=2124"},"modified":"2024-03-01T08:52:06","modified_gmt":"2024-03-01T13:52:06","slug":"la-friperie-arisf-donner-une-deuxieme-vie-a-vos-affaires","status":"publish","type":"page","link":"https:\/\/arisf.ca\/fr\/la-friperie-arisf-donner-une-deuxieme-vie-a-vos-affaires\/","title":{"rendered":"La Friperie ARISF : Donner une Deuxi\u00e8me Vie \u00e0 vos Affaires"},"content":{"rendered":"<section class=\"wpb-content-wrapper\"><div data-vc-full-width=\"true\" data-vc-full-width-init=\"false\" class=\"vc_row wpb_row vc_row-fluid vc_custom_1696266937061\"><div class=\"wpb_column vc_column_container vc_col-sm-12\"><div class=\"vc_column-inner\"><div class=\"wpb_wrapper\"><div class=\"vc_empty_space\"   style=\"height: 45px\"><span class=\"vc_empty_space_inner\"><\/span><\/div><div class=\"vc_row wpb_row vc_inner vc_row-fluid\"><div class=\"wpb_column vc_column_container vc_col-sm-12 vc_col-lg-offset-1 vc_col-lg-10\"><div class=\"vc_column-inner\"><div class=\"wpb_wrapper\"><div class=\"red-heading vc_custom_1709301066225 layout-default text-center\"><h2 class=\"heading\" style=\"font-size: 44px;color: #dd3333;line-height: 57px;letter-spacing:-0.06em\"><span class=\"style5\">La Friperie ARISF : Donner une Deuxi\u00e8me Vie \u00e0 vos Affaires<\/span> <\/h2><\/div><\/div><\/div><\/div><\/div><div class=\"vc_empty_space\"   style=\"height: 15px\"><span class=\"vc_empty_space_inner\"><\/span><\/div><div class=\"vc_row wpb_row vc_inner vc_row-fluid vc_custom_1696265514518\"><div class=\"wpb_column vc_column_container vc_col-sm-12\"><div class=\"vc_column-inner vc_custom_1702304109426\"><div class=\"wpb_wrapper\">\r\n\t<div class=\"wpb_text_column wpb_content_element  vc_custom_1709301083496\">\r\n\t\t<div class=\"wpb_wrapper\" style=\"font-size:16px;line-height:28px;color:#0a0a0a;letter-spacing:-0.03em\">\r\n\t\t\t<p>Notre friperie est bien plus qu&#8217;un simple magasin de v\u00eatements d&#8217;occasion. Nous avons con\u00e7u cet endroit avec une id\u00e9e en t\u00eate : redonner une seconde vie \u00e0 vos affaires. Nous croyons qu&#8217;il est important de prolonger la dur\u00e9e de vie des objets et \u00e9viter ainsi le gaspillage. C&#8217;est pourquoi nous r\u00e9cup\u00e9rons des v\u00eatements, chaussures et accessoires en bon \u00e9tat pour les revendre \u00e0 des prix tr\u00e8s abordables. En plus de promouvoir une consommation plus responsable, cette initiative nous permet \u00e9galement de r\u00e9colter des fonds pour atteindre notre mission. En achetant chez nous, vous contribuez \u00e0 soutenir une cause qui nous tient \u00e0 c\u0153ur. Alors n&#8217;h\u00e9sitez plus, venez d\u00e9couvrir notre s\u00e9lection de pi\u00e8ces uniques et faites une bonne action en m\u00eame temps !<\/p>\n<p>Our thrift store is more than just a second-hand clothing store. We designed this place with one idea in mind: to give your belongings a second life. We believe it is important to extend the lifespan of objects and avoid waste. That&#8217;s why we collect gently used clothes, shoes and accessories to resell them at affordable prices. Not only does this promote more responsible consumption, but it also allows us to raise funds to support our mission. By shopping with us, you are helping to support a cause that is important to us. So don&#8217;t hesitate any longer, come and discover our selection of unique items and do a good deed at the same time!<\/p>\n\r\n\t\t<\/div>\r\n\t<\/div>\r\n<\/div><\/div><\/div><\/div>\n\t<div  class=\"wpb_single_image wpb_content_element vc_align_center\">\n\t\t\n\t\t<figure class=\"wpb_wrapper vc_figure\">\n\t\t\t<div class=\"vc_single_image-wrapper   vc_box_border_grey\"><img loading=\"lazy\" decoding=\"async\" width=\"244\" height=\"345\" src=\"https:\/\/arisf.ca\/wp-content\/uploads\/sites\/4\/2024\/03\/428649946_260945967054329_5138092529040590426_n-244x345.jpg\" class=\"vc_single_image-img attachment-medium\" alt=\"\" title=\"428649946_260945967054329_5138092529040590426_n\" srcset=\"https:\/\/arisf.ca\/wp-content\/uploads\/sites\/4\/2024\/03\/428649946_260945967054329_5138092529040590426_n-244x345.jpg 244w, https:\/\/arisf.ca\/wp-content\/uploads\/sites\/4\/2024\/03\/428649946_260945967054329_5138092529040590426_n-371x525.jpg 371w, https:\/\/arisf.ca\/wp-content\/uploads\/sites\/4\/2024\/03\/428649946_260945967054329_5138092529040590426_n-262x370.jpg 262w, https:\/\/arisf.ca\/wp-content\/uploads\/sites\/4\/2024\/03\/428649946_260945967054329_5138092529040590426_n-768x1086.jpg 768w, https:\/\/arisf.ca\/wp-content\/uploads\/sites\/4\/2024\/03\/428649946_260945967054329_5138092529040590426_n-8x12.jpg 8w, https:\/\/arisf.ca\/wp-content\/uploads\/sites\/4\/2024\/03\/428649946_260945967054329_5138092529040590426_n.jpg 1018w\" sizes=\"(max-width: 244px) 100vw, 244px\" \/><\/div>\n\t\t<\/figure>\n\t<\/div>\n<\/div><\/div><\/div><\/div><div class=\"vc_row-full-width vc_clearfix\"><\/div>\n<\/section>","protected":false},"excerpt":{"rendered":"La Friperie ARISF : Donner une Deuxi\u00e8me Vie \u00e0 vos Affaires Notre friperie est bien plus qu'un simple magasin de v\u00eatements d'occasion. Nous avons con\u00e7u cet endroit avec une id\u00e9e","protected":false},"author":1,"featured_media":0,"parent":0,"menu_order":0,"comment_status":"closed","ping_status":"closed","template":"","meta":{"footnotes":""},"class_list":["post-2124","page","type-page","status-publish","hentry"],"_links":{"self":[{"href":"https:\/\/arisf.ca\/fr\/wp-json\/wp\/v2\/pages\/2124"}],"collection":[{"href":"https:\/\/arisf.ca\/fr\/wp-json\/wp\/v2\/pages"}],"about":[{"href":"https:\/\/arisf.ca\/fr\/wp-json\/wp\/v2\/types\/page"}],"author":[{"embeddable":true,"href":"https:\/\/arisf.ca\/fr\/wp-json\/wp\/v2\/users\/1"}],"replies":[{"embeddable":true,"href":"https:\/\/arisf.ca\/fr\/wp-json\/wp\/v2\/comments?post=2124"}],"version-history":[{"count":2,"href":"https:\/\/arisf.ca\/fr\/wp-json\/wp\/v2\/pages\/2124\/revisions"}],"predecessor-version":[{"id":2127,"href":"https:\/\/arisf.ca\/fr\/wp-json\/wp\/v2\/pages\/2124\/revisions\/2127"}],"wp:attachment":[{"href":"https:\/\/arisf.ca\/fr\/wp-json\/wp\/v2\/media?parent=2124"}],"curies":[{"name":"wp","href":"https:\/\/api.w.org\/{rel}","templated":true}]}}