{"id":2128,"date":"2024-03-01T08:54:55","date_gmt":"2024-03-01T13:54:55","guid":{"rendered":"https:\/\/arisf.ca\/?page_id=2128"},"modified":"2024-03-01T08:54:59","modified_gmt":"2024-03-01T13:54:59","slug":"decouvrez-la-cuisine-bio-programme-dalimentation-saine-avec-arisf","status":"publish","type":"page","link":"https:\/\/arisf.ca\/fr\/decouvrez-la-cuisine-bio-programme-dalimentation-saine-avec-arisf\/","title":{"rendered":"D\u00e9couvrez la Cuisine Bio : Programme d&#8217;Alimentation Saine avec ARISF"},"content":{"rendered":"<section class=\"wpb-content-wrapper\"><div data-vc-full-width=\"true\" data-vc-full-width-init=\"false\" class=\"vc_row wpb_row vc_row-fluid vc_custom_1696266937061\"><div class=\"wpb_column vc_column_container vc_col-sm-12\"><div class=\"vc_column-inner\"><div class=\"wpb_wrapper\"><div class=\"vc_empty_space\"   style=\"height: 45px\"><span class=\"vc_empty_space_inner\"><\/span><\/div><div class=\"vc_row wpb_row vc_inner vc_row-fluid\"><div class=\"wpb_column vc_column_container vc_col-sm-12 vc_col-lg-offset-1 vc_col-lg-10\"><div class=\"vc_column-inner\"><div class=\"wpb_wrapper\"><div class=\"red-heading vc_custom_1709301255794 layout-default text-center\"><h2 class=\"heading\" style=\"font-size: 44px;color: #dd3333;line-height: 57px;letter-spacing:-0.06em\"><span class=\"style5\">D\u00e9couvrez la Cuisine Bio : Programme d&#039;Alimentation Saine avec ARISF<\/span> <\/h2><\/div><\/div><\/div><\/div><\/div><div class=\"vc_empty_space\"   style=\"height: 15px\"><span class=\"vc_empty_space_inner\"><\/span><\/div><div class=\"vc_row wpb_row vc_inner vc_row-fluid vc_custom_1696265514518\"><div class=\"wpb_column vc_column_container vc_col-sm-12\"><div class=\"vc_column-inner vc_custom_1702304109426\"><div class=\"wpb_wrapper\">\r\n\t<div class=\"wpb_text_column wpb_content_element  vc_custom_1709301267802\">\r\n\t\t<div class=\"wpb_wrapper\" style=\"font-size:16px;line-height:28px;color:#0a0a0a;letter-spacing:-0.03em\">\r\n\t\t\t<div class=\"xdj266r x11i5rnm xat24cr x1mh8g0r x1vvkbs x126k92a\">\n<div dir=\"auto\">Nous avons le plaisir de vous inviter \u00e0 vous inscrire dans notre programme de cuisine, sp\u00e9cialement con\u00e7u pour apprendre \u00e0 se nourrir de fa\u00e7on bio et \u00e9quilibr\u00e9e. En plus de d\u00e9couvrir de d\u00e9licieuses recettes, vous aurez l&#8217;opportunit\u00e9 d&#8217;apprendre le nom des diff\u00e9rentes vari\u00e9t\u00e9s de l\u00e9gumes de notre communaut\u00e9. Ce programme est particuli\u00e8rement adapt\u00e9 aux nouveaux arrivants, afin de les familiariser avec notre alimentation locale et de leur apprendre les bases d&#8217;une alimentation saine et responsable. Nous sommes fiers de vous annoncer que ce programme sera dispens\u00e9 par des cuisiniers nationaux exp\u00e9riment\u00e9s, qui partageront avec vous leur savoir-faire et leur passion pour la cuisine bio. Rejoignez-nous pour d\u00e9couvrir de nouveaux horizons culinaires et prendre soin de votre sant\u00e9 !<\/div>\n<\/div>\n<div class=\"x11i5rnm xat24cr x1mh8g0r x1vvkbs xtlvy1s x126k92a\">\n<div dir=\"auto\">We are pleased to invite you to sign up for our cooking program, specially designed to learn how to eat in a organic and balanced way. In addition to discovering delicious recipes, you will have the opportunity to learn the names of the different varieties of vegetables from our community. This program is particularly suitable for newcomers, to familiarize them with our local cuisine and teach them the basics of healthy and responsible eating. We are proud to announce that this program will be taught by experienced national chefs, who will share with you their knowledge and passion for organic cooking. Join us to discover new culinary horizons and take care of your health!<\/div>\n<\/div>\n\r\n\t\t<\/div>\r\n\t<\/div>\r\n<\/div><\/div><\/div><\/div>\n\t<div  class=\"wpb_single_image wpb_content_element vc_align_center\">\n\t\t\n\t\t<figure class=\"wpb_wrapper vc_figure\">\n\t\t\t<div class=\"vc_single_image-wrapper   vc_box_border_grey\"><img loading=\"lazy\" decoding=\"async\" width=\"395\" height=\"345\" src=\"https:\/\/arisf.ca\/wp-content\/uploads\/sites\/4\/2024\/03\/428649706_261425950339664_6198852128464993588_n-395x345.jpg\" class=\"vc_single_image-img attachment-medium\" alt=\"\" title=\"428649706_261425950339664_6198852128464993588_n\" srcset=\"https:\/\/arisf.ca\/wp-content\/uploads\/sites\/4\/2024\/03\/428649706_261425950339664_6198852128464993588_n-395x345.jpg 395w, https:\/\/arisf.ca\/wp-content\/uploads\/sites\/4\/2024\/03\/428649706_261425950339664_6198852128464993588_n-602x525.jpg 602w, https:\/\/arisf.ca\/wp-content\/uploads\/sites\/4\/2024\/03\/428649706_261425950339664_6198852128464993588_n-370x323.jpg 370w, https:\/\/arisf.ca\/wp-content\/uploads\/sites\/4\/2024\/03\/428649706_261425950339664_6198852128464993588_n-768x670.jpg 768w, https:\/\/arisf.ca\/wp-content\/uploads\/sites\/4\/2024\/03\/428649706_261425950339664_6198852128464993588_n-14x12.jpg 14w, https:\/\/arisf.ca\/wp-content\/uploads\/sites\/4\/2024\/03\/428649706_261425950339664_6198852128464993588_n.jpg 825w\" sizes=\"(max-width: 395px) 100vw, 395px\" \/><\/div>\n\t\t<\/figure>\n\t<\/div>\n<\/div><\/div><\/div><\/div><div class=\"vc_row-full-width vc_clearfix\"><\/div>\n<\/section>","protected":false},"excerpt":{"rendered":"D\u00e9couvrez la Cuisine Bio : Programme d&#039;Alimentation Saine avec ARISF Nous avons le plaisir de vous inviter \u00e0 vous inscrire dans notre programme de cuisine, sp\u00e9cialement con\u00e7u pour apprendre \u00e0","protected":false},"author":1,"featured_media":0,"parent":0,"menu_order":0,"comment_status":"closed","ping_status":"closed","template":"","meta":{"footnotes":""},"class_list":["post-2128","page","type-page","status-publish","hentry"],"_links":{"self":[{"href":"https:\/\/arisf.ca\/fr\/wp-json\/wp\/v2\/pages\/2128"}],"collection":[{"href":"https:\/\/arisf.ca\/fr\/wp-json\/wp\/v2\/pages"}],"about":[{"href":"https:\/\/arisf.ca\/fr\/wp-json\/wp\/v2\/types\/page"}],"author":[{"embeddable":true,"href":"https:\/\/arisf.ca\/fr\/wp-json\/wp\/v2\/users\/1"}],"replies":[{"embeddable":true,"href":"https:\/\/arisf.ca\/fr\/wp-json\/wp\/v2\/comments?post=2128"}],"version-history":[{"count":2,"href":"https:\/\/arisf.ca\/fr\/wp-json\/wp\/v2\/pages\/2128\/revisions"}],"predecessor-version":[{"id":2131,"href":"https:\/\/arisf.ca\/fr\/wp-json\/wp\/v2\/pages\/2128\/revisions\/2131"}],"wp:attachment":[{"href":"https:\/\/arisf.ca\/fr\/wp-json\/wp\/v2\/media?parent=2128"}],"curies":[{"name":"wp","href":"https:\/\/api.w.org\/{rel}","templated":true}]}}