{"id":2132,"date":"2024-03-01T08:59:11","date_gmt":"2024-03-01T13:59:11","guid":{"rendered":"https:\/\/arisf.ca\/?page_id=2132"},"modified":"2024-03-01T08:59:13","modified_gmt":"2024-03-01T13:59:13","slug":"soutien-a-la-sante-mentale-notre-experience-avec-passion-plein-air","status":"publish","type":"page","link":"https:\/\/arisf.ca\/fr\/soutien-a-la-sante-mentale-notre-experience-avec-passion-plein-air\/","title":{"rendered":"Soutien \u00e0 la Sant\u00e9 Mentale : Notre Exp\u00e9rience avec Passion Plein Air"},"content":{"rendered":"<section class=\"wpb-content-wrapper\"><div data-vc-full-width=\"true\" data-vc-full-width-init=\"false\" class=\"vc_row wpb_row vc_row-fluid vc_custom_1696266937061\"><div class=\"wpb_column vc_column_container vc_col-sm-12\"><div class=\"vc_column-inner\"><div class=\"wpb_wrapper\"><div class=\"vc_empty_space\"   style=\"height: 45px\"><span class=\"vc_empty_space_inner\"><\/span><\/div><div class=\"vc_row wpb_row vc_inner vc_row-fluid\"><div class=\"wpb_column vc_column_container vc_col-sm-12 vc_col-lg-offset-1 vc_col-lg-10\"><div class=\"vc_column-inner\"><div class=\"wpb_wrapper\"><div class=\"red-heading vc_custom_1709301422604 layout-default text-center\"><h2 class=\"heading\" style=\"font-size: 44px;color: #dd3333;line-height: 57px;letter-spacing:-0.06em\"><span class=\"style5\">Soutien \u00e0 la Sant\u00e9 Mentale : Notre Exp\u00e9rience avec Passion Plein Air<\/span> <\/h2><\/div><\/div><\/div><\/div><\/div><div class=\"vc_empty_space\"   style=\"height: 15px\"><span class=\"vc_empty_space_inner\"><\/span><\/div><div class=\"vc_row wpb_row vc_inner vc_row-fluid vc_custom_1709301544144 vc_row-o-content-middle vc_row-flex\"><div class=\"wpb_column vc_column_container vc_col-sm-12\"><div class=\"vc_column-inner vc_custom_1702304109426\"><div class=\"wpb_wrapper\">\r\n\t<div class=\"wpb_text_column wpb_content_element  vc_custom_1709301434136\">\r\n\t\t<div class=\"wpb_wrapper\" style=\"font-size:16px;line-height:28px;color:#0a0a0a;letter-spacing:-0.03em\">\r\n\t\t\t<div class=\"xdj266r x11i5rnm xat24cr x1mh8g0r x1vvkbs x126k92a\">\n<div dir=\"auto\">Notre \u00e9quipe a r\u00e9cemment eu l&#8217;opportunit\u00e9 de participer \u00e0 une activit\u00e9 b\u00e9n\u00e9vole appel\u00e9e Passion Plein Air, organis\u00e9e au parc \u00e0 ma baie avec PCSM (Perspective Communautaire en Sant\u00e9 Mentale). Nous avons pass\u00e9 de merveilleux moments en compagnie des enfants qui y ont pris part et nous avons \u00e9t\u00e9 impressionn\u00e9s par l&#8217;engagement et la passion de l&#8217;organisation pour promouvoir la sant\u00e9 mentale. Nous invitons toutes les familles \u00e0 participer \u00e0 cette initiative et \u00e0 en appr\u00e9cier les bienfaits. Cela a \u00e9t\u00e9 une exp\u00e9rience enrichissante pour nous en tant qu&#8217;\u00e9quipe et nous sommes fiers de pouvoir soutenir une cause aussi importante.<\/div>\n<\/div>\n<div class=\"x11i5rnm xat24cr x1mh8g0r x1vvkbs xtlvy1s x126k92a\">\n<div dir=\"auto\">Our team recently had the opportunity to participate in a volunteer activity called Passion Plein Air, parcs \u00e0 ma baie by PCSM (Perspective Communautaire en Sant\u00e9 Mentale). We had a wonderful time with the children who took part and were impressed by the organization&#8217;s commitment and passion for promoting mental health. We invite all families to take part in this initiative and appreciate its benefits. It was a rewarding experience for our team and we are proud to support such an important cause.<\/div>\n<\/div>\n\r\n\t\t<\/div>\r\n\t<\/div>\r\n<\/div><\/div><\/div><\/div><div class=\"wpb_images_carousel wpb_content_element vc_clearfix\"><div class=\"wpb_wrapper\"><div id=\"vc_images-carousel-1-1775577974\" data-ride=\"vc_carousel\" data-wrap=\"false\" style=\"width: 555px;\" data-interval=\"0\" data-auto-height=\"yes\" data-mode=\"horizontal\" data-partial=\"false\" data-per-view=\"1\" data-hide-on-end=\"true\" class=\"vc_slide vc_images_carousel\"><ol class=\"vc_carousel-indicators\"><li data-target=\"#vc_images-carousel-1-1775577974\" data-slide-to=\"0\"><\/li><li data-target=\"#vc_images-carousel-1-1775577974\" data-slide-to=\"1\"><\/li><li data-target=\"#vc_images-carousel-1-1775577974\" data-slide-to=\"2\"><\/li><li data-target=\"#vc_images-carousel-1-1775577974\" data-slide-to=\"3\"><\/li><\/ol><div class=\"vc_carousel-inner\"><div class=\"vc_carousel-slideline\"><div class=\"vc_carousel-slideline-inner\"><div class=\"vc_item\"><div class=\"vc_inner\"><a class=\"\" href=\"https:\/\/arisf.ca\/wp-content\/uploads\/sites\/4\/2024\/03\/428657582_261444623671130_7884243584945178953_n-700x525.jpg\" data-lightbox=\"lightbox[rel-2132-1563940625]\"><img loading=\"lazy\" decoding=\"async\" width=\"460\" height=\"345\" src=\"https:\/\/arisf.ca\/wp-content\/uploads\/sites\/4\/2024\/03\/428657582_261444623671130_7884243584945178953_n-460x345.jpg\" class=\"attachment-medium\" alt=\"\" title=\"428657582_261444623671130_7884243584945178953_n\" srcset=\"https:\/\/arisf.ca\/wp-content\/uploads\/sites\/4\/2024\/03\/428657582_261444623671130_7884243584945178953_n-460x345.jpg 460w, https:\/\/arisf.ca\/wp-content\/uploads\/sites\/4\/2024\/03\/428657582_261444623671130_7884243584945178953_n-700x525.jpg 700w, https:\/\/arisf.ca\/wp-content\/uploads\/sites\/4\/2024\/03\/428657582_261444623671130_7884243584945178953_n-370x278.jpg 370w, https:\/\/arisf.ca\/wp-content\/uploads\/sites\/4\/2024\/03\/428657582_261444623671130_7884243584945178953_n-768x576.jpg 768w, https:\/\/arisf.ca\/wp-content\/uploads\/sites\/4\/2024\/03\/428657582_261444623671130_7884243584945178953_n-16x12.jpg 16w, https:\/\/arisf.ca\/wp-content\/uploads\/sites\/4\/2024\/03\/428657582_261444623671130_7884243584945178953_n.jpg 1440w\" sizes=\"(max-width: 460px) 100vw, 460px\" \/><\/a><\/div><\/div><div class=\"vc_item\"><div class=\"vc_inner\"><a class=\"\" href=\"https:\/\/arisf.ca\/wp-content\/uploads\/sites\/4\/2024\/03\/428654265_261444660337793_5889564202337100260_n-700x525.jpg\" data-lightbox=\"lightbox[rel-2132-1563940625]\"><img loading=\"lazy\" decoding=\"async\" width=\"460\" height=\"345\" src=\"https:\/\/arisf.ca\/wp-content\/uploads\/sites\/4\/2024\/03\/428654265_261444660337793_5889564202337100260_n-460x345.jpg\" class=\"attachment-medium\" alt=\"\" title=\"428654265_261444660337793_5889564202337100260_n\" srcset=\"https:\/\/arisf.ca\/wp-content\/uploads\/sites\/4\/2024\/03\/428654265_261444660337793_5889564202337100260_n-460x345.jpg 460w, https:\/\/arisf.ca\/wp-content\/uploads\/sites\/4\/2024\/03\/428654265_261444660337793_5889564202337100260_n-700x525.jpg 700w, https:\/\/arisf.ca\/wp-content\/uploads\/sites\/4\/2024\/03\/428654265_261444660337793_5889564202337100260_n-370x278.jpg 370w, https:\/\/arisf.ca\/wp-content\/uploads\/sites\/4\/2024\/03\/428654265_261444660337793_5889564202337100260_n-768x576.jpg 768w, https:\/\/arisf.ca\/wp-content\/uploads\/sites\/4\/2024\/03\/428654265_261444660337793_5889564202337100260_n-16x12.jpg 16w, https:\/\/arisf.ca\/wp-content\/uploads\/sites\/4\/2024\/03\/428654265_261444660337793_5889564202337100260_n.jpg 1440w\" sizes=\"(max-width: 460px) 100vw, 460px\" \/><\/a><\/div><\/div><div class=\"vc_item\"><div class=\"vc_inner\"><a class=\"\" href=\"https:\/\/arisf.ca\/wp-content\/uploads\/sites\/4\/2024\/03\/428652979_261444650337794_2269198334276636814_n-700x525.jpg\" data-lightbox=\"lightbox[rel-2132-1563940625]\"><img loading=\"lazy\" decoding=\"async\" width=\"460\" height=\"345\" src=\"https:\/\/arisf.ca\/wp-content\/uploads\/sites\/4\/2024\/03\/428652979_261444650337794_2269198334276636814_n-460x345.jpg\" class=\"attachment-medium\" alt=\"\" title=\"428652979_261444650337794_2269198334276636814_n\" srcset=\"https:\/\/arisf.ca\/wp-content\/uploads\/sites\/4\/2024\/03\/428652979_261444650337794_2269198334276636814_n-460x345.jpg 460w, https:\/\/arisf.ca\/wp-content\/uploads\/sites\/4\/2024\/03\/428652979_261444650337794_2269198334276636814_n-700x525.jpg 700w, https:\/\/arisf.ca\/wp-content\/uploads\/sites\/4\/2024\/03\/428652979_261444650337794_2269198334276636814_n-370x278.jpg 370w, https:\/\/arisf.ca\/wp-content\/uploads\/sites\/4\/2024\/03\/428652979_261444650337794_2269198334276636814_n-768x576.jpg 768w, https:\/\/arisf.ca\/wp-content\/uploads\/sites\/4\/2024\/03\/428652979_261444650337794_2269198334276636814_n-16x12.jpg 16w, https:\/\/arisf.ca\/wp-content\/uploads\/sites\/4\/2024\/03\/428652979_261444650337794_2269198334276636814_n.jpg 1440w\" sizes=\"(max-width: 460px) 100vw, 460px\" \/><\/a><\/div><\/div><div class=\"vc_item\"><div class=\"vc_inner\"><a class=\"\" href=\"https:\/\/arisf.ca\/wp-content\/uploads\/sites\/4\/2024\/03\/428655863_261444640337795_1237149216598733806_n-394x525.jpg\" data-lightbox=\"lightbox[rel-2132-1563940625]\"><img loading=\"lazy\" decoding=\"async\" width=\"259\" height=\"345\" src=\"https:\/\/arisf.ca\/wp-content\/uploads\/sites\/4\/2024\/03\/428655863_261444640337795_1237149216598733806_n-259x345.jpg\" class=\"attachment-medium\" alt=\"\" title=\"428655863_261444640337795_1237149216598733806_n\" srcset=\"https:\/\/arisf.ca\/wp-content\/uploads\/sites\/4\/2024\/03\/428655863_261444640337795_1237149216598733806_n-259x345.jpg 259w, https:\/\/arisf.ca\/wp-content\/uploads\/sites\/4\/2024\/03\/428655863_261444640337795_1237149216598733806_n-394x525.jpg 394w, https:\/\/arisf.ca\/wp-content\/uploads\/sites\/4\/2024\/03\/428655863_261444640337795_1237149216598733806_n-278x370.jpg 278w, https:\/\/arisf.ca\/wp-content\/uploads\/sites\/4\/2024\/03\/428655863_261444640337795_1237149216598733806_n-768x1024.jpg 768w, https:\/\/arisf.ca\/wp-content\/uploads\/sites\/4\/2024\/03\/428655863_261444640337795_1237149216598733806_n-9x12.jpg 9w, https:\/\/arisf.ca\/wp-content\/uploads\/sites\/4\/2024\/03\/428655863_261444640337795_1237149216598733806_n.jpg 1080w\" sizes=\"(max-width: 259px) 100vw, 259px\" \/><\/a><\/div><\/div><\/div><\/div><\/div><a class=\"vc_left vc_carousel-control\" href=\"#vc_images-carousel-1-1775577974\" data-slide=\"prev\"><span class=\"icon-prev\"><\/span><\/a><a class=\"vc_right vc_carousel-control\" href=\"#vc_images-carousel-1-1775577974\" data-slide=\"next\"><span class=\"icon-next\"><\/span><\/a><\/div><\/div><\/div><\/div><\/div><\/div><\/div><div class=\"vc_row-full-width vc_clearfix\"><\/div>\n<\/section>","protected":false},"excerpt":{"rendered":"Soutien \u00e0 la Sant\u00e9 Mentale : Notre Exp\u00e9rience avec Passion Plein Air Notre \u00e9quipe a r\u00e9cemment eu l'opportunit\u00e9 de participer \u00e0 une activit\u00e9 b\u00e9n\u00e9vole appel\u00e9e Passion Plein Air, organis\u00e9e au","protected":false},"author":1,"featured_media":0,"parent":0,"menu_order":0,"comment_status":"closed","ping_status":"closed","template":"","meta":{"footnotes":""},"class_list":["post-2132","page","type-page","status-publish","hentry"],"_links":{"self":[{"href":"https:\/\/arisf.ca\/fr\/wp-json\/wp\/v2\/pages\/2132"}],"collection":[{"href":"https:\/\/arisf.ca\/fr\/wp-json\/wp\/v2\/pages"}],"about":[{"href":"https:\/\/arisf.ca\/fr\/wp-json\/wp\/v2\/types\/page"}],"author":[{"embeddable":true,"href":"https:\/\/arisf.ca\/fr\/wp-json\/wp\/v2\/users\/1"}],"replies":[{"embeddable":true,"href":"https:\/\/arisf.ca\/fr\/wp-json\/wp\/v2\/comments?post=2132"}],"version-history":[{"count":2,"href":"https:\/\/arisf.ca\/fr\/wp-json\/wp\/v2\/pages\/2132\/revisions"}],"predecessor-version":[{"id":2138,"href":"https:\/\/arisf.ca\/fr\/wp-json\/wp\/v2\/pages\/2132\/revisions\/2138"}],"wp:attachment":[{"href":"https:\/\/arisf.ca\/fr\/wp-json\/wp\/v2\/media?parent=2132"}],"curies":[{"name":"wp","href":"https:\/\/api.w.org\/{rel}","templated":true}]}}