{"id":2139,"date":"2024-03-01T09:02:57","date_gmt":"2024-03-01T14:02:57","guid":{"rendered":"https:\/\/arisf.ca\/?page_id=2139"},"modified":"2024-03-01T09:03:02","modified_gmt":"2024-03-01T14:03:02","slug":"rejoignez-notre-communaute-socialisation-et-plaisir-assures","status":"publish","type":"page","link":"https:\/\/arisf.ca\/fr\/rejoignez-notre-communaute-socialisation-et-plaisir-assures\/","title":{"rendered":"Rejoignez Notre Communaut\u00e9 ! Socialisation et Plaisir Assur\u00e9s"},"content":{"rendered":"<section class=\"wpb-content-wrapper\"><div data-vc-full-width=\"true\" data-vc-full-width-init=\"false\" class=\"vc_row wpb_row vc_row-fluid vc_custom_1696266937061\"><div class=\"wpb_column vc_column_container vc_col-sm-12\"><div class=\"vc_column-inner\"><div class=\"wpb_wrapper\"><div class=\"vc_empty_space\"   style=\"height: 45px\"><span class=\"vc_empty_space_inner\"><\/span><\/div><div class=\"vc_row wpb_row vc_inner vc_row-fluid\"><div class=\"wpb_column vc_column_container vc_col-sm-12 vc_col-lg-offset-1 vc_col-lg-10\"><div class=\"vc_column-inner\"><div class=\"wpb_wrapper\"><div class=\"red-heading vc_custom_1709301681915 layout-default text-center\"><h2 class=\"heading\" style=\"font-size: 44px;color: #dd3333;line-height: 57px;letter-spacing:-0.06em\"><span class=\"style5\">Rejoignez Notre Communaut\u00e9 ! Socialisation et Plaisir Assur\u00e9s<\/span> <\/h2><\/div><\/div><\/div><\/div><\/div><div class=\"vc_empty_space\"   style=\"height: 15px\"><span class=\"vc_empty_space_inner\"><\/span><\/div><div class=\"vc_row wpb_row vc_inner vc_row-fluid vc_custom_1696265514518\"><div class=\"wpb_column vc_column_container vc_col-sm-12\"><div class=\"vc_column-inner vc_custom_1702304109426\"><div class=\"wpb_wrapper\">\r\n\t<div class=\"wpb_text_column wpb_content_element  vc_custom_1709301746868\">\r\n\t\t<div class=\"wpb_wrapper\" style=\"font-size:16px;line-height:28px;color:#0a0a0a;letter-spacing:-0.03em\">\r\n\t\t\t<p>Si vous \u00eates fatigu\u00e9 d&#8217;\u00eatre seul et que vous avez envie de rencontrer de nouvelles personnes dans un endroit cool, notre programme est fait pour vous ! Nous comprenons que la solitude peut \u00eatre pesante et que parfois, il est difficile de briser la glace avec des inconnus. C&#8217;est pourquoi nous vous proposons de rejoindre notre communaut\u00e9 et de participer \u00e0 nos activit\u00e9s sociales. Vous pourrez ainsi vous sociabiliser avec les personnes de notre communaut\u00e9 et partager des moments conviviaux dans un lieu sympa. Ne restez plus seul, inscrivez-vous \u00e0 notre programme et faites de nouvelles rencontres d\u00e8s maintenant !<\/p>\n<p>If you&#8217;re tired of being alone and looking to meet new people in a cool setting, our program is perfect for you! We understand that loneliness can be heavy and that sometimes it&#8217;s hard to break the ice with strangers. That&#8217;s why we invite you to join our community and participate in our social activities. This will allow you to socialize with the people in our community and share enjoyable moments in a friendly environment. Don&#8217;t stay alone any longer, sign up for our program and start making new connections now!<\/p>\n<p><a href=\"https:\/\/arisf.ca\/fr\/programme-de-rencontre-2024\/\">Link<\/a><\/p>\n\r\n\t\t<\/div>\r\n\t<\/div>\r\n<\/div><\/div><\/div><\/div>\n\t<div  class=\"wpb_single_image wpb_content_element vc_align_center\">\n\t\t\n\t\t<figure class=\"wpb_wrapper vc_figure\">\n\t\t\t<div class=\"vc_single_image-wrapper   vc_box_border_grey\"><img loading=\"lazy\" decoding=\"async\" width=\"503\" height=\"345\" src=\"https:\/\/arisf.ca\/wp-content\/uploads\/sites\/4\/2024\/03\/428653964_261432730338986_4645905794837732249_n-503x345.jpg\" class=\"vc_single_image-img attachment-medium\" alt=\"\" title=\"428653964_261432730338986_4645905794837732249_n\" srcset=\"https:\/\/arisf.ca\/wp-content\/uploads\/sites\/4\/2024\/03\/428653964_261432730338986_4645905794837732249_n-503x345.jpg 503w, https:\/\/arisf.ca\/wp-content\/uploads\/sites\/4\/2024\/03\/428653964_261432730338986_4645905794837732249_n-765x525.jpg 765w, https:\/\/arisf.ca\/wp-content\/uploads\/sites\/4\/2024\/03\/428653964_261432730338986_4645905794837732249_n-370x254.jpg 370w, https:\/\/arisf.ca\/wp-content\/uploads\/sites\/4\/2024\/03\/428653964_261432730338986_4645905794837732249_n-768x527.jpg 768w, https:\/\/arisf.ca\/wp-content\/uploads\/sites\/4\/2024\/03\/428653964_261432730338986_4645905794837732249_n-18x12.jpg 18w, https:\/\/arisf.ca\/wp-content\/uploads\/sites\/4\/2024\/03\/428653964_261432730338986_4645905794837732249_n.jpg 1440w\" sizes=\"(max-width: 503px) 100vw, 503px\" \/><\/div>\n\t\t<\/figure>\n\t<\/div>\n<\/div><\/div><\/div><\/div><div class=\"vc_row-full-width vc_clearfix\"><\/div>\n<\/section>","protected":false},"excerpt":{"rendered":"Rejoignez Notre Communaut\u00e9 ! Socialisation et Plaisir Assur\u00e9s Si vous \u00eates fatigu\u00e9 d'\u00eatre seul et que vous avez envie de rencontrer de nouvelles personnes dans un endroit cool, notre programme","protected":false},"author":1,"featured_media":0,"parent":0,"menu_order":0,"comment_status":"closed","ping_status":"closed","template":"","meta":{"footnotes":""},"class_list":["post-2139","page","type-page","status-publish","hentry"],"_links":{"self":[{"href":"https:\/\/arisf.ca\/fr\/wp-json\/wp\/v2\/pages\/2139"}],"collection":[{"href":"https:\/\/arisf.ca\/fr\/wp-json\/wp\/v2\/pages"}],"about":[{"href":"https:\/\/arisf.ca\/fr\/wp-json\/wp\/v2\/types\/page"}],"author":[{"embeddable":true,"href":"https:\/\/arisf.ca\/fr\/wp-json\/wp\/v2\/users\/1"}],"replies":[{"embeddable":true,"href":"https:\/\/arisf.ca\/fr\/wp-json\/wp\/v2\/comments?post=2139"}],"version-history":[{"count":2,"href":"https:\/\/arisf.ca\/fr\/wp-json\/wp\/v2\/pages\/2139\/revisions"}],"predecessor-version":[{"id":2142,"href":"https:\/\/arisf.ca\/fr\/wp-json\/wp\/v2\/pages\/2139\/revisions\/2142"}],"wp:attachment":[{"href":"https:\/\/arisf.ca\/fr\/wp-json\/wp\/v2\/media?parent=2139"}],"curies":[{"name":"wp","href":"https:\/\/api.w.org\/{rel}","templated":true}]}}