{"id":2143,"date":"2024-03-01T09:06:18","date_gmt":"2024-03-01T14:06:18","guid":{"rendered":"https:\/\/arisf.ca\/?page_id=2143"},"modified":"2024-03-01T09:06:21","modified_gmt":"2024-03-01T14:06:21","slug":"journee-de-partage-soutien-et-solidarite-pour-les-familles-vulnerables","status":"publish","type":"page","link":"https:\/\/arisf.ca\/fr\/journee-de-partage-soutien-et-solidarite-pour-les-familles-vulnerables\/","title":{"rendered":"Journ\u00e9e de Partage : Soutien et Solidarit\u00e9 pour les Familles Vuln\u00e9rables"},"content":{"rendered":"<section class=\"wpb-content-wrapper\"><div data-vc-full-width=\"true\" data-vc-full-width-init=\"false\" class=\"vc_row wpb_row vc_row-fluid vc_custom_1696266937061\"><div class=\"wpb_column vc_column_container vc_col-sm-12\"><div class=\"vc_column-inner\"><div class=\"wpb_wrapper\"><div class=\"vc_empty_space\"   style=\"height: 45px\"><span class=\"vc_empty_space_inner\"><\/span><\/div><div class=\"vc_row wpb_row vc_inner vc_row-fluid\"><div class=\"wpb_column vc_column_container vc_col-sm-12 vc_col-lg-offset-1 vc_col-lg-10\"><div class=\"vc_column-inner\"><div class=\"wpb_wrapper\"><div class=\"red-heading vc_custom_1709301934393 layout-default text-center\"><h2 class=\"heading\" style=\"font-size: 44px;color: #dd3333;line-height: 57px;letter-spacing:-0.06em\"><span class=\"style5\">Journ\u00e9e de Partage : Soutien et Solidarit\u00e9 pour les Familles Vuln\u00e9rables<\/span> <\/h2><\/div><\/div><\/div><\/div><\/div><div class=\"vc_empty_space\"   style=\"height: 15px\"><span class=\"vc_empty_space_inner\"><\/span><\/div><div class=\"vc_row wpb_row vc_inner vc_row-fluid vc_custom_1696265514518\"><div class=\"wpb_column vc_column_container vc_col-sm-12\"><div class=\"vc_column-inner vc_custom_1702304109426\"><div class=\"wpb_wrapper\">\r\n\t<div class=\"wpb_text_column wpb_content_element  vc_custom_1709301950447\">\r\n\t\t<div class=\"wpb_wrapper\" style=\"font-size:16px;line-height:28px;color:#0a0a0a;letter-spacing:-0.03em\">\r\n\t\t\t<p>Notre association a toujours eu pour mission d&#8217;aider les personnes en situation de vuln\u00e9rabilit\u00e9, notamment les familles nouvellement arriv\u00e9es et les demandeurs d&#8217;asile. C&#8217;est dans cette optique que nous avons mis en place le programme Sharing Day. Notre but est de leur offrir un soutien concret en leur fournissant des affaires pour meubler leur maison.<\/p>\n<p>Nous sommes conscients que l&#8217;installation dans un nouveau pays peut \u00eatre difficile et co\u00fbteuse, surtout lorsqu&#8217;on ne dispose pas des ressources n\u00e9cessaires. C&#8217;est pourquoi, gr\u00e2ce \u00e0 ce programme, nous souhaitons soulager ces familles en leur offrant des meubles, des \u00e9lectrom\u00e9nagers, des v\u00eatements et tout autre objet dont elles pourraient avoir besoin pour se sentir chez elles.<\/p>\n<p>Le Sharing Day est \u00e9galement l&#8217;occasion de favoriser les rencontres et les \u00e9changes entre les familles et les b\u00e9n\u00e9voles de notre association. Cela permet de cr\u00e9er des liens et de briser l&#8217;isolement que peuvent ressentir ces personnes dans un pays qui leur est encore inconnu.<\/p>\n<p>Nous sommes fiers de pouvoir contribuer \u00e0 l&#8217;int\u00e9gration de ces familles en leur offrant un environnement confortable et chaleureux. Gr\u00e2ce \u00e0 la g\u00e9n\u00e9rosit\u00e9 de nos donateurs et \u00e0 l&#8217;engagement de nos b\u00e9n\u00e9voles, nous esp\u00e9rons pouvoir continuer \u00e0 offrir ce service pr\u00e9cieux pour de nombreuses ann\u00e9es encore.<\/p>\n<p>The mission of the association is to help vulnerable individuals, especially newly arrived families and asylum seekers. To achieve this, it has created the Sharing Day program, which consists of providing household items to furnish their homes and offer them concrete support. This program also aims to facilitate meetings and exchanges between families and volunteers of the association to break their isolation in a new country. The association is proud to contribute to the integration of these families by providing them with a welcoming environment through the generosity of its donors and the commitment of its volunteers.<\/p>\n\r\n\t\t<\/div>\r\n\t<\/div>\r\n<\/div><\/div><\/div><\/div>\n\t<div  class=\"wpb_single_image wpb_content_element vc_align_center\">\n\t\t\n\t\t<figure class=\"wpb_wrapper vc_figure\">\n\t\t\t<div class=\"vc_single_image-wrapper   vc_box_border_grey\"><img loading=\"lazy\" decoding=\"async\" width=\"266\" height=\"345\" src=\"https:\/\/arisf.ca\/wp-content\/uploads\/sites\/4\/2024\/03\/428684143_262714156877510_6116728606769300699_n-1-266x345.jpg\" class=\"vc_single_image-img attachment-medium\" alt=\"\" title=\"428684143_262714156877510_6116728606769300699_n (1)\" srcset=\"https:\/\/arisf.ca\/wp-content\/uploads\/sites\/4\/2024\/03\/428684143_262714156877510_6116728606769300699_n-1-266x345.jpg 266w, https:\/\/arisf.ca\/wp-content\/uploads\/sites\/4\/2024\/03\/428684143_262714156877510_6116728606769300699_n-1-405x525.jpg 405w, https:\/\/arisf.ca\/wp-content\/uploads\/sites\/4\/2024\/03\/428684143_262714156877510_6116728606769300699_n-1-286x370.jpg 286w, https:\/\/arisf.ca\/wp-content\/uploads\/sites\/4\/2024\/03\/428684143_262714156877510_6116728606769300699_n-1-768x995.jpg 768w, https:\/\/arisf.ca\/wp-content\/uploads\/sites\/4\/2024\/03\/428684143_262714156877510_6116728606769300699_n-1-9x12.jpg 9w, https:\/\/arisf.ca\/wp-content\/uploads\/sites\/4\/2024\/03\/428684143_262714156877510_6116728606769300699_n-1.jpg 1112w\" sizes=\"(max-width: 266px) 100vw, 266px\" \/><\/div>\n\t\t<\/figure>\n\t<\/div>\n<\/div><\/div><\/div><\/div><div class=\"vc_row-full-width vc_clearfix\"><\/div>\n<\/section>","protected":false},"excerpt":{"rendered":"Journ\u00e9e de Partage : Soutien et Solidarit\u00e9 pour les Familles Vuln\u00e9rables Notre association a toujours eu pour mission d'aider les personnes en situation de vuln\u00e9rabilit\u00e9, notamment les familles nouvellement arriv\u00e9es","protected":false},"author":1,"featured_media":0,"parent":0,"menu_order":0,"comment_status":"closed","ping_status":"closed","template":"","meta":{"footnotes":""},"class_list":["post-2143","page","type-page","status-publish","hentry"],"_links":{"self":[{"href":"https:\/\/arisf.ca\/fr\/wp-json\/wp\/v2\/pages\/2143"}],"collection":[{"href":"https:\/\/arisf.ca\/fr\/wp-json\/wp\/v2\/pages"}],"about":[{"href":"https:\/\/arisf.ca\/fr\/wp-json\/wp\/v2\/types\/page"}],"author":[{"embeddable":true,"href":"https:\/\/arisf.ca\/fr\/wp-json\/wp\/v2\/users\/1"}],"replies":[{"embeddable":true,"href":"https:\/\/arisf.ca\/fr\/wp-json\/wp\/v2\/comments?post=2143"}],"version-history":[{"count":2,"href":"https:\/\/arisf.ca\/fr\/wp-json\/wp\/v2\/pages\/2143\/revisions"}],"predecessor-version":[{"id":2146,"href":"https:\/\/arisf.ca\/fr\/wp-json\/wp\/v2\/pages\/2143\/revisions\/2146"}],"wp:attachment":[{"href":"https:\/\/arisf.ca\/fr\/wp-json\/wp\/v2\/media?parent=2143"}],"curies":[{"name":"wp","href":"https:\/\/api.w.org\/{rel}","templated":true}]}}