{"id":2151,"date":"2024-03-01T09:12:11","date_gmt":"2024-03-01T14:12:11","guid":{"rendered":"https:\/\/arisf.ca\/?page_id=2151"},"modified":"2024-03-01T09:12:11","modified_gmt":"2024-03-01T14:12:11","slug":"atelier-de-flocage-textile-apprenez-comme-un-professionnel-avec-arisf","status":"publish","type":"page","link":"https:\/\/arisf.ca\/fr\/atelier-de-flocage-textile-apprenez-comme-un-professionnel-avec-arisf\/","title":{"rendered":"Atelier de Flocage Textile : Apprenez comme un Professionnel avec ARISF"},"content":{"rendered":"<section class=\"wpb-content-wrapper\"><div data-vc-full-width=\"true\" data-vc-full-width-init=\"false\" class=\"vc_row wpb_row vc_row-fluid vc_custom_1696266937061\"><div class=\"wpb_column vc_column_container vc_col-sm-12\"><div class=\"vc_column-inner\"><div class=\"wpb_wrapper\"><div class=\"vc_empty_space\"   style=\"height: 45px\"><span class=\"vc_empty_space_inner\"><\/span><\/div><div class=\"vc_row wpb_row vc_inner vc_row-fluid\"><div class=\"wpb_column vc_column_container vc_col-sm-12 vc_col-lg-offset-1 vc_col-lg-10\"><div class=\"vc_column-inner\"><div class=\"wpb_wrapper\"><div class=\"red-heading vc_custom_1709302286175 layout-default text-center\"><h2 class=\"heading\" style=\"font-size: 44px;color: #dd3333;line-height: 57px;letter-spacing:-0.06em\"><span class=\"style5\">Atelier de Flocage Textile : Apprenez comme un Professionnel avec ARISF<\/span> <\/h2><\/div><\/div><\/div><\/div><\/div><div class=\"vc_empty_space\"   style=\"height: 15px\"><span class=\"vc_empty_space_inner\"><\/span><\/div><div class=\"vc_row wpb_row vc_inner vc_row-fluid vc_custom_1696265514518\"><div class=\"wpb_column vc_column_container vc_col-sm-12\"><div class=\"vc_column-inner vc_custom_1702304109426\"><div class=\"wpb_wrapper\">\r\n\t<div class=\"wpb_text_column wpb_content_element  vc_custom_1709302307133\">\r\n\t\t<div class=\"wpb_wrapper\" style=\"font-size:16px;line-height:28px;color:#0a0a0a;letter-spacing:-0.03em\">\r\n\t\t\t<div class=\"xdj266r x11i5rnm xat24cr x1mh8g0r x1vvkbs x126k92a\">\n<div dir=\"auto\">Notre association est fi\u00e8re d&#8217;organiser un atelier ce samedi 02\/03\/2023 de 13h \u00e0 15h pour apprendre le flocage du textile comme un pro. Nous sommes convaincus que cette comp\u00e9tence peut \u00eatre utile dans de nombreux projets personnels ou professionnels. Nous vous invitons \u00e0 vous joindre \u00e0 nous en vous inscrivant au programme. Cet atelier sera anim\u00e9 par des experts en la mati\u00e8re, qui vous guideront pas \u00e0 pas dans la r\u00e9alisation de vos propres cr\u00e9ations. Que vous soyez d\u00e9butant ou d\u00e9j\u00e0 initi\u00e9, cet atelier sera l&#8217;occasion id\u00e9ale pour perfectionner vos techniques de flocage et d\u00e9couvrir de nouvelles astuces. Rejoignez-nous pour un moment de convivialit\u00e9 et de partage autour de cette technique passionnante !<\/div>\n<div dir=\"auto\">Information et Confirmer votre pr\u00e9sence par courriel SVP<\/div>\n<\/div>\n<div class=\"x11i5rnm xat24cr x1mh8g0r x1vvkbs xtlvy1s x126k92a\">\n<div dir=\"auto\">info@arisf.ca<\/div>\n<\/div>\n<div class=\"x11i5rnm xat24cr x1mh8g0r x1vvkbs xtlvy1s x126k92a\">\n<div dir=\"auto\">Our association is proud to organize a workshop this Saturday, March 2nd, 2023 from 1pm to 3pm to learn textile flocking like a pro. We believe this skill can be useful in many personal or professional projects. We invite you to join us by registering for the program. This workshop will be led by experts in the field, who will guide you step by step in creating your own designs. Whether you are a beginner or already familiar with flocking, this workshop will be the perfect opportunity to improve your techniques and discover new tips. Join us for a moment of conviviality and sharing around this exciting technique! Please confirm your attendance by email at info@arisf.ca. Thank you.<\/div>\n<\/div>\n<div class=\"x11i5rnm xat24cr x1mh8g0r x1vvkbs xtlvy1s x126k92a\">\n<div dir=\"auto\">Merci <span class=\"x3nfvp2 x1j61x8r x1fcty0u xdj266r xhhsvwb xat24cr xgzva0m xxymvpz xlup9mm x1kky2od\"><img loading=\"lazy\" decoding=\"async\" class=\"xz74otr\" src=\"https:\/\/static.xx.fbcdn.net\/images\/emoji.php\/v9\/t82\/1.5\/16\/263a.png\" alt=\"\u263a\ufe0f\" width=\"16\" height=\"16\" \/><\/span><\/div>\n<\/div>\n\r\n\t\t<\/div>\r\n\t<\/div>\r\n<\/div><\/div><\/div><\/div>\n\t<div  class=\"wpb_single_image wpb_content_element vc_align_center\">\n\t\t\n\t\t<figure class=\"wpb_wrapper vc_figure\">\n\t\t\t<div class=\"vc_single_image-wrapper   vc_box_border_grey\"><img loading=\"lazy\" decoding=\"async\" width=\"345\" height=\"345\" src=\"https:\/\/arisf.ca\/wp-content\/uploads\/sites\/4\/2024\/03\/429642112_262937920188467_1189667764546638379_n-345x345.jpg\" class=\"vc_single_image-img attachment-medium\" alt=\"\" title=\"429642112_262937920188467_1189667764546638379_n\" srcset=\"https:\/\/arisf.ca\/wp-content\/uploads\/sites\/4\/2024\/03\/429642112_262937920188467_1189667764546638379_n-345x345.jpg 345w, https:\/\/arisf.ca\/wp-content\/uploads\/sites\/4\/2024\/03\/429642112_262937920188467_1189667764546638379_n-525x525.jpg 525w, https:\/\/arisf.ca\/wp-content\/uploads\/sites\/4\/2024\/03\/429642112_262937920188467_1189667764546638379_n-370x370.jpg 370w, https:\/\/arisf.ca\/wp-content\/uploads\/sites\/4\/2024\/03\/429642112_262937920188467_1189667764546638379_n-768x768.jpg 768w, https:\/\/arisf.ca\/wp-content\/uploads\/sites\/4\/2024\/03\/429642112_262937920188467_1189667764546638379_n-12x12.jpg 12w, https:\/\/arisf.ca\/wp-content\/uploads\/sites\/4\/2024\/03\/429642112_262937920188467_1189667764546638379_n.jpg 1376w\" sizes=\"(max-width: 345px) 100vw, 345px\" \/><\/div>\n\t\t<\/figure>\n\t<\/div>\n<\/div><\/div><\/div><\/div><div class=\"vc_row-full-width vc_clearfix\"><\/div>\n<\/section>","protected":false},"excerpt":{"rendered":"Atelier de Flocage Textile : Apprenez comme un Professionnel avec ARISF Notre association est fi\u00e8re d'organiser un atelier ce samedi 02\/03\/2023 de 13h \u00e0 15h pour apprendre le flocage du","protected":false},"author":1,"featured_media":0,"parent":0,"menu_order":0,"comment_status":"closed","ping_status":"closed","template":"","meta":{"footnotes":""},"class_list":["post-2151","page","type-page","status-publish","hentry"],"_links":{"self":[{"href":"https:\/\/arisf.ca\/fr\/wp-json\/wp\/v2\/pages\/2151"}],"collection":[{"href":"https:\/\/arisf.ca\/fr\/wp-json\/wp\/v2\/pages"}],"about":[{"href":"https:\/\/arisf.ca\/fr\/wp-json\/wp\/v2\/types\/page"}],"author":[{"embeddable":true,"href":"https:\/\/arisf.ca\/fr\/wp-json\/wp\/v2\/users\/1"}],"replies":[{"embeddable":true,"href":"https:\/\/arisf.ca\/fr\/wp-json\/wp\/v2\/comments?post=2151"}],"version-history":[{"count":2,"href":"https:\/\/arisf.ca\/fr\/wp-json\/wp\/v2\/pages\/2151\/revisions"}],"predecessor-version":[{"id":2154,"href":"https:\/\/arisf.ca\/fr\/wp-json\/wp\/v2\/pages\/2151\/revisions\/2154"}],"wp:attachment":[{"href":"https:\/\/arisf.ca\/fr\/wp-json\/wp\/v2\/media?parent=2151"}],"curies":[{"name":"wp","href":"https:\/\/api.w.org\/{rel}","templated":true}]}}