{"id":2155,"date":"2024-03-01T09:16:23","date_gmt":"2024-03-01T14:16:23","guid":{"rendered":"https:\/\/arisf.ca\/?page_id=2155"},"modified":"2024-03-07T13:15:06","modified_gmt":"2024-03-07T18:15:06","slug":"bienvenue-au-comptoir-des-impots-2023-darisf","status":"publish","type":"page","link":"https:\/\/arisf.ca\/fr\/bienvenue-au-comptoir-des-impots-2023-darisf\/","title":{"rendered":"Bienvenue au Comptoir des Imp\u00f4ts 2023 d&#8217;ARISF!"},"content":{"rendered":"<section class=\"wpb-content-wrapper\"><div data-vc-full-width=\"true\" data-vc-full-width-init=\"false\" class=\"vc_row wpb_row vc_row-fluid vc_custom_1696266937061\"><div class=\"wpb_column vc_column_container vc_col-sm-12\"><div class=\"vc_column-inner\"><div class=\"wpb_wrapper\"><div class=\"vc_empty_space\"   style=\"height: 45px\"><span class=\"vc_empty_space_inner\"><\/span><\/div><div class=\"vc_row wpb_row vc_inner vc_row-fluid\"><div class=\"wpb_column vc_column_container vc_col-sm-12 vc_col-lg-offset-1 vc_col-lg-10\"><div class=\"vc_column-inner\"><div class=\"wpb_wrapper\"><div class=\"red-heading vc_custom_1709835273645 layout-default text-center\"><h2 class=\"heading\" style=\"font-size: 44px;color: #dd3333;line-height: 57px;letter-spacing:-0.06em\"><span class=\"style5\">Bienvenue au Comptoir des Imp\u00f4ts 2023 d&#039;ARISF !<\/span> <\/h2><\/div><\/div><\/div><\/div><\/div><div class=\"vc_empty_space\"   style=\"height: 15px\"><span class=\"vc_empty_space_inner\"><\/span><\/div><div class=\"vc_row wpb_row vc_inner vc_row-fluid vc_custom_1696265514518\"><div class=\"wpb_column vc_column_container vc_col-sm-12\"><div class=\"vc_column-inner vc_custom_1702304109426\"><div class=\"wpb_wrapper\">\r\n\t<div class=\"wpb_text_column wpb_content_element  vc_custom_1709835295057\">\r\n\t\t<div class=\"wpb_wrapper\" style=\"font-size:16px;line-height:28px;color:#0a0a0a;letter-spacing:-0.03em\">\r\n\t\t\t<p>Nous sommes ravis de vous annoncer que nous avons d\u00e9but\u00e9 avec le comptoir d&#8217;imp\u00f4ts 2023 ! En collaboration avec <a class=\"x1i10hfl xjbqb8w x1ejq31n xd10rxx x1sy0etr x17r0tee x972fbf xcfux6l x1qhh985 xm0m39n x9f619 x1ypdohk xt0psk2 xe8uvvx xdj266r x11i5rnm xat24cr x1mh8g0r xexx8yu x4uap5 x18d9i69 xkhd6sd x16tdsg8 x1hl2dhg xggy1nq x1a2a7pz xt0b8zv xzsf02u x1s688f\" role=\"link\" href=\"https:\/\/www.facebook.com\/Revenue-Quebec-164840300354163\/?__tn__=kK*F\"><span class=\"xt0psk2\">Revenue Quebec<\/span><\/a>\u00a0REVENUES QU\u00c9BEC Vous pourrez d\u00e9sormais venir nous voir pour vos d\u00e9clarations fiscales et b\u00e9n\u00e9ficier de nos services de qualit\u00e9. Cependant, si vous n&#8217;\u00eates pas encore inscrit chez nous, n&#8217;h\u00e9sitez pas \u00e0 nous envoyer un message afin que nous puissions vous aider \u00e0 vous inscrire rapidement. Nous sommes impatients de vous accueillir et de vous accompagner dans vos d\u00e9marches fiscales. Faites-nous confiance pour une d\u00e9claration d&#8217;imp\u00f4ts efficace et sans souci !<\/p>\n<p>We are delighted to announce that we have started with the 2024 tax counter! You can now come and see us for your tax returns and benefit from our quality services. However, if you are not yet registered with us, please do not hesitate to send us a message so that we can help you register quickly. We are looking forward to welcoming you and supporting you in your tax procedures. Trust us for an efficient and worry-free tax return!<\/p>\n\r\n\t\t<\/div>\r\n\t<\/div>\r\n<\/div><\/div><\/div><\/div>\n\t<div  class=\"wpb_single_image wpb_content_element vc_align_center\">\n\t\t\n\t\t<figure class=\"wpb_wrapper vc_figure\">\n\t\t\t<div class=\"vc_single_image-wrapper   vc_box_border_grey\"><img loading=\"lazy\" decoding=\"async\" width=\"246\" height=\"345\" src=\"https:\/\/arisf.ca\/wp-content\/uploads\/sites\/4\/2024\/03\/428696973_262963323519260_8999235820724127890_n-246x345.jpg\" class=\"vc_single_image-img attachment-medium\" alt=\"\" title=\"428696973_262963323519260_8999235820724127890_n\" srcset=\"https:\/\/arisf.ca\/wp-content\/uploads\/sites\/4\/2024\/03\/428696973_262963323519260_8999235820724127890_n-246x345.jpg 246w, https:\/\/arisf.ca\/wp-content\/uploads\/sites\/4\/2024\/03\/428696973_262963323519260_8999235820724127890_n-375x525.jpg 375w, https:\/\/arisf.ca\/wp-content\/uploads\/sites\/4\/2024\/03\/428696973_262963323519260_8999235820724127890_n-264x370.jpg 264w, https:\/\/arisf.ca\/wp-content\/uploads\/sites\/4\/2024\/03\/428696973_262963323519260_8999235820724127890_n-768x1076.jpg 768w, https:\/\/arisf.ca\/wp-content\/uploads\/sites\/4\/2024\/03\/428696973_262963323519260_8999235820724127890_n-9x12.jpg 9w, https:\/\/arisf.ca\/wp-content\/uploads\/sites\/4\/2024\/03\/428696973_262963323519260_8999235820724127890_n.jpg 1028w\" sizes=\"(max-width: 246px) 100vw, 246px\" \/><\/div>\n\t\t<\/figure>\n\t<\/div>\n<\/div><\/div><\/div><\/div><div class=\"vc_row-full-width vc_clearfix\"><\/div><div class=\"vc_row wpb_row vc_row-fluid\"><div class=\"wpb_column vc_column_container vc_col-sm-12\"><div class=\"vc_column-inner\"><div class=\"wpb_wrapper\">\n\t<div class=\"wpb_raw_code wpb_content_element wpb_raw_html\" >\n\t\t<div class=\"wpb_wrapper\">\n\t\t\t <div id=\"form_id1106185900162\"  class=\"wpbc_container wpbc_container_booking_form  wpdevelop\" ><form  id=\"booking_form1\"   class=\"booking_form vertical\" method=\"post\" action=\"\" data-trp-original-action=\"\"><div id=\"ajax_respond_insert1\" class=\"ajax_respond_insert\" style=\"display:none;\"><\/div><a name=\"bklnk1\" id=\"bklnk1\"><\/a><div id=\"booking_form_div1\" class=\"booking_form_div\"><div class=\"wpbc_booking_form_structure wpbc_vertical\">\n  <div class=\"wpbc_structure_calendar\">\n    <div class=\"wpbc_calendar_wraper wpbc_change_over_triangle\"><div class=\"bk_calendar_frame wpbc_no_custom_width  months_num_in_row_ cal_month_num_1 wpbc_timeslot_day_bg_as_available\" style=\"\"><div id=\"calendar_booking1\">Calendar is loading...<\/div><\/div><div style=\"font-size:7px;text-align:left;margin:0 0 10px;text-shadow: none;\">Powered by <a href=\"https:\/\/wpbookingcalendar.com\" target=\"_blank\" title=\"Booking Calendar plugin for WordPress\">Booking Calendar<\/a><\/div><textarea id=\"date_booking1\" name=\"date_booking1\" autocomplete=\"off\" style=\"display:none;\"><\/textarea><div class=\"block_hints datepick\"><div class=\"wpdev_hint_with_text\"><div class=\"block_free datepick-days-cell\"><a>&nbsp;<\/a><\/div><div class=\"block_text\">- <\/div><div class=\"block_text\">Available<\/div><\/div><div class=\"wpdev_hint_with_text\"><div class=\"block_booked date_approved\">&nbsp;<\/div><div class=\"block_text\">- <\/div><div class=\"block_text\">Booked<\/div><\/div><div class=\"wpdev_hint_with_text\"><div class=\"block_pending date2approve\">&nbsp;<\/div><div class=\"block_text\">- <\/div><div class=\"block_text\">Pending<\/div><\/div><\/div><\/div>\n  <\/div>\n  <div class=\"wpbc_structure_form\">\n  <div class=\"form-group wpbc-form-element-select wpbc-form-element-rangetime\">  <label for=\"rangetime1\" class=\"control-label\">Time Slots*:<\/label>   <div class=\"controls\">   <select name=\"rangetime1\" id=\"rangetime1\" class=\"input-xlarge wpdev-validates-as-required\" >  <option value=\"09:00 - 10:00\" >9:00 AM - 10:00 AM<\/option>  <option value=\"10:00 - 11:00\" >10:00 AM - 11:00 AM<\/option>  <option value=\"11:00 - 12:00\" >11:00 AM - 12:00 PM (Noon)<\/option>  <option value=\"12:00 - 13:00\" >12:00 PM (Noon) - 1:00 PM<\/option>  <option value=\"13:00 - 14:00\" >1:00 PM - 2:00 PM<\/option>  <option value=\"14:00 - 15:00\" >2:00 PM - 3:00 PM<\/option>  <option value=\"15:00 - 16:00\" >3:00 PM - 4:00 PM<\/option>  <option value=\"16:00 - 17:00\" >4:00 PM - 5:00 PM<\/option>  <option value=\"17:00 - 18:00\" >5:00 PM - 6:00 PM<\/option>  <option value=\"18:00 - 19:00\" >6:00 PM - 7:00 PM<\/option>     <\/select><\/div><\/div>  <div class=\"form-group wpbc-form-element-text wpbc-form-element-name\">  <label for=\"name1\" class=\"control-label\">First Name*:<\/label>   <div class=\"controls\">   <input type=\"text\" name=\"name1\" id=\"name1\" class=\"input-xlarge wpdev-validates-as-required\" \/><\/div><\/div>  <div class=\"form-group wpbc-form-element-text wpbc-form-element-secondname\">  <label for=\"secondname1\" class=\"control-label\">Last Name*:<\/label>   <div class=\"controls\">   <input type=\"text\" name=\"secondname1\" id=\"secondname1\" class=\"input-xlarge wpdev-validates-as-required\" \/><\/div><\/div>  <div class=\"form-group wpbc-form-element-email wpbc-form-element-email\">  <label for=\"email1\" class=\"control-label\">Email*:<\/label>   <div class=\"controls\">   <input type=\"text\" name=\"email1\" id=\"email1\" class=\"input-xlarge wpdev-validates-as-email wpdev-validates-as-required wpdev-validates-as-required\" \/><\/div><\/div>  <div class=\"form-group wpbc-form-element-text wpbc-form-element-phone\">  <label for=\"phone1\" class=\"control-label\">Phone:<\/label>   <div class=\"controls\">   <input type=\"text\" name=\"phone1\" id=\"phone1\" class=\"input-xlarge\" \/><\/div><\/div>  <div class=\"form-group wpbc-form-element-textarea wpbc-form-element-details\">  <label for=\"details1\" class=\"control-label\">Details:<\/label>   <div class=\"controls\">   <textarea  rows=\"3\" name=\"details1\" id=\"details1\" class=\"input-xlarge\" ><\/textarea><\/div><\/div><div class=\"form-group\"><span class=\"wpbc_text_captcha_container\"><input  autocomplete=\"off\" type=\"hidden\" name=\"wpdev_captcha_challenge_1\"  id=\"wpdev_captcha_challenge_1\" value=\"1119838160\" \/><input  autocomplete=\"off\" type=\"text\" class=\"captachinput\" value=\"\" name=\"captcha_input1\" id=\"captcha_input1\" \/><img decoding=\"async\" class=\"captcha_img\"  id=\"captcha_img1\" alt=\"captcha\" src=\"https:\/\/arisf.ca\/wp-content\/plugins\/booking\/js\/captcha\/tmp\/1119838160.png\" \/><\/span><\/div>\n<div class=\"form-group\"><button class=\"wpbc_button_light\" type=\"button\" onclick=\"mybooking_submit(this.form,1,'fr_CA');\" >Send<\/button><\/div>\n  <\/div>\n<\/div>\n<div class=\"wpbc_booking_form_footer\"><\/div><input id=\"bk_type1\" name=\"bk_type1\" class=\"\" type=\"hidden\" value=\"1\" \/><\/div><div id=\"submiting1\"><\/div><div class=\"form_bk_messages\" id=\"form_bk_messages1\" ><\/div><input type=\"hidden\" id=\"wpbc_nonceCALCULATE_THE_COST1\" name=\"wpbc_nonceCALCULATE_THE_COST1\" value=\"bec7822233\" \/><input type=\"hidden\" name=\"_wp_http_referer\" value=\"\/fr\/wp-json\/wp\/v2\/pages\/2155\" \/><input type=\"hidden\" name=\"trp-form-language\" value=\"fr\"\/><\/form><\/div><div id=\"booking_form_garbage1\" class=\"booking_form_garbage\"><\/div><script type=\"text\/javascript\">\n                                jQuery(document).ready( function(){\n                                    jQuery(\".widget_wpdev_booking .booking_form.form-horizontal\").removeClass(\"form-horizontal\");\n                                    var visible_booking_id_on_page_num = visible_booking_id_on_page.length;\n                                    if (visible_booking_id_on_page_num !== null ) {\n                                        for (var i=0;i< visible_booking_id_on_page_num ;i++){\n                                          if ( visible_booking_id_on_page[i]==\"booking_form_div1\" ) {\n                                              document.getElementById(\"form_id1106185900162\").innerHTML = \"<span style='color:#A00;font-size:10px;'>Warning! Booking calendar for this booking resource are already at the page, please check more about this issue at this page: https:\/\/wpbookingcalendar.com\/faq\/why-the-booking-calendar-widget-not-show-on-page\/<\/span>\";                                                                                                  \n                                              jQuery(\"#form_id1106185900162\").animate( {opacity: 1}, 10000 ).fadeOut(5000);\n                                              return;\n                                          }\n                                        }\n                                        visible_booking_id_on_page[ visible_booking_id_on_page_num ]=\"booking_form_div1\";\n                                    }\n                                });\n                            <\/script> <script type='text\/javascript'> jQuery(document).ready( function(){  _wpbc.balancer__set_max_threads( 3 );  _wpbc.calendar__set_param_value( 1 , 'calendar_scroll_to' , false );  _wpbc.calendar__set_param_value( 1 , 'booking_max_monthes_in_calendar' , '1m' );  _wpbc.calendar__set_param_value( 1 , 'booking_start_day_weeek' , '1' );  _wpbc.calendar__set_param_value( 1 , 'calendar_number_of_months' , '1' );   _wpbc.calendar__set_param_value( 1, 'days_select_mode', 'single' );   _wpbc.calendar__set_param_value( 1, 'fixed__days_num', 0 );   _wpbc.calendar__set_param_value( 1, 'fixed__week_days__start',   [] );   _wpbc.calendar__set_param_value( 1, 'dynamic__days_min', 0 );   _wpbc.calendar__set_param_value( 1, 'dynamic__days_max', 0 );   _wpbc.calendar__set_param_value( 1, 'dynamic__days_specific',    [] );   _wpbc.calendar__set_param_value( 1, 'dynamic__week_days__start', [] );   _wpbc.calendar__set_param_value( 1, 'booking_date_format', 'F j, Y' );   _wpbc.calendar__set_param_value( 1, 'booking_time_format', 'g:i a' );  _wpbc.set_other_param( 'message_dates_times_unavailable', 'These dates and times in this calendar are already booked or unavailable.' );  _wpbc.set_other_param( 'message_choose_alternative_dates', 'Please choose alternative date(s), times, or adjust the number of slots booked.' );  _wpbc.set_other_param( 'message_cannot_save_in_one_resource', 'It is not possible to store this sequence of the dates into the one same resource.' );   if ( 'function' === typeof ( wpbc__conditions__SAVE_INITIAL__days_selection_params__bm ) ){ wpbc__conditions__SAVE_INITIAL__days_selection_params__bm( 1 ); }   wpbc_calendar_show( '1' );   _wpbc.set_secure_param( 'nonce',   '43aaccd619' );   _wpbc.set_secure_param( 'user_id', '0' );   _wpbc.set_secure_param( 'locale',  'fr_CA' );  wpbc_calendar__load_data__ajx( {\"resource_id\":1,\"booking_hash\":\"\",\"request_uri\":\"\\\/fr\\\/wp-json\\\/wp\\\/v2\\\/pages\\\/2155\",\"custom_form\":\"standard\",\"aggregate_resource_id_str\":\"\",\"aggregate_type\":\"all\"} );  } ); <\/script>\n\t\t<\/div>\n\t<\/div>\n<\/div><\/div><\/div><\/div>\n<\/section>","protected":false},"excerpt":{"rendered":"Bienvenue au Comptoir des Imp\u00f4ts 2023 d&#039;ARISF ! Nous sommes ravis de vous annoncer que nous avons d\u00e9but\u00e9 avec le comptoir d'imp\u00f4ts 2023 ! En collaboration avec Revenue Quebec\u00a0REVENUES QU\u00c9BEC","protected":false},"author":1,"featured_media":0,"parent":0,"menu_order":0,"comment_status":"closed","ping_status":"closed","template":"","meta":{"footnotes":""},"class_list":["post-2155","page","type-page","status-publish","hentry"],"_links":{"self":[{"href":"https:\/\/arisf.ca\/fr\/wp-json\/wp\/v2\/pages\/2155"}],"collection":[{"href":"https:\/\/arisf.ca\/fr\/wp-json\/wp\/v2\/pages"}],"about":[{"href":"https:\/\/arisf.ca\/fr\/wp-json\/wp\/v2\/types\/page"}],"author":[{"embeddable":true,"href":"https:\/\/arisf.ca\/fr\/wp-json\/wp\/v2\/users\/1"}],"replies":[{"embeddable":true,"href":"https:\/\/arisf.ca\/fr\/wp-json\/wp\/v2\/comments?post=2155"}],"version-history":[{"count":5,"href":"https:\/\/arisf.ca\/fr\/wp-json\/wp\/v2\/pages\/2155\/revisions"}],"predecessor-version":[{"id":2174,"href":"https:\/\/arisf.ca\/fr\/wp-json\/wp\/v2\/pages\/2155\/revisions\/2174"}],"wp:attachment":[{"href":"https:\/\/arisf.ca\/fr\/wp-json\/wp\/v2\/media?parent=2155"}],"curies":[{"name":"wp","href":"https:\/\/api.w.org\/{rel}","templated":true}]}}