{"id":2398,"date":"2024-05-13T11:11:55","date_gmt":"2024-05-13T16:11:55","guid":{"rendered":"https:\/\/arisf.ca\/?page_id=2398"},"modified":"2026-02-24T10:30:10","modified_gmt":"2026-02-24T15:30:10","slug":"service-offerings","status":"publish","type":"page","link":"https:\/\/arisf.ca\/fr\/service-offerings\/","title":{"rendered":"Offres de services"},"content":{"rendered":"<section class=\"wpb-content-wrapper\"><div data-vc-full-width=\"true\" data-vc-full-width-init=\"false\" class=\"vc_row wpb_row vc_row-fluid vc_custom_1696269596210\"><div class=\"wpb_column vc_column_container vc_col-sm-12\"><div class=\"vc_column-inner\"><div class=\"wpb_wrapper\"><div class=\"vc_row wpb_row vc_inner vc_row-fluid\"><div class=\"wpb_column vc_column_container vc_col-sm-12 vc_col-lg-offset-1 vc_col-lg-10\"><div class=\"vc_column-inner\"><div class=\"wpb_wrapper\"><div class=\"red-heading vc_custom_1768361838955 layout-default text-center\"><h2 class=\"heading\" style=\"font-size: 44px;line-height: 57px;letter-spacing:-0.06em\"><span class=\"style5\">Nos Offres de Services<\/span> <\/h2><\/div><\/div><\/div><\/div><\/div>\r\n\t<div class=\"wpb_text_column wpb_content_element\">\r\n\t\t<div class=\"wpb_wrapper\">\r\n\t\t\t<h4 style=\"text-align: center\">Des solutions concr\u00e8tes pour votre nouvelle vie \u00e0 Ottawa et Gatineau.<\/h4>\n\r\n\t\t<\/div>\r\n\t<\/div>\r\n<\/div><\/div><\/div><\/div><div class=\"vc_row-full-width vc_clearfix\"><\/div><div class=\"vc_row wpb_row vc_row-fluid vc_custom_1715616189542 vc_row-has-fill\"><div class=\"wpb_column vc_column_container vc_col-sm-4\"><div class=\"vc_column-inner\"><div class=\"wpb_wrapper\"><div class=\"red-heading vc_custom_1768361904231 layout-default text-center\"><h2 class=\"heading\" style=\"font-size: 44px;line-height: 57px;letter-spacing:-0.06em\"><span class=\"style3\" style=\"font-size:28px\">Accompagnement \u00e0 l'\u00c9tablissement:<\/span> <\/h2><\/div>\r\n\t<div class=\"wpb_text_column wpb_content_element  vc_custom_1768361984957\">\r\n\t\t<div class=\"wpb_wrapper\" style=\"font-size:16px;line-height:28px;color:#0a0a0a;letter-spacing:-0.03em\">\r\n\t\t\t<h5 style=\"text-align: center\">Aide personnalis\u00e9e pour vos d\u00e9marches administratives, recherche de logement et orientation scolaire\/sant\u00e9.<\/h5>\n\r\n\t\t<\/div>\r\n\t<\/div>\r\n<\/div><\/div><\/div><div class=\"wpb_column vc_column_container vc_col-sm-4\"><div class=\"vc_column-inner\"><div class=\"wpb_wrapper\"><div class=\"red-heading vc_custom_1768361921423 layout-default text-center\"><h2 class=\"heading\" style=\"font-size: 44px;line-height: 57px;letter-spacing:-0.06em\"><span class=\"style3\" style=\"font-size:28px\">Parcours Entrepreneur:<\/span> <\/h2><\/div>\r\n\t<div class=\"wpb_text_column wpb_content_element  vc_custom_1768362000045\">\r\n\t\t<div class=\"wpb_wrapper\" style=\"font-size:16px;line-height:28px;color:#0a0a0a;letter-spacing:-0.03em\">\r\n\t\t\t<h5 style=\"text-align: center\">Ateliers de formation pour lancer votre entreprise (plan d'affaires, marketing, enregistrement).<\/h5>\n\r\n\t\t<\/div>\r\n\t<\/div>\r\n<\/div><\/div><\/div><div class=\"wpb_column vc_column_container vc_col-sm-4\"><div class=\"vc_column-inner\"><div class=\"wpb_wrapper\"><div class=\"red-heading vc_custom_1768361936408 layout-default text-center\"><h2 class=\"heading\" style=\"font-size: 44px;line-height: 57px;letter-spacing:-0.06em\"><span class=\"style3\" style=\"font-size:28px\">Mentorat &amp; Coaching:<\/span> <\/h2><\/div>\r\n\t<div class=\"wpb_text_column wpb_content_element  vc_custom_1768362018542\">\r\n\t\t<div class=\"wpb_wrapper\" style=\"font-size:16px;line-height:28px;color:#0a0a0a;letter-spacing:-0.03em\">\r\n\t\t\t<h5 style=\"text-align: center\">Jumelage avec des professionnels \u00e9tablis pour acc\u00e9l\u00e9rer votre int\u00e9gration professionnelle.<\/h5>\n\r\n\t\t<\/div>\r\n\t<\/div>\r\n<\/div><\/div><\/div><\/div><div class=\"vc_row wpb_row vc_row-fluid\"><div class=\"wpb_column vc_column_container vc_col-sm-4\"><div class=\"vc_column-inner\"><div class=\"wpb_wrapper\"><\/div><\/div><\/div><div class=\"wpb_column vc_column_container vc_col-sm-4\"><div class=\"vc_column-inner\"><div class=\"wpb_wrapper\"><div class=\"red-heading vc_custom_1768361971481 layout-default text-center\"><h2 class=\"heading\" style=\"font-size: 44px;line-height: 57px;letter-spacing:-0.06em\"><span class=\"style3\" style=\"font-size:28px\">Espaces de Discussion:<\/span> <\/h2><\/div>\r\n\t<div class=\"wpb_text_column wpb_content_element  vc_custom_1768362046038\">\r\n\t\t<div class=\"wpb_wrapper\" style=\"font-size:16px;line-height:28px;color:#0a0a0a;letter-spacing:-0.03em\">\r\n\t\t\t<h5 style=\"text-align: center\">Ateliers d'\u00e9change communautaire pour partager vos exp\u00e9riences et b\u00e2tir votre r\u00e9seau social.<\/h5>\n\r\n\t\t<\/div>\r\n\t<\/div>\r\n<\/div><\/div><\/div><div class=\"wpb_column vc_column_container vc_col-sm-4\"><div class=\"vc_column-inner\"><div class=\"wpb_wrapper\"><\/div><\/div><\/div><\/div><div class=\"vc_row wpb_row vc_row-fluid\"><div class=\"wpb_column vc_column_container vc_col-sm-12\"><div class=\"vc_column-inner\"><div class=\"wpb_wrapper\"><div class=\"vc_empty_space\"   style=\"height: 5px\"><span class=\"vc_empty_space_inner\"><\/span><\/div><\/div><\/div><\/div><\/div><div data-vc-full-width=\"true\" data-vc-full-width-init=\"false\" class=\"vc_row wpb_row vc_row-fluid vc_custom_1696269596210\"><div class=\"wpb_column vc_column_container vc_col-sm-12\"><div class=\"vc_column-inner\"><div class=\"wpb_wrapper\"><div class=\"vc_row wpb_row vc_inner vc_row-fluid\"><div class=\"wpb_column vc_column_container vc_col-sm-12 vc_col-lg-offset-1 vc_col-lg-10\"><div class=\"vc_column-inner\"><div class=\"wpb_wrapper\"><div class=\"red-heading vc_custom_1768362084260 layout-default text-center\"><h2 class=\"heading\" style=\"font-size: 44px;line-height: 57px;letter-spacing:-0.06em\"><span class=\"style5\">Nos Projets Phares<\/span> <\/h2><\/div><\/div><\/div><\/div><\/div>\r\n\t<div class=\"wpb_text_column wpb_content_element\">\r\n\t\t<div class=\"wpb_wrapper\">\r\n\t\t\t<h4 style=\"text-align: center\">Ce qui nous anime en 2026.<\/h4>\n\r\n\t\t<\/div>\r\n\t<\/div>\r\n<\/div><\/div><\/div><\/div><div class=\"vc_row-full-width vc_clearfix\"><\/div><div class=\"vc_row wpb_row vc_row-fluid vc_custom_1715616189542 vc_row-has-fill\"><div class=\"wpb_column vc_column_container vc_col-sm-4\"><div class=\"vc_column-inner\"><div class=\"wpb_wrapper\"><div class=\"red-heading vc_custom_1768362160353 layout-default text-center\"><h2 class=\"heading\" style=\"font-size: 44px;line-height: 57px;letter-spacing:-0.06em\"><span class=\"style3\" style=\"font-size:28px\">Le Festival Petit Open:<\/span> <\/h2><\/div>\r\n\t<div class=\"wpb_text_column wpb_content_element  vc_custom_1768362170290\">\r\n\t\t<div class=\"wpb_wrapper\" style=\"font-size:16px;line-height:28px;color:#0a0a0a;letter-spacing:-0.03em\">\r\n\t\t\t<h5 style=\"text-align: center\">Notre grand projet de l'ann\u00e9e ! Une c\u00e9l\u00e9bration culturelle binationale (Ottawa-Gatineau) mettant en lumi\u00e8re les talents et les saveurs des nouveaux arrivants.<\/h5>\n\r\n\t\t<\/div>\r\n\t<\/div>\r\n<div class=\"vc_empty_space\"   style=\"height: 32px\"><span class=\"vc_empty_space_inner\"><\/span><\/div><div class=\"vc_btn3-container vc_btn3-center\" ><a class=\"vc_general vc_btn3 vc_btn3-size-md vc_btn3-shape-rounded vc_btn3-style-modern vc_btn3-color-danger\" href=\"https:\/\/arisf.ca\/fr\/le-grand-retour-du-festival-petit-open\/\" title=\"\">More<\/a><\/div><div class=\"vc_empty_space\"   style=\"height: 32px\"><span class=\"vc_empty_space_inner\"><\/span><\/div><\/div><\/div><\/div><div class=\"wpb_column vc_column_container vc_col-sm-4\"><div class=\"vc_column-inner\"><div class=\"wpb_wrapper\"><div class=\"red-heading vc_custom_1768362189807 layout-default text-center\"><h2 class=\"heading\" style=\"font-size: 44px;line-height: 57px;letter-spacing:-0.06em\"><span class=\"style3\" style=\"font-size:28px\">Le Hub des Entrepreneurs Immigr\u00e9s:<\/span> <\/h2><\/div>\r\n\t<div class=\"wpb_text_column wpb_content_element  vc_custom_1768362202500\">\r\n\t\t<div class=\"wpb_wrapper\" style=\"font-size:16px;line-height:28px;color:#0a0a0a;letter-spacing:-0.03em\">\r\n\t\t\t<h5 style=\"text-align: center\">Cr\u00e9ation d'un r\u00e9seau d'entraide entre les entrepreneurs d'Overbrook-Vanier et de Gatineau pour favoriser le commerce local et solidaire.<\/h5>\n\r\n\t\t<\/div>\r\n\t<\/div>\r\n<\/div><\/div><\/div><div class=\"wpb_column vc_column_container vc_col-sm-4\"><div class=\"vc_column-inner\"><div class=\"wpb_wrapper\"><div class=\"red-heading vc_custom_1768362222177 layout-default text-center\"><h2 class=\"heading\" style=\"font-size: 44px;line-height: 57px;letter-spacing:-0.06em\"><span class=\"style3\" style=\"font-size:28px\">Programme \"Racines &amp; Avenir\":<\/span> <\/h2><\/div>\r\n\t<div class=\"wpb_text_column wpb_content_element  vc_custom_1768362232101\">\r\n\t\t<div class=\"wpb_wrapper\" style=\"font-size:16px;line-height:28px;color:#0a0a0a;letter-spacing:-0.03em\">\r\n\t\t\t<h5 style=\"text-align: center\">Des activit\u00e9s de loisirs et de culture pour les jeunes immigr\u00e9s afin de renforcer leur leadership et leur fiert\u00e9 culturelle.<\/h5>\n\r\n\t\t<\/div>\r\n\t<\/div>\r\n<\/div><\/div><\/div><\/div><div data-vc-full-width=\"true\" data-vc-full-width-init=\"false\" class=\"vc_row wpb_row vc_row-fluid vc_custom_1696269596210\"><div class=\"wpb_column vc_column_container vc_col-sm-12\"><div class=\"vc_column-inner\"><div class=\"wpb_wrapper\"><div class=\"vc_row wpb_row vc_inner vc_row-fluid\"><div class=\"wpb_column vc_column_container vc_col-sm-12 vc_col-lg-offset-1 vc_col-lg-10\"><div class=\"vc_column-inner\"><div class=\"wpb_wrapper\"><div class=\"red-heading vc_custom_1768362291778 layout-default text-center\"><h2 class=\"heading\" style=\"font-size: 44px;line-height: 57px;letter-spacing:-0.06em\"><span class=\"style5\">Partenariats<\/span> <\/h2><\/div><\/div><\/div><\/div><\/div>\r\n\t<div class=\"wpb_text_column wpb_content_element\">\r\n\t\t<div class=\"wpb_wrapper\">\r\n\t\t\t<h4 style=\"text-align: center\">Ensemble, multiplions notre impact.<\/p>\n<p>L'ARISF croit \u00e0 la force du collectif. Nous collaborons avec des organismes communautaires, des institutions municipales et des entreprises priv\u00e9es pour cr\u00e9er un corridor de soutien entre l'Ontario et le Qu\u00e9bec.<\/h4>\n\r\n\t\t<\/div>\r\n\t<\/div>\r\n\r\n\t<div class=\"wpb_text_column wpb_content_element\">\r\n\t\t<div class=\"wpb_wrapper\">\r\n\t\t\t<ul>\n<li style=\"text-align: left\">\n<h4><span style=\"color: #000000\"><strong data-start=\"1380\" data-end=\"1401\">Devenir partenaire:<\/strong> Vous souhaitez co-organiser un \u00e9v\u00e9nement ou offrir vos services \u00e0 nos membres ? Contactez-nous pour b\u00e2tir un partenariat strat\u00e9gique.<\/span><\/h4>\n<\/li>\n<\/ul>\n\r\n\t\t<\/div>\r\n\t<\/div>\r\n\r\n\t<div class=\"wpb_text_column wpb_content_element\">\r\n\t\t<div class=\"wpb_wrapper\">\r\n\t\t\t<h2 style=\"text-align: center\"><span style=\"color: #000000\"><strong data-start=\"1380\" data-end=\"1401\">Ils nous font confiance:<\/strong><\/span><\/h2>\n\r\n\t\t<\/div>\r\n\t<\/div>\r\n<\/div><\/div><\/div><\/div><div class=\"vc_row-full-width vc_clearfix\"><\/div><div class=\"vc_row wpb_row vc_row-fluid\"><div class=\"wpb_column vc_column_container vc_col-sm-12\"><div class=\"vc_column-inner\"><div class=\"wpb_wrapper\"><div class=\"vc_empty_space\"   style=\"height: 32px\"><span class=\"vc_empty_space_inner\"><\/span><\/div><\/div><\/div><\/div><\/div><div class=\"vc_row wpb_row vc_row-fluid vc_row-o-content-middle vc_row-flex\"><div class=\"wpb_column vc_column_container vc_col-sm-3\"><div class=\"vc_column-inner\"><div class=\"wpb_wrapper\">\n\t<div  class=\"wpb_single_image wpb_content_element vc_align_center\">\n\t\t\n\t\t<figure class=\"wpb_wrapper vc_figure\">\n\t\t\t<div class=\"vc_single_image-wrapper   vc_box_border_grey\"><img loading=\"lazy\" decoding=\"async\" class=\"vc_single_image-img\" src=\"https:\/\/arisf.ca\/wp-content\/uploads\/sites\/4\/2024\/12\/WhatsApp-Image-2024-11-19-at-12.15.03-1-Photoroom-250x250.png\" width=\"250\" height=\"250\" alt=\"WhatsApp Image 2024-11-19 at 12.15.03 (1)-Photoroom\" title=\"WhatsApp Image 2024-11-19 at 12.15.03 (1)-Photoroom\" \/><\/div>\n\t\t<\/figure>\n\t<\/div>\n<\/div><\/div><\/div><div class=\"wpb_column vc_column_container vc_col-sm-3\"><div class=\"vc_column-inner\"><div class=\"wpb_wrapper\">\n\t<div  class=\"wpb_single_image wpb_content_element vc_align_center\">\n\t\t\n\t\t<figure class=\"wpb_wrapper vc_figure\">\n\t\t\t<div class=\"vc_single_image-wrapper   vc_box_border_grey\"><img loading=\"lazy\" decoding=\"async\" width=\"555\" height=\"125\" src=\"https:\/\/arisf.ca\/wp-content\/uploads\/sites\/4\/2024\/12\/NEWCODEXRecurso-1-8-555x125.png\" class=\"vc_single_image-img attachment-medium\" alt=\"\" title=\"NEWCODEXRecurso 1-8\" srcset=\"https:\/\/arisf.ca\/wp-content\/uploads\/sites\/4\/2024\/12\/NEWCODEXRecurso-1-8-555x125.png 555w, https:\/\/arisf.ca\/wp-content\/uploads\/sites\/4\/2024\/12\/NEWCODEXRecurso-1-8-1170x264.png 1170w, https:\/\/arisf.ca\/wp-content\/uploads\/sites\/4\/2024\/12\/NEWCODEXRecurso-1-8-370x84.png 370w, https:\/\/arisf.ca\/wp-content\/uploads\/sites\/4\/2024\/12\/NEWCODEXRecurso-1-8-768x173.png 768w, https:\/\/arisf.ca\/wp-content\/uploads\/sites\/4\/2024\/12\/NEWCODEXRecurso-1-8-1536x347.png 1536w, https:\/\/arisf.ca\/wp-content\/uploads\/sites\/4\/2024\/12\/NEWCODEXRecurso-1-8-18x4.png 18w, https:\/\/arisf.ca\/wp-content\/uploads\/sites\/4\/2024\/12\/NEWCODEXRecurso-1-8.png 1722w\" sizes=\"(max-width: 555px) 100vw, 555px\" \/><\/div>\n\t\t<\/figure>\n\t<\/div>\n<\/div><\/div><\/div><div class=\"wpb_column vc_column_container vc_col-sm-3\"><div class=\"vc_column-inner\"><div class=\"wpb_wrapper\">\n\t<div  class=\"wpb_single_image wpb_content_element vc_align_center\">\n\t\t\n\t\t<figure class=\"wpb_wrapper vc_figure\">\n\t\t\t<div class=\"vc_single_image-wrapper   vc_box_border_grey\"><img loading=\"lazy\" decoding=\"async\" width=\"555\" height=\"217\" src=\"https:\/\/arisf.ca\/wp-content\/uploads\/sites\/4\/2026\/02\/WhatsApp-Image-2026-02-23-at-08.03.16-Photoroom-555x217.png\" class=\"vc_single_image-img attachment-medium\" alt=\"\" title=\"WhatsApp Image 2026-02-23 at 08.03.16-Photoroom\" srcset=\"https:\/\/arisf.ca\/wp-content\/uploads\/sites\/4\/2026\/02\/WhatsApp-Image-2026-02-23-at-08.03.16-Photoroom-555x217.png 555w, https:\/\/arisf.ca\/wp-content\/uploads\/sites\/4\/2026\/02\/WhatsApp-Image-2026-02-23-at-08.03.16-Photoroom-1170x457.png 1170w, https:\/\/arisf.ca\/wp-content\/uploads\/sites\/4\/2026\/02\/WhatsApp-Image-2026-02-23-at-08.03.16-Photoroom-370x145.png 370w, https:\/\/arisf.ca\/wp-content\/uploads\/sites\/4\/2026\/02\/WhatsApp-Image-2026-02-23-at-08.03.16-Photoroom-768x300.png 768w, https:\/\/arisf.ca\/wp-content\/uploads\/sites\/4\/2026\/02\/WhatsApp-Image-2026-02-23-at-08.03.16-Photoroom-18x7.png 18w, https:\/\/arisf.ca\/wp-content\/uploads\/sites\/4\/2026\/02\/WhatsApp-Image-2026-02-23-at-08.03.16-Photoroom.png 1280w\" sizes=\"(max-width: 555px) 100vw, 555px\" \/><\/div>\n\t\t<\/figure>\n\t<\/div>\n<\/div><\/div><\/div><div class=\"wpb_column vc_column_container vc_col-sm-3\"><div class=\"vc_column-inner\"><div class=\"wpb_wrapper\">\n\t<div  class=\"wpb_single_image wpb_content_element vc_align_center\">\n\t\t\n\t\t<figure class=\"wpb_wrapper vc_figure\">\n\t\t\t<div class=\"vc_single_image-wrapper   vc_box_border_grey\"><img loading=\"lazy\" decoding=\"async\" width=\"217\" height=\"230\" src=\"https:\/\/arisf.ca\/wp-content\/uploads\/sites\/4\/2026\/02\/WhatsApp-Image-2026-02-23-at-08.07.16-Photoroom.png\" class=\"vc_single_image-img attachment-medium\" alt=\"\" title=\"WhatsApp Image 2026-02-23 at 08.07.16-Photoroom\" srcset=\"https:\/\/arisf.ca\/wp-content\/uploads\/sites\/4\/2026\/02\/WhatsApp-Image-2026-02-23-at-08.07.16-Photoroom.png 217w, https:\/\/arisf.ca\/wp-content\/uploads\/sites\/4\/2026\/02\/WhatsApp-Image-2026-02-23-at-08.07.16-Photoroom-11x12.png 11w\" sizes=\"(max-width: 217px) 100vw, 217px\" \/><\/div>\n\t\t<\/figure>\n\t<\/div>\n<\/div><\/div><\/div><\/div><div class=\"vc_row wpb_row vc_row-fluid\"><div class=\"wpb_column vc_column_container vc_col-sm-12\"><div class=\"vc_column-inner\"><div class=\"wpb_wrapper\"><div class=\"vc_empty_space\"   style=\"height: 32px\"><span class=\"vc_empty_space_inner\"><\/span><\/div><\/div><\/div><\/div><\/div><div class=\"vc_row wpb_row vc_row-fluid vc_row-o-content-middle vc_row-flex\"><div class=\"wpb_column vc_column_container vc_col-sm-3\"><div class=\"vc_column-inner\"><div class=\"wpb_wrapper\">\n\t<div  class=\"wpb_single_image wpb_content_element vc_align_center\">\n\t\t\n\t\t<figure class=\"wpb_wrapper vc_figure\">\n\t\t\t<div class=\"vc_single_image-wrapper   vc_box_border_grey\"><img loading=\"lazy\" decoding=\"async\" width=\"664\" height=\"300\" src=\"https:\/\/arisf.ca\/wp-content\/uploads\/sites\/4\/2026\/02\/WhatsApp-Image-2026-02-23-at-08.07.15-Photoroom.png\" class=\"vc_single_image-img attachment-full\" alt=\"\" title=\"WhatsApp Image 2026-02-23 at 08.07.15-Photoroom\" srcset=\"https:\/\/arisf.ca\/wp-content\/uploads\/sites\/4\/2026\/02\/WhatsApp-Image-2026-02-23-at-08.07.15-Photoroom.png 664w, https:\/\/arisf.ca\/wp-content\/uploads\/sites\/4\/2026\/02\/WhatsApp-Image-2026-02-23-at-08.07.15-Photoroom-555x251.png 555w, https:\/\/arisf.ca\/wp-content\/uploads\/sites\/4\/2026\/02\/WhatsApp-Image-2026-02-23-at-08.07.15-Photoroom-370x167.png 370w, https:\/\/arisf.ca\/wp-content\/uploads\/sites\/4\/2026\/02\/WhatsApp-Image-2026-02-23-at-08.07.15-Photoroom-18x8.png 18w\" sizes=\"(max-width: 664px) 100vw, 664px\" \/><\/div>\n\t\t<\/figure>\n\t<\/div>\n<\/div><\/div><\/div><div class=\"wpb_column vc_column_container vc_col-sm-3\"><div class=\"vc_column-inner\"><div class=\"wpb_wrapper\">\n\t<div  class=\"wpb_single_image wpb_content_element vc_align_center\">\n\t\t\n\t\t<figure class=\"wpb_wrapper vc_figure\">\n\t\t\t<div class=\"vc_single_image-wrapper   vc_box_border_grey\"><img loading=\"lazy\" decoding=\"async\" width=\"456\" height=\"175\" src=\"https:\/\/arisf.ca\/wp-content\/uploads\/sites\/4\/2026\/02\/WhatsApp-Image-2026-02-23-at-08.03.17-Photoroom.png\" class=\"vc_single_image-img attachment-medium\" alt=\"\" title=\"WhatsApp Image 2026-02-23 at 08.03.17-Photoroom\" srcset=\"https:\/\/arisf.ca\/wp-content\/uploads\/sites\/4\/2026\/02\/WhatsApp-Image-2026-02-23-at-08.03.17-Photoroom.png 456w, https:\/\/arisf.ca\/wp-content\/uploads\/sites\/4\/2026\/02\/WhatsApp-Image-2026-02-23-at-08.03.17-Photoroom-370x142.png 370w, https:\/\/arisf.ca\/wp-content\/uploads\/sites\/4\/2026\/02\/WhatsApp-Image-2026-02-23-at-08.03.17-Photoroom-18x7.png 18w\" sizes=\"(max-width: 456px) 100vw, 456px\" \/><\/div>\n\t\t<\/figure>\n\t<\/div>\n<\/div><\/div><\/div><div class=\"wpb_column vc_column_container vc_col-sm-3\"><div class=\"vc_column-inner\"><div class=\"wpb_wrapper\"><\/div><\/div><\/div><div class=\"wpb_column vc_column_container vc_col-sm-3\"><div class=\"vc_column-inner\"><div class=\"wpb_wrapper\"><\/div><\/div><\/div><\/div><div data-vc-full-width=\"true\" data-vc-full-width-init=\"false\" class=\"vc_row wpb_row vc_row-fluid vc_custom_1696269596210\"><div class=\"wpb_column vc_column_container vc_col-sm-12\"><div class=\"vc_column-inner\"><div class=\"wpb_wrapper\"><div class=\"vc_row wpb_row vc_inner vc_row-fluid\"><div class=\"wpb_column vc_column_container vc_col-sm-12 vc_col-lg-offset-1 vc_col-lg-10\"><div class=\"vc_column-inner\"><div class=\"wpb_wrapper\"><div class=\"red-heading vc_custom_1768362532830 layout-default text-center\"><h2 class=\"heading\" style=\"font-size: 44px;line-height: 57px;letter-spacing:-0.06em\"><span class=\"style5\">B\u00e9n\u00e9volat<\/span> <\/h2><\/div><\/div><\/div><\/div><\/div>\r\n\t<div class=\"wpb_text_column wpb_content_element\">\r\n\t\t<div class=\"wpb_wrapper\">\r\n\t\t\t<h4 style=\"text-align: center\">Donnez de votre temps, recevez une communaut\u00e9.<\/h4>\n<h4 style=\"text-align: left\">Vous avez du talent, de l'\u00e9nergie ou une expertise \u00e0 partager ? Devenez b\u00e9n\u00e9vole \u00e0 l'ARISF et participez activement \u00e0 l'accueil de vos nouveaux voisins.<\/h4>\n\r\n\t\t<\/div>\r\n\t<\/div>\r\n\r\n\t<div class=\"wpb_text_column wpb_content_element\">\r\n\t\t<div class=\"wpb_wrapper\">\r\n\t\t\t<ul>\n<li data-start=\"1793\" data-end=\"1913\">\n<h4><strong data-start=\"1793\" data-end=\"1809\">Pourquoi nous rejoindre?<\/strong> Pour vivre une exp\u00e9rience humaine unique, enrichir votre CV et participer \u00e0 l'organisation du Festival Petit Open.<\/h4>\n<\/li>\n<li data-start=\"1916\" data-end=\"2058\">\n<h4><strong data-start=\"1916\" data-end=\"1936\">Profils recherch\u00e9s:<\/strong> Mentors en affaires, aide administrative, logistique \u00e9v\u00e9nementielle, photographes, et bien plus!<\/h4>\n<\/li>\n<\/ul>\n\r\n\t\t<\/div>\r\n\t<\/div>\r\n<\/div><\/div><\/div><\/div><div class=\"vc_row-full-width vc_clearfix\"><\/div><div class=\"vc_row wpb_row vc_row-fluid\"><div class=\"wpb_column vc_column_container vc_col-sm-3\"><div class=\"vc_column-inner\"><div class=\"wpb_wrapper\"><\/div><\/div><\/div><div class=\"wpb_column vc_column_container vc_col-sm-6\"><div class=\"vc_column-inner\"><div class=\"wpb_wrapper\"><div class=\"vc_empty_space\"   style=\"height: 32px\"><span class=\"vc_empty_space_inner\"><\/span><\/div><div class=\"vc_btn3-container vc_btn3-center\" ><a class=\"vc_general vc_btn3 vc_btn3-size-md vc_btn3-shape-rounded vc_btn3-style-modern vc_btn3-icon-left vc_btn3-color-danger\" href=\"https:\/\/arisf.ca\/fr\/volunteering\/\" title=\"\"><i class=\"vc_btn3-icon fas fa-angle-right\"><\/i> Become a Volunteer<\/a><\/div><\/div><\/div><\/div><div class=\"wpb_column vc_column_container vc_col-sm-3\"><div class=\"vc_column-inner\"><div class=\"wpb_wrapper\"><\/div><\/div><\/div><\/div><div data-vc-full-width=\"true\" data-vc-full-width-init=\"false\" class=\"vc_row wpb_row vc_row-fluid vc_custom_1696269596210\"><div class=\"wpb_column vc_column_container vc_col-sm-12\"><div class=\"vc_column-inner\"><div class=\"wpb_wrapper\"><div class=\"vc_row wpb_row vc_inner vc_row-fluid\"><div class=\"wpb_column vc_column_container vc_col-sm-12 vc_col-lg-offset-1 vc_col-lg-10\"><div class=\"vc_column-inner\"><div class=\"wpb_wrapper\"><div class=\"red-heading vc_custom_1768362871799 layout-default text-center\"><h2 class=\"heading\" style=\"font-size: 44px;line-height: 57px;letter-spacing:-0.06em\"><span class=\"style5\">Faire un Don<\/span> <\/h2><\/div><\/div><\/div><\/div><\/div>\r\n\t<div class=\"wpb_text_column wpb_content_element\">\r\n\t\t<div class=\"wpb_wrapper\">\r\n\t\t\t<h4 style=\"text-align: center\">Chaque geste compte pour b\u00e2tir des ponts.<\/h4>\n<h4 style=\"text-align: left\">Votre g\u00e9n\u00e9rosit\u00e9 est le moteur de notre ind\u00e9pendance et de notre cr\u00e9ativit\u00e9. En donnant \u00e0 l'ARISF, vous soutenez directement:<\/h4>\n\r\n\t\t<\/div>\r\n\t<\/div>\r\n\r\n\t<div class=\"wpb_text_column wpb_content_element\">\r\n\t\t<div class=\"wpb_wrapper\">\r\n\t\t\t<ul>\n<li data-start=\"2227\" data-end=\"2265\">\n<h4 style=\"text-align: left\">Le financement des ateliers gratuits pour les r\u00e9fugi\u00e9s.<\/h4>\n<\/li>\n<li style=\"text-align: left\" data-start=\"2268\" data-end=\"2314\">\n<h4>L'organisation du festival culturel Petit Open.<\/h4>\n<\/li>\n<li style=\"text-align: left\" data-start=\"2268\" data-end=\"2314\">\n<h4>L'achat de mat\u00e9riel pour les entrepreneurs en d\u00e9marrage.<\/h4>\n<\/li>\n<li style=\"list-style-type: none\"><\/li>\n<\/ul>\n\r\n\t\t<\/div>\r\n\t<\/div>\r\n<\/div><\/div><\/div><\/div><div class=\"vc_row-full-width vc_clearfix\"><\/div><div class=\"vc_row wpb_row vc_row-fluid\"><div class=\"wpb_column vc_column_container vc_col-sm-3\"><div class=\"vc_column-inner\"><div class=\"wpb_wrapper\"><\/div><\/div><\/div><div class=\"wpb_column vc_column_container vc_col-sm-6\"><div class=\"vc_column-inner\"><div class=\"wpb_wrapper\"><div class=\"vc_empty_space\"   style=\"height: 32px\"><span class=\"vc_empty_space_inner\"><\/span><\/div><div class=\"vc_btn3-container vc_btn3-center\" ><a class=\"vc_general vc_btn3 vc_btn3-size-md vc_btn3-shape-rounded vc_btn3-style-modern vc_btn3-icon-left vc_btn3-color-danger\" href=\"https:\/\/donate.stripe.com\/fZe9BtfvH7SjaIM3cg\" title=\"\"><i class=\"vc_btn3-icon fas fa-angle-right\"><\/i> Faire un Don<\/a><\/div><\/div><\/div><\/div><div class=\"wpb_column vc_column_container vc_col-sm-3\"><div class=\"vc_column-inner\"><div class=\"wpb_wrapper\"><\/div><\/div><\/div><\/div><div class=\"vc_row wpb_row vc_row-fluid\"><div class=\"wpb_column vc_column_container vc_col-sm-12\"><div class=\"vc_column-inner\"><div class=\"wpb_wrapper\"><div class=\"vc_empty_space\"   style=\"height: 32px\"><span class=\"vc_empty_space_inner\"><\/span><\/div><\/div><\/div><\/div><\/div><div class=\"vc_row wpb_row vc_row-fluid\"><div class=\"wpb_column vc_column_container vc_col-sm-12\"><div class=\"vc_column-inner\"><div class=\"wpb_wrapper\"><div class=\"vc_empty_space\"   style=\"height: 32px\"><span class=\"vc_empty_space_inner\"><\/span><\/div><\/div><\/div><\/div><\/div><div class=\"vc_row wpb_row vc_row-fluid\"><div class=\"wpb_column vc_column_container vc_col-sm-12\"><div class=\"vc_column-inner\"><div class=\"wpb_wrapper\"><div class=\"vc_empty_space\"   style=\"height: 32px\"><span class=\"vc_empty_space_inner\"><\/span><\/div><\/div><\/div><\/div><\/div>\n<\/section>","protected":false},"excerpt":{"rendered":"Our Service Offerings Concrete solutions for your new life in Ottawa and Gatineau. Settlement Support Personalized assistance with administrative procedures, housing search, and school\/health system orientation. Entrepreneurial Pathway Training workshops","protected":false},"author":1,"featured_media":0,"parent":0,"menu_order":0,"comment_status":"closed","ping_status":"closed","template":"","meta":{"footnotes":""},"class_list":["post-2398","page","type-page","status-publish","hentry"],"_links":{"self":[{"href":"https:\/\/arisf.ca\/fr\/wp-json\/wp\/v2\/pages\/2398"}],"collection":[{"href":"https:\/\/arisf.ca\/fr\/wp-json\/wp\/v2\/pages"}],"about":[{"href":"https:\/\/arisf.ca\/fr\/wp-json\/wp\/v2\/types\/page"}],"author":[{"embeddable":true,"href":"https:\/\/arisf.ca\/fr\/wp-json\/wp\/v2\/users\/1"}],"replies":[{"embeddable":true,"href":"https:\/\/arisf.ca\/fr\/wp-json\/wp\/v2\/comments?post=2398"}],"version-history":[{"count":19,"href":"https:\/\/arisf.ca\/fr\/wp-json\/wp\/v2\/pages\/2398\/revisions"}],"predecessor-version":[{"id":3547,"href":"https:\/\/arisf.ca\/fr\/wp-json\/wp\/v2\/pages\/2398\/revisions\/3547"}],"wp:attachment":[{"href":"https:\/\/arisf.ca\/fr\/wp-json\/wp\/v2\/media?parent=2398"}],"curies":[{"name":"wp","href":"https:\/\/api.w.org\/{rel}","templated":true}]}}