{"id":2409,"date":"2024-05-13T12:07:37","date_gmt":"2024-05-13T17:07:37","guid":{"rendered":"https:\/\/arisf.ca\/?page_id=2409"},"modified":"2025-07-07T13:21:36","modified_gmt":"2025-07-07T18:21:36","slug":"board-of-directors","status":"publish","type":"page","link":"https:\/\/arisf.ca\/fr\/board-of-directors\/","title":{"rendered":"Conseil d'Administration"},"content":{"rendered":"<section class=\"wpb-content-wrapper\"><div data-vc-full-width=\"true\" data-vc-full-width-init=\"false\" class=\"vc_row wpb_row vc_row-fluid vc_custom_1696269596210\"><div class=\"wpb_column vc_column_container vc_col-sm-12\"><div class=\"vc_column-inner\"><div class=\"wpb_wrapper\"><div class=\"vc_row wpb_row vc_inner vc_row-fluid\"><div class=\"wpb_column vc_column_container vc_col-sm-12 vc_col-lg-offset-1 vc_col-lg-10\"><div class=\"vc_column-inner\"><div class=\"wpb_wrapper\"><div class=\"red-heading vc_custom_1715619952530 layout-default text-center\"><h2 class=\"heading\" style=\"font-size: 44px;line-height: 57px;letter-spacing:-0.06em\"><span class=\"style5\">Conseil d'Administration<\/span> <\/h2><\/div><\/div><\/div><\/div><\/div>\r\n\t<div class=\"wpb_text_column wpb_content_element\">\r\n\t\t<div class=\"wpb_wrapper\">\r\n\t\t\t<h4 style=\"text-align: left\"><span style=\"color: #000000\">Notre conseil d'administration est compos\u00e9 d'une \u00e9quipe d\u00e9vou\u00e9e de leaders et de professionnels engag\u00e9s envers la mission et la vision d'ARISF au Canada. Travaillant en \u00e9troite collaboration avec l'\u00e9quipe de direction, le conseil fournit une orientation strat\u00e9gique, une supervision et un soutien pour assurer le succ\u00e8s continu de nos programmes et projets. Forts d'une vaste exp\u00e9rience dans divers domaines et d'un profond engagement envers la cause humanitaire, notre conseil d'administration joue un r\u00f4le essentiel dans la direction et le renforcement de l'impact d'ARISF dans la communaut\u00e9 canadienne.<\/span><\/h4>\n\r\n\t\t<\/div>\r\n\t<\/div>\r\n<\/div><\/div><\/div><\/div><div class=\"vc_row-full-width vc_clearfix\"><\/div><div class=\"vc_row wpb_row vc_row-fluid\"><div class=\"wpb_column vc_column_container vc_col-sm-12\"><div class=\"vc_column-inner\"><div class=\"wpb_wrapper\"><div class=\"vc_empty_space\"   style=\"height: 32px\"><span class=\"vc_empty_space_inner\"><\/span><\/div><\/div><\/div><\/div><\/div><div class=\"vc_row wpb_row vc_row-fluid\"><div class=\"wpb_column vc_column_container vc_col-sm-12\"><div class=\"vc_column-inner\"><div class=\"wpb_wrapper\"><div class=\"vc_empty_space\"   style=\"height: 32px\"><span class=\"vc_empty_space_inner\"><\/span><\/div>\r\n\t<div class=\"wpb_text_column wpb_content_element\">\r\n\t\t<div class=\"wpb_wrapper\">\r\n\t\t\t<h1 style=\"text-align: center\"><strong><span style=\"color: #000000\">Partenaires<\/span><\/strong><\/h1>\n\r\n\t\t<\/div>\r\n\t<\/div>\r\n<\/div><\/div><\/div><\/div><div class=\"vc_row wpb_row vc_row-fluid\"><div class=\"wpb_column vc_column_container vc_col-sm-12\"><div class=\"vc_column-inner\"><div class=\"wpb_wrapper\"><div class=\"vc_empty_space\"   style=\"height: 32px\"><span class=\"vc_empty_space_inner\"><\/span><\/div><\/div><\/div><\/div><\/div><div class=\"vc_row wpb_row vc_row-fluid vc_row-o-content-middle vc_row-flex\"><div class=\"wpb_column vc_column_container vc_col-sm-4\"><div class=\"vc_column-inner\"><div class=\"wpb_wrapper\">\n\t<div  class=\"wpb_single_image wpb_content_element vc_align_center\">\n\t\t\n\t\t<figure class=\"wpb_wrapper vc_figure\">\n\t\t\t<div class=\"vc_single_image-wrapper   vc_box_border_grey\"><img loading=\"lazy\" decoding=\"async\" width=\"1280\" height=\"640\" src=\"https:\/\/arisf.ca\/wp-content\/uploads\/sites\/4\/2025\/03\/WhatsApp-Image-2025-03-25-at-08.59.20-1-Photoroom.png\" class=\"vc_single_image-img attachment-full\" alt=\"\" title=\"WhatsApp Image 2025-03-25 at 08.59.20 (1)-Photoroom\" srcset=\"https:\/\/arisf.ca\/wp-content\/uploads\/sites\/4\/2025\/03\/WhatsApp-Image-2025-03-25-at-08.59.20-1-Photoroom.png 1280w, https:\/\/arisf.ca\/wp-content\/uploads\/sites\/4\/2025\/03\/WhatsApp-Image-2025-03-25-at-08.59.20-1-Photoroom-555x278.png 555w, https:\/\/arisf.ca\/wp-content\/uploads\/sites\/4\/2025\/03\/WhatsApp-Image-2025-03-25-at-08.59.20-1-Photoroom-1050x525.png 1050w, https:\/\/arisf.ca\/wp-content\/uploads\/sites\/4\/2025\/03\/WhatsApp-Image-2025-03-25-at-08.59.20-1-Photoroom-370x185.png 370w, https:\/\/arisf.ca\/wp-content\/uploads\/sites\/4\/2025\/03\/WhatsApp-Image-2025-03-25-at-08.59.20-1-Photoroom-768x384.png 768w, https:\/\/arisf.ca\/wp-content\/uploads\/sites\/4\/2025\/03\/WhatsApp-Image-2025-03-25-at-08.59.20-1-Photoroom-18x9.png 18w\" sizes=\"(max-width: 1280px) 100vw, 1280px\" \/><\/div>\n\t\t<\/figure>\n\t<\/div>\n<\/div><\/div><\/div><div class=\"wpb_column vc_column_container vc_col-sm-4\"><div class=\"vc_column-inner\"><div class=\"wpb_wrapper\">\n\t<div  class=\"wpb_single_image wpb_content_element vc_align_center\">\n\t\t\n\t\t<figure class=\"wpb_wrapper vc_figure\">\n\t\t\t<div class=\"vc_single_image-wrapper   vc_box_border_grey\"><img loading=\"lazy\" decoding=\"async\" width=\"1080\" height=\"1080\" src=\"https:\/\/arisf.ca\/wp-content\/uploads\/sites\/4\/2025\/03\/WhatsApp-Image-2025-03-25-at-08.59.23-4-Photoroom.png\" class=\"vc_single_image-img attachment-full\" alt=\"\" title=\"WhatsApp Image 2025-03-25 at 08.59.23 (4)-Photoroom\" srcset=\"https:\/\/arisf.ca\/wp-content\/uploads\/sites\/4\/2025\/03\/WhatsApp-Image-2025-03-25-at-08.59.23-4-Photoroom.png 1080w, https:\/\/arisf.ca\/wp-content\/uploads\/sites\/4\/2025\/03\/WhatsApp-Image-2025-03-25-at-08.59.23-4-Photoroom-345x345.png 345w, https:\/\/arisf.ca\/wp-content\/uploads\/sites\/4\/2025\/03\/WhatsApp-Image-2025-03-25-at-08.59.23-4-Photoroom-525x525.png 525w, https:\/\/arisf.ca\/wp-content\/uploads\/sites\/4\/2025\/03\/WhatsApp-Image-2025-03-25-at-08.59.23-4-Photoroom-370x370.png 370w, https:\/\/arisf.ca\/wp-content\/uploads\/sites\/4\/2025\/03\/WhatsApp-Image-2025-03-25-at-08.59.23-4-Photoroom-768x768.png 768w, https:\/\/arisf.ca\/wp-content\/uploads\/sites\/4\/2025\/03\/WhatsApp-Image-2025-03-25-at-08.59.23-4-Photoroom-12x12.png 12w, https:\/\/arisf.ca\/wp-content\/uploads\/sites\/4\/2025\/03\/WhatsApp-Image-2025-03-25-at-08.59.23-4-Photoroom-250x250.png 250w\" sizes=\"(max-width: 1080px) 100vw, 1080px\" \/><\/div>\n\t\t<\/figure>\n\t<\/div>\n<\/div><\/div><\/div><div class=\"wpb_column vc_column_container vc_col-sm-4\"><div class=\"vc_column-inner\"><div class=\"wpb_wrapper\">\n\t<div  class=\"wpb_single_image wpb_content_element vc_align_center\">\n\t\t\n\t\t<figure class=\"wpb_wrapper vc_figure\">\n\t\t\t<div class=\"vc_single_image-wrapper   vc_box_border_grey\"><img loading=\"lazy\" decoding=\"async\" width=\"345\" height=\"345\" src=\"https:\/\/arisf.ca\/wp-content\/uploads\/sites\/4\/2025\/03\/WhatsApp-Image-2025-03-25-at-08.59.23-3-1-345x345.jpeg\" class=\"vc_single_image-img attachment-medium\" alt=\"\" title=\"WhatsApp Image 2025-03-25 at 08.59.23 (3)\" srcset=\"https:\/\/arisf.ca\/wp-content\/uploads\/sites\/4\/2025\/03\/WhatsApp-Image-2025-03-25-at-08.59.23-3-1-345x345.jpeg 345w, https:\/\/arisf.ca\/wp-content\/uploads\/sites\/4\/2025\/03\/WhatsApp-Image-2025-03-25-at-08.59.23-3-1-525x525.jpeg 525w, https:\/\/arisf.ca\/wp-content\/uploads\/sites\/4\/2025\/03\/WhatsApp-Image-2025-03-25-at-08.59.23-3-1-370x370.jpeg 370w, https:\/\/arisf.ca\/wp-content\/uploads\/sites\/4\/2025\/03\/WhatsApp-Image-2025-03-25-at-08.59.23-3-1-768x768.jpeg 768w, https:\/\/arisf.ca\/wp-content\/uploads\/sites\/4\/2025\/03\/WhatsApp-Image-2025-03-25-at-08.59.23-3-1-12x12.jpeg 12w, https:\/\/arisf.ca\/wp-content\/uploads\/sites\/4\/2025\/03\/WhatsApp-Image-2025-03-25-at-08.59.23-3-1-250x250.jpeg 250w, https:\/\/arisf.ca\/wp-content\/uploads\/sites\/4\/2025\/03\/WhatsApp-Image-2025-03-25-at-08.59.23-3-1.jpeg 1500w\" sizes=\"(max-width: 345px) 100vw, 345px\" \/><\/div>\n\t\t<\/figure>\n\t<\/div>\n<\/div><\/div><\/div><\/div><div class=\"vc_row wpb_row vc_row-fluid vc_row-o-content-middle vc_row-flex\"><div class=\"wpb_column vc_column_container vc_col-sm-4\"><div class=\"vc_column-inner\"><div class=\"wpb_wrapper\">\n\t<div  class=\"wpb_single_image wpb_content_element vc_align_center\">\n\t\t\n\t\t<figure class=\"wpb_wrapper vc_figure\">\n\t\t\t<div class=\"vc_single_image-wrapper   vc_box_border_grey\"><img loading=\"lazy\" decoding=\"async\" class=\"vc_single_image-img\" src=\"https:\/\/arisf.ca\/wp-content\/uploads\/sites\/4\/2024\/12\/WhatsApp-Image-2024-11-19-at-12.15.03-1-Photoroom-250x250.png\" width=\"250\" height=\"250\" alt=\"WhatsApp Image 2024-11-19 at 12.15.03 (1)-Photoroom\" title=\"WhatsApp Image 2024-11-19 at 12.15.03 (1)-Photoroom\" \/><\/div>\n\t\t<\/figure>\n\t<\/div>\n<\/div><\/div><\/div><div class=\"wpb_column vc_column_container vc_col-sm-4\"><div class=\"vc_column-inner\"><div class=\"wpb_wrapper\">\n\t<div  class=\"wpb_single_image wpb_content_element vc_align_center\">\n\t\t\n\t\t<figure class=\"wpb_wrapper vc_figure\">\n\t\t\t<div class=\"vc_single_image-wrapper   vc_box_border_grey\"><img loading=\"lazy\" decoding=\"async\" width=\"555\" height=\"278\" src=\"https:\/\/arisf.ca\/wp-content\/uploads\/sites\/4\/2024\/12\/WhatsApp-Image-2024-11-19-at-12.15.02-Photoroom-555x278.png\" class=\"vc_single_image-img attachment-medium\" alt=\"\" title=\"WhatsApp Image 2024-11-19 at 12.15.02-Photoroom\" srcset=\"https:\/\/arisf.ca\/wp-content\/uploads\/sites\/4\/2024\/12\/WhatsApp-Image-2024-11-19-at-12.15.02-Photoroom-555x278.png 555w, https:\/\/arisf.ca\/wp-content\/uploads\/sites\/4\/2024\/12\/WhatsApp-Image-2024-11-19-at-12.15.02-Photoroom-1050x525.png 1050w, https:\/\/arisf.ca\/wp-content\/uploads\/sites\/4\/2024\/12\/WhatsApp-Image-2024-11-19-at-12.15.02-Photoroom-370x185.png 370w, https:\/\/arisf.ca\/wp-content\/uploads\/sites\/4\/2024\/12\/WhatsApp-Image-2024-11-19-at-12.15.02-Photoroom-768x384.png 768w, https:\/\/arisf.ca\/wp-content\/uploads\/sites\/4\/2024\/12\/WhatsApp-Image-2024-11-19-at-12.15.02-Photoroom-18x9.png 18w, https:\/\/arisf.ca\/wp-content\/uploads\/sites\/4\/2024\/12\/WhatsApp-Image-2024-11-19-at-12.15.02-Photoroom.png 1200w\" sizes=\"(max-width: 555px) 100vw, 555px\" \/><\/div>\n\t\t<\/figure>\n\t<\/div>\n<\/div><\/div><\/div><div class=\"wpb_column vc_column_container vc_col-sm-4\"><div class=\"vc_column-inner\"><div class=\"wpb_wrapper\">\n\t<div  class=\"wpb_single_image wpb_content_element vc_align_center\">\n\t\t\n\t\t<figure class=\"wpb_wrapper vc_figure\">\n\t\t\t<div class=\"vc_single_image-wrapper   vc_box_border_grey\"><img loading=\"lazy\" decoding=\"async\" width=\"224\" height=\"224\" src=\"https:\/\/arisf.ca\/wp-content\/uploads\/sites\/4\/2025\/03\/WhatsApp-Image-2025-03-25-at-08.59.20-2.png\" class=\"vc_single_image-img attachment-medium\" alt=\"\" title=\"WhatsApp Image 2025-03-25 at 08.59.20 (2)\" srcset=\"https:\/\/arisf.ca\/wp-content\/uploads\/sites\/4\/2025\/03\/WhatsApp-Image-2025-03-25-at-08.59.20-2.png 224w, https:\/\/arisf.ca\/wp-content\/uploads\/sites\/4\/2025\/03\/WhatsApp-Image-2025-03-25-at-08.59.20-2-12x12.png 12w\" sizes=\"(max-width: 224px) 100vw, 224px\" \/><\/div>\n\t\t<\/figure>\n\t<\/div>\n<\/div><\/div><\/div><\/div><div class=\"vc_row wpb_row vc_row-fluid\"><div class=\"wpb_column vc_column_container vc_col-sm-12\"><div class=\"vc_column-inner\"><div class=\"wpb_wrapper\"><div class=\"vc_empty_space\"   style=\"height: 32px\"><span class=\"vc_empty_space_inner\"><\/span><\/div><\/div><\/div><\/div><\/div><div class=\"vc_row wpb_row vc_row-fluid\"><div class=\"wpb_column vc_column_container vc_col-sm-4\"><div class=\"vc_column-inner\"><div class=\"wpb_wrapper\">\n\t<div  class=\"wpb_single_image wpb_content_element vc_align_center\">\n\t\t\n\t\t<figure class=\"wpb_wrapper vc_figure\">\n\t\t\t<div class=\"vc_single_image-wrapper   vc_box_border_grey\"><img loading=\"lazy\" decoding=\"async\" class=\"vc_single_image-img\" src=\"https:\/\/arisf.ca\/wp-content\/uploads\/sites\/4\/2024\/12\/WhatsApp-Image-2024-11-19-at-12.15.04-Photoroom-250x250.png\" width=\"250\" height=\"250\" alt=\"WhatsApp Image 2024-11-19 at 12.15.04-Photoroom\" title=\"WhatsApp Image 2024-11-19 at 12.15.04-Photoroom\" \/><\/div>\n\t\t<\/figure>\n\t<\/div>\n<\/div><\/div><\/div><div class=\"wpb_column vc_column_container vc_col-sm-4\"><div class=\"vc_column-inner\"><div class=\"wpb_wrapper\">\n\t<div  class=\"wpb_single_image wpb_content_element vc_align_center\">\n\t\t\n\t\t<figure class=\"wpb_wrapper vc_figure\">\n\t\t\t<div class=\"vc_single_image-wrapper   vc_box_border_grey\"><img loading=\"lazy\" decoding=\"async\" class=\"vc_single_image-img\" src=\"https:\/\/arisf.ca\/wp-content\/uploads\/sites\/4\/2024\/12\/casasomos.png\" width=\"250\" height=\"250\" alt=\"casasomos\" title=\"casasomos\" \/><\/div>\n\t\t<\/figure>\n\t<\/div>\n<\/div><\/div><\/div><div class=\"wpb_column vc_column_container vc_col-sm-4\"><div class=\"vc_column-inner\"><div class=\"wpb_wrapper\">\n\t<div  class=\"wpb_single_image wpb_content_element vc_align_center\">\n\t\t\n\t\t<figure class=\"wpb_wrapper vc_figure\">\n\t\t\t<div class=\"vc_single_image-wrapper   vc_box_border_grey\"><img loading=\"lazy\" decoding=\"async\" width=\"555\" height=\"125\" src=\"https:\/\/arisf.ca\/wp-content\/uploads\/sites\/4\/2024\/12\/NEWCODEXRecurso-1-8-555x125.png\" class=\"vc_single_image-img attachment-medium\" alt=\"\" title=\"NEWCODEXRecurso 1-8\" srcset=\"https:\/\/arisf.ca\/wp-content\/uploads\/sites\/4\/2024\/12\/NEWCODEXRecurso-1-8-555x125.png 555w, https:\/\/arisf.ca\/wp-content\/uploads\/sites\/4\/2024\/12\/NEWCODEXRecurso-1-8-1170x264.png 1170w, https:\/\/arisf.ca\/wp-content\/uploads\/sites\/4\/2024\/12\/NEWCODEXRecurso-1-8-370x84.png 370w, https:\/\/arisf.ca\/wp-content\/uploads\/sites\/4\/2024\/12\/NEWCODEXRecurso-1-8-768x173.png 768w, https:\/\/arisf.ca\/wp-content\/uploads\/sites\/4\/2024\/12\/NEWCODEXRecurso-1-8-1536x347.png 1536w, https:\/\/arisf.ca\/wp-content\/uploads\/sites\/4\/2024\/12\/NEWCODEXRecurso-1-8-18x4.png 18w, https:\/\/arisf.ca\/wp-content\/uploads\/sites\/4\/2024\/12\/NEWCODEXRecurso-1-8.png 1722w\" sizes=\"(max-width: 555px) 100vw, 555px\" \/><\/div>\n\t\t<\/figure>\n\t<\/div>\n<\/div><\/div><\/div><\/div><div class=\"vc_row wpb_row vc_row-fluid\"><div class=\"wpb_column vc_column_container vc_col-sm-12\"><div class=\"vc_column-inner\"><div class=\"wpb_wrapper\"><div class=\"vc_empty_space\"   style=\"height: 32px\"><span class=\"vc_empty_space_inner\"><\/span><\/div><\/div><\/div><\/div><\/div><div class=\"vc_row wpb_row vc_row-fluid\"><div class=\"wpb_column vc_column_container vc_col-sm-4\"><div class=\"vc_column-inner\"><div class=\"wpb_wrapper\">\n\t<div  class=\"wpb_single_image wpb_content_element vc_align_center\">\n\t\t\n\t\t<figure class=\"wpb_wrapper vc_figure\">\n\t\t\t<div class=\"vc_single_image-wrapper   vc_box_border_grey\"><img loading=\"lazy\" decoding=\"async\" class=\"vc_single_image-img\" src=\"https:\/\/arisf.ca\/wp-content\/uploads\/sites\/4\/2024\/12\/cruzroja-Photoroom.png\" width=\"250\" height=\"250\" alt=\"cruzroja-Photoroom\" title=\"cruzroja-Photoroom\" \/><\/div>\n\t\t<\/figure>\n\t<\/div>\n<\/div><\/div><\/div><div class=\"wpb_column vc_column_container vc_col-sm-4\"><div class=\"vc_column-inner\"><div class=\"wpb_wrapper\">\n\t<div  class=\"wpb_single_image wpb_content_element vc_align_center\">\n\t\t\n\t\t<figure class=\"wpb_wrapper vc_figure\">\n\t\t\t<div class=\"vc_single_image-wrapper   vc_box_border_grey\"><img loading=\"lazy\" decoding=\"async\" class=\"vc_single_image-img\" src=\"https:\/\/arisf.ca\/wp-content\/uploads\/sites\/4\/2024\/12\/logo-heaven-q3x02gb1v32h526wctisd6pmox6fbel0nwwn71k2n0.png\" width=\"150\" height=\"150\" alt=\"logo-heaven--q3x02gb1v32h526wctisd6pmox6fbel0nwwn71k2n0\" title=\"logo-heaven--q3x02gb1v32h526wctisd6pmox6fbel0nwwn71k2n0\" \/><\/div>\n\t\t<\/figure>\n\t<\/div>\n<\/div><\/div><\/div><div class=\"wpb_column vc_column_container vc_col-sm-4\"><div class=\"vc_column-inner\"><div class=\"wpb_wrapper\">\n\t<div  class=\"wpb_single_image wpb_content_element vc_align_center\">\n\t\t\n\t\t<figure class=\"wpb_wrapper vc_figure\">\n\t\t\t<div class=\"vc_single_image-wrapper   vc_box_border_grey\"><img loading=\"lazy\" decoding=\"async\" width=\"356\" height=\"141\" src=\"https:\/\/arisf.ca\/wp-content\/uploads\/sites\/4\/2024\/12\/images.png\" class=\"vc_single_image-img attachment-medium\" alt=\"\" title=\"images\" srcset=\"https:\/\/arisf.ca\/wp-content\/uploads\/sites\/4\/2024\/12\/images.png 356w, https:\/\/arisf.ca\/wp-content\/uploads\/sites\/4\/2024\/12\/images-18x7.png 18w\" sizes=\"(max-width: 356px) 100vw, 356px\" \/><\/div>\n\t\t<\/figure>\n\t<\/div>\n<\/div><\/div><\/div><\/div><div class=\"vc_row wpb_row vc_row-fluid\"><div class=\"wpb_column vc_column_container vc_col-sm-4\"><div class=\"vc_column-inner\"><div class=\"wpb_wrapper\">\n\t<div  class=\"wpb_single_image wpb_content_element vc_align_center\">\n\t\t\n\t\t<figure class=\"wpb_wrapper vc_figure\">\n\t\t\t<div class=\"vc_single_image-wrapper   vc_box_border_grey\"><img loading=\"lazy\" decoding=\"async\" width=\"300\" height=\"122\" src=\"https:\/\/arisf.ca\/wp-content\/uploads\/sites\/4\/2024\/12\/34-a-Photoroom.png\" class=\"vc_single_image-img attachment-full\" alt=\"\" title=\"34-a-Photoroom\" srcset=\"https:\/\/arisf.ca\/wp-content\/uploads\/sites\/4\/2024\/12\/34-a-Photoroom.png 300w, https:\/\/arisf.ca\/wp-content\/uploads\/sites\/4\/2024\/12\/34-a-Photoroom-18x7.png 18w\" sizes=\"(max-width: 300px) 100vw, 300px\" \/><\/div>\n\t\t<\/figure>\n\t<\/div>\n<\/div><\/div><\/div><div class=\"wpb_column vc_column_container vc_col-sm-4\"><div class=\"vc_column-inner\"><div class=\"wpb_wrapper\">\n\t<div  class=\"wpb_single_image wpb_content_element vc_align_center\">\n\t\t\n\t\t<figure class=\"wpb_wrapper vc_figure\">\n\t\t\t<div class=\"vc_single_image-wrapper   vc_box_border_grey\"><img loading=\"lazy\" decoding=\"async\" width=\"365\" height=\"138\" src=\"https:\/\/arisf.ca\/wp-content\/uploads\/sites\/4\/2024\/12\/images-2-Photoroom.png\" class=\"vc_single_image-img attachment-full\" alt=\"\" title=\"images (2)-Photoroom\" srcset=\"https:\/\/arisf.ca\/wp-content\/uploads\/sites\/4\/2024\/12\/images-2-Photoroom.png 365w, https:\/\/arisf.ca\/wp-content\/uploads\/sites\/4\/2024\/12\/images-2-Photoroom-18x7.png 18w\" sizes=\"(max-width: 365px) 100vw, 365px\" \/><\/div>\n\t\t<\/figure>\n\t<\/div>\n<\/div><\/div><\/div><div class=\"wpb_column vc_column_container vc_col-sm-4\"><div class=\"vc_column-inner\"><div class=\"wpb_wrapper\">\n\t<div  class=\"wpb_single_image wpb_content_element vc_align_center\">\n\t\t\n\t\t<figure class=\"wpb_wrapper vc_figure\">\n\t\t\t<div class=\"vc_single_image-wrapper   vc_box_border_grey\"><img loading=\"lazy\" decoding=\"async\" width=\"504\" height=\"345\" src=\"https:\/\/arisf.ca\/wp-content\/uploads\/sites\/4\/2024\/12\/8c779e_d44025729f83498495eb270041eedd2amv2-Photoroom-504x345.png\" class=\"vc_single_image-img attachment-medium\" alt=\"\" title=\"8c779e_d44025729f83498495eb270041eedd2a~mv2-Photoroom\" srcset=\"https:\/\/arisf.ca\/wp-content\/uploads\/sites\/4\/2024\/12\/8c779e_d44025729f83498495eb270041eedd2amv2-Photoroom-504x345.png 504w, https:\/\/arisf.ca\/wp-content\/uploads\/sites\/4\/2024\/12\/8c779e_d44025729f83498495eb270041eedd2amv2-Photoroom-768x525.png 768w, https:\/\/arisf.ca\/wp-content\/uploads\/sites\/4\/2024\/12\/8c779e_d44025729f83498495eb270041eedd2amv2-Photoroom-370x253.png 370w, https:\/\/arisf.ca\/wp-content\/uploads\/sites\/4\/2024\/12\/8c779e_d44025729f83498495eb270041eedd2amv2-Photoroom-18x12.png 18w, https:\/\/arisf.ca\/wp-content\/uploads\/sites\/4\/2024\/12\/8c779e_d44025729f83498495eb270041eedd2amv2-Photoroom.png 1000w\" sizes=\"(max-width: 504px) 100vw, 504px\" \/><\/div>\n\t\t<\/figure>\n\t<\/div>\n<\/div><\/div><\/div><\/div><div class=\"vc_row wpb_row vc_row-fluid\"><div class=\"wpb_column vc_column_container vc_col-sm-12\"><div class=\"vc_column-inner\"><div class=\"wpb_wrapper\"><div class=\"vc_empty_space\"   style=\"height: 32px\"><span class=\"vc_empty_space_inner\"><\/span><\/div><\/div><\/div><\/div><\/div>\n<\/section>","protected":false},"excerpt":{"rendered":"Board of Directors Our Board of Directors is comprised of a dedicated team of leaders and professionals committed to ARISF's mission and vision in Canada. Working closely with the management","protected":false},"author":1,"featured_media":0,"parent":0,"menu_order":0,"comment_status":"closed","ping_status":"closed","template":"","meta":{"footnotes":""},"class_list":["post-2409","page","type-page","status-publish","hentry"],"_links":{"self":[{"href":"https:\/\/arisf.ca\/fr\/wp-json\/wp\/v2\/pages\/2409"}],"collection":[{"href":"https:\/\/arisf.ca\/fr\/wp-json\/wp\/v2\/pages"}],"about":[{"href":"https:\/\/arisf.ca\/fr\/wp-json\/wp\/v2\/types\/page"}],"author":[{"embeddable":true,"href":"https:\/\/arisf.ca\/fr\/wp-json\/wp\/v2\/users\/1"}],"replies":[{"embeddable":true,"href":"https:\/\/arisf.ca\/fr\/wp-json\/wp\/v2\/comments?post=2409"}],"version-history":[{"count":8,"href":"https:\/\/arisf.ca\/fr\/wp-json\/wp\/v2\/pages\/2409\/revisions"}],"predecessor-version":[{"id":3309,"href":"https:\/\/arisf.ca\/fr\/wp-json\/wp\/v2\/pages\/2409\/revisions\/3309"}],"wp:attachment":[{"href":"https:\/\/arisf.ca\/fr\/wp-json\/wp\/v2\/media?parent=2409"}],"curies":[{"name":"wp","href":"https:\/\/api.w.org\/{rel}","templated":true}]}}