{"id":2301,"date":"2024-04-22T17:12:29","date_gmt":"2024-04-22T22:12:29","guid":{"rendered":"https:\/\/arisf.ca\/?post_type=product&#038;p=2301"},"modified":"2024-05-02T10:07:07","modified_gmt":"2024-05-02T15:07:07","slug":"abonnement-arisf","status":"publish","type":"product","link":"https:\/\/arisf.ca\/fr\/product\/abonnement-arisf\/","title":{"rendered":"Abonnement Arisf"},"content":{"rendered":"<section class=\"wpb-content-wrapper\"><div class=\"vc_row wpb_row vc_row-fluid\"><div class=\"wpb_column vc_column_container vc_col-sm-12\"><div class=\"vc_column-inner\"><div class=\"wpb_wrapper\"><h1 style=\"text-align: center\" class=\"vc_custom_heading\" >Description<\/h1>\r\n\t<div class=\"wpb_text_column wpb_content_element\">\r\n\t\t<div class=\"wpb_wrapper\">\r\n\t\t\t<h4><strong><span style=\"color: #000000\">D\u00e9couvrez tous les d\u00e9tails dans notre PDF informatif ! \ud83d\udcc4 Cliquez ici pour t\u00e9l\u00e9charger.<\/span><\/strong><\/h4>\n\r\n\t\t<\/div>\r\n\t<\/div>\r\n<h2 style=\"text-align: center\" class=\"vc_custom_heading\" ><a href=\"https:\/\/arisf.ca\/wp-content\/uploads\/sites\/4\/2024\/04\/FOLLETO-DE-INSCRIPCION-DE-INMIGRANTES.pdf\" target=\"_blank\">T\u00e9l\u00e9charger<\/a><\/h2><\/div><\/div><\/div><\/div>\n<\/section>","protected":false},"excerpt":{"rendered":"Description D\u00e9couvrez tous les d\u00e9tails dans notre PDF informatif ! \ud83d\udcc4 Cliquez ici pour t\u00e9l\u00e9charger. T\u00e9l\u00e9charger","protected":false},"featured_media":2303,"comment_status":"open","ping_status":"closed","template":"","meta":[],"product_cat":[50],"product_tag":[],"class_list":{"0":"post-2301","1":"product","2":"type-product","3":"status-publish","4":"has-post-thumbnail","6":"product_cat-uncategorized","8":"first","9":"instock","10":"sold-individually","11":"shipping-taxable","12":"purchasable","13":"product-type-simple"},"_links":{"self":[{"href":"https:\/\/arisf.ca\/fr\/wp-json\/wp\/v2\/product\/2301"}],"collection":[{"href":"https:\/\/arisf.ca\/fr\/wp-json\/wp\/v2\/product"}],"about":[{"href":"https:\/\/arisf.ca\/fr\/wp-json\/wp\/v2\/types\/product"}],"replies":[{"embeddable":true,"href":"https:\/\/arisf.ca\/fr\/wp-json\/wp\/v2\/comments?post=2301"}],"wp:featuredmedia":[{"embeddable":true,"href":"https:\/\/arisf.ca\/fr\/wp-json\/wp\/v2\/media\/2303"}],"wp:attachment":[{"href":"https:\/\/arisf.ca\/fr\/wp-json\/wp\/v2\/media?parent=2301"}],"wp:term":[{"taxonomy":"product_cat","embeddable":true,"href":"https:\/\/arisf.ca\/fr\/wp-json\/wp\/v2\/product_cat?post=2301"},{"taxonomy":"product_tag","embeddable":true,"href":"https:\/\/arisf.ca\/fr\/wp-json\/wp\/v2\/product_tag?post=2301"}],"curies":[{"name":"wp","href":"https:\/\/api.w.org\/{rel}","templated":true}]}}